{"id":2528,"date":"2025-04-17T18:54:52","date_gmt":"2025-04-17T18:54:52","guid":{"rendered":"https:\/\/ringstadhavna.com\/?page_id=2528"},"modified":"2025-04-27T19:04:51","modified_gmt":"2025-04-27T19:04:51","slug":"design-og-konstruksjon-av-prefabrikkerte-fjellhytter","status":"publish","type":"page","link":"https:\/\/ringstadhavna.com\/nb\/projects\/prefabricated-mountain-shelter-design-and-construction\/","title":{"rendered":"Design og konstruksjon av prefabrikkerte fjellhytter"},"content":{"rendered":"<div data-elementor-type=\"wp-post\" data-elementor-id=\"2528\" class=\"elementor elementor-2528\" data-elementor-post-type=\"page\">\n\t\t\t\t<div class=\"elementor-element elementor-element-a3d8d8b e-con-full e-flex e-con e-parent\" data-id=\"a3d8d8b\" data-element_type=\"container\" data-e-type=\"container\" data-settings=\"{&quot;background_background&quot;:&quot;classic&quot;}\">\n\t\t<div class=\"elementor-element elementor-element-f942d16 e-con-full e-flex e-con e-child\" data-id=\"f942d16\" data-element_type=\"container\" data-e-type=\"container\" data-settings=\"{&quot;background_background&quot;:&quot;gradient&quot;}\">\n\t\t\t\t<div class=\"elementor-element elementor-element-f366bfd animated-fast elementor-widget__width-initial elementor-widget-mobile__width-initial elementor-invisible elementor-widget elementor-widget-heading\" data-id=\"f366bfd\" data-element_type=\"widget\" data-e-type=\"widget\" data-settings=\"{&quot;_animation&quot;:&quot;fadeInUp&quot;}\" data-widget_type=\"heading.default\">\n\t\t\t\t<div class=\"elementor-widget-container\">\n\t\t\t\t\t<h1 class=\"elementor-heading-title elementor-size-default\">Design og konstruksjon av prefabrikkerte fjellhytter<\/h1>\t\t\t\t<\/div>\n\t\t\t\t<\/div>\n\t\t\t\t<\/div>\n\t\t\t\t<\/div>\n\t\t<div class=\"elementor-element elementor-element-16c82b9 e-flex e-con-boxed e-con e-parent\" data-id=\"16c82b9\" data-element_type=\"container\" data-e-type=\"container\" data-settings=\"{&quot;background_background&quot;:&quot;classic&quot;}\">\n\t\t\t\t\t<div class=\"e-con-inner\">\n\t\t\t\t<div class=\"elementor-element elementor-element-22fe5f9 elementor-invisible elementor-widget elementor-widget-text-editor\" data-id=\"22fe5f9\" data-element_type=\"widget\" data-e-type=\"widget\" data-settings=\"{&quot;_animation&quot;:&quot;fadeInUp&quot;}\" data-widget_type=\"text-editor.default\">\n\t\t\t\t<div class=\"elementor-widget-container\">\n\t\t\t\t\t\t\t\t\t<p>\u00c5 skape l\u00f8sninger for fjerntliggende milj\u00f8er krever b\u00e5de innovasjon og presisjon. I v\u00e5rt siste prosjekt - den <strong>Prefabrikkerte fjellhytter<\/strong> - leverte vi en struktur som kombinerer modul\u00e6r design, kompakt funksjonalitet og enest\u00e5ende holdbarhet, perfekt egnet for omr\u00e5der som bare er tilgjengelige med helikopter.<\/p>\t\t\t\t\t\t\t\t<\/div>\n\t\t\t\t<\/div>\n\t\t\t\t\t<\/div>\n\t\t\t\t<\/div>\n\t\t<div class=\"elementor-element elementor-element-866b66e e-flex e-con-boxed e-con e-parent\" data-id=\"866b66e\" data-element_type=\"container\" data-e-type=\"container\" data-settings=\"{&quot;background_background&quot;:&quot;classic&quot;,&quot;animation&quot;:&quot;none&quot;}\">\n\t\t\t\t\t<div class=\"e-con-inner\">\n\t\t\t\t<div class=\"elementor-element elementor-element-fe57cd3 elementor-arrows-position-inside elementor-pagination-position-outside elementor-invisible elementor-widget elementor-widget-image-carousel\" data-id=\"fe57cd3\" data-element_type=\"widget\" data-e-type=\"widget\" data-settings=\"{&quot;slides_to_show&quot;:&quot;5&quot;,&quot;_animation&quot;:&quot;fadeInUp&quot;,&quot;navigation&quot;:&quot;both&quot;,&quot;autoplay&quot;:&quot;yes&quot;,&quot;pause_on_hover&quot;:&quot;yes&quot;,&quot;pause_on_interaction&quot;:&quot;yes&quot;,&quot;autoplay_speed&quot;:5000,&quot;infinite&quot;:&quot;yes&quot;,&quot;speed&quot;:500,&quot;image_spacing_custom&quot;:{&quot;unit&quot;:&quot;px&quot;,&quot;size&quot;:20,&quot;sizes&quot;:[]},&quot;image_spacing_custom_tablet&quot;:{&quot;unit&quot;:&quot;px&quot;,&quot;size&quot;:&quot;&quot;,&quot;sizes&quot;:[]},&quot;image_spacing_custom_mobile&quot;:{&quot;unit&quot;:&quot;px&quot;,&quot;size&quot;:&quot;&quot;,&quot;sizes&quot;:[]}}\" data-widget_type=\"image-carousel.default\">\n\t\t\t\t<div class=\"elementor-widget-container\">\n\t\t\t\t\t\t\t<div class=\"elementor-image-carousel-wrapper swiper\" role=\"region\" aria-roledescription=\"carousel\" aria-label=\"Bildekarusell\" dir=\"ltr\">\n\t\t\t<div class=\"elementor-image-carousel swiper-wrapper swiper-image-stretch\" aria-live=\"off\">\n\t\t\t\t\t\t\t\t<div class=\"swiper-slide\" role=\"group\" aria-roledescription=\"slide\" aria-label=\"1 av 7\"><a data-elementor-open-lightbox=\"yes\" data-elementor-lightbox-slideshow=\"fe57cd3\" data-elementor-lightbox-title=\"Prefabricated Mountain Shelter Design and Construction\" data-elementor-lightbox-description=\"Prefabricated Mountain Shelter Design and Construction\" data-e-action-hash=\"#elementor-action%3Aaction%3Dlightbox%26settings%3DeyJpZCI6MjUzNSwidXJsIjoiaHR0cHM6XC9cL3JpbmdzdGFkaGF2bmEuY29tXC93cC1jb250ZW50XC91cGxvYWRzXC8yMDI1XC8wNFwvUHJlZmFicmljYXRlZC1Nb3VudGFpbi1TaGVsdGVyLURlc2lnbi1hbmQtQ29uc3RydWN0aW9uLnBuZyIsInNsaWRlc2hvdyI6ImZlNTdjZDMifQ%3D%3D\" href=\"https:\/\/ringstadhavna.com\/wp-content\/uploads\/2025\/04\/Prefabricated-Mountain-Shelter-Design-and-Construction.png\"><figure class=\"swiper-slide-inner\"><img decoding=\"async\" class=\"swiper-slide-image\" src=\"https:\/\/ringstadhavna.com\/wp-content\/uploads\/elementor\/thumbs\/Prefabricated-Mountain-Shelter-Design-and-Construction-r4zkpzmb7us5dc5h6m1yp8h6jknxkq8aljk72r74yk.png\" alt=\"Design og konstruksjon av prefabrikkerte fjellhytter\" \/><\/figure><\/a><\/div><div class=\"swiper-slide\" role=\"group\" aria-roledescription=\"slide\" aria-label=\"2 av 7\"><a data-elementor-open-lightbox=\"yes\" data-elementor-lightbox-slideshow=\"fe57cd3\" data-elementor-lightbox-title=\"Prefabricated Mountain Shelter Design and Construction (1)\" data-elementor-lightbox-description=\"Prefabricated Mountain Shelter Design and Construction\" data-e-action-hash=\"#elementor-action%3Aaction%3Dlightbox%26settings%3DeyJpZCI6MjUzMiwidXJsIjoiaHR0cHM6XC9cL3JpbmdzdGFkaGF2bmEuY29tXC93cC1jb250ZW50XC91cGxvYWRzXC8yMDI1XC8wNFwvUHJlZmFicmljYXRlZC1Nb3VudGFpbi1TaGVsdGVyLURlc2lnbi1hbmQtQ29uc3RydWN0aW9uLTEucG5nIiwic2xpZGVzaG93IjoiZmU1N2NkMyJ9\" href=\"https:\/\/ringstadhavna.com\/wp-content\/uploads\/2025\/04\/Prefabricated-Mountain-Shelter-Design-and-Construction-1.png\"><figure class=\"swiper-slide-inner\"><img decoding=\"async\" class=\"swiper-slide-image\" src=\"https:\/\/ringstadhavna.com\/wp-content\/uploads\/elementor\/thumbs\/Prefabricated-Mountain-Shelter-Design-and-Construction-1-r4zkpux49olpracay20turnvknb3i8pmwwarode3to.png\" alt=\"Design og konstruksjon av prefabrikkerte fjellhytter\" \/><\/figure><\/a><\/div><div class=\"swiper-slide\" role=\"group\" aria-roledescription=\"slide\" aria-label=\"3 av 7\"><a data-elementor-open-lightbox=\"yes\" data-elementor-lightbox-slideshow=\"fe57cd3\" data-elementor-lightbox-title=\"Prefabricated Mountain Shelter Design and Construction (2)\" data-elementor-lightbox-description=\"Prefabricated Mountain Shelter Design and Construction\" data-e-action-hash=\"#elementor-action%3Aaction%3Dlightbox%26settings%3DeyJpZCI6MjUzMywidXJsIjoiaHR0cHM6XC9cL3JpbmdzdGFkaGF2bmEuY29tXC93cC1jb250ZW50XC91cGxvYWRzXC8yMDI1XC8wNFwvUHJlZmFicmljYXRlZC1Nb3VudGFpbi1TaGVsdGVyLURlc2lnbi1hbmQtQ29uc3RydWN0aW9uLTIucG5nIiwic2xpZGVzaG93IjoiZmU1N2NkMyJ9\" href=\"https:\/\/ringstadhavna.com\/wp-content\/uploads\/2025\/04\/Prefabricated-Mountain-Shelter-Design-and-Construction-2.png\"><figure class=\"swiper-slide-inner\"><img decoding=\"async\" class=\"swiper-slide-image\" src=\"https:\/\/ringstadhavna.com\/wp-content\/uploads\/elementor\/thumbs\/Prefabricated-Mountain-Shelter-Design-and-Construction-2-r4zkpwssncoaei9kn2u2zr6srf1txmx3l5lqmxbbh8.png\" alt=\"Design og konstruksjon av prefabrikkerte fjellhytter\" \/><\/figure><\/a><\/div><div class=\"swiper-slide\" role=\"group\" aria-roledescription=\"slide\" aria-label=\"4 av 7\"><a data-elementor-open-lightbox=\"yes\" data-elementor-lightbox-slideshow=\"fe57cd3\" data-elementor-lightbox-title=\"Prefabricated Mountain Shelter Design and Construction (3)\" data-elementor-lightbox-description=\"Prefabricated Mountain Shelter Design and Construction\" data-e-action-hash=\"#elementor-action%3Aaction%3Dlightbox%26settings%3DeyJpZCI6MjUzNCwidXJsIjoiaHR0cHM6XC9cL3JpbmdzdGFkaGF2bmEuY29tXC93cC1jb250ZW50XC91cGxvYWRzXC8yMDI1XC8wNFwvUHJlZmFicmljYXRlZC1Nb3VudGFpbi1TaGVsdGVyLURlc2lnbi1hbmQtQ29uc3RydWN0aW9uLTMucG5nIiwic2xpZGVzaG93IjoiZmU1N2NkMyJ9\" href=\"https:\/\/ringstadhavna.com\/wp-content\/uploads\/2025\/04\/Prefabricated-Mountain-Shelter-Design-and-Construction-3.png\"><figure class=\"swiper-slide-inner\"><img decoding=\"async\" class=\"swiper-slide-image\" src=\"https:\/\/ringstadhavna.com\/wp-content\/uploads\/elementor\/thumbs\/Prefabricated-Mountain-Shelter-Design-and-Construction-3-r4zkpxqmu6pkq487hl8pk8y9csx75c0txa98479xb0.png\" alt=\"Design og konstruksjon av prefabrikkerte fjellhytter\" \/><\/figure><\/a><\/div><div class=\"swiper-slide\" role=\"group\" aria-roledescription=\"slide\" aria-label=\"5 av 7\"><a data-elementor-open-lightbox=\"yes\" data-elementor-lightbox-slideshow=\"fe57cd3\" data-elementor-lightbox-title=\"mountain refuge 3D\" data-elementor-lightbox-description=\"mountain refuge 3D\" data-e-action-hash=\"#elementor-action%3Aaction%3Dlightbox%26settings%3DeyJpZCI6MjUyOSwidXJsIjoiaHR0cHM6XC9cL3JpbmdzdGFkaGF2bmEuY29tXC93cC1jb250ZW50XC91cGxvYWRzXC8yMDI1XC8wNFwvbW91bnRhaW4tcmVmdWdlLTNELnBuZyIsInNsaWRlc2hvdyI6ImZlNTdjZDMifQ%3D%3D\" href=\"https:\/\/ringstadhavna.com\/wp-content\/uploads\/2025\/04\/mountain-refuge-3D.png\"><figure class=\"swiper-slide-inner\"><img decoding=\"async\" class=\"swiper-slide-image\" src=\"https:\/\/ringstadhavna.com\/wp-content\/uploads\/elementor\/thumbs\/mountain-refuge-3D-r4zkppa34odztmkhuzl2ft340c2w8238w4duspmgv0.png\" alt=\"fjellhytte 3D\" \/><\/figure><\/a><\/div><div class=\"swiper-slide\" role=\"group\" aria-roledescription=\"slide\" aria-label=\"6 av 7\"><a data-elementor-open-lightbox=\"yes\" data-elementor-lightbox-slideshow=\"fe57cd3\" data-elementor-lightbox-title=\"mountain refuge 3D B\" data-elementor-lightbox-description=\"mountain refuge 3D B\" data-e-action-hash=\"#elementor-action%3Aaction%3Dlightbox%26settings%3DeyJpZCI6MjUzMCwidXJsIjoiaHR0cHM6XC9cL3JpbmdzdGFkaGF2bmEuY29tXC93cC1jb250ZW50XC91cGxvYWRzXC8yMDI1XC8wNFwvbW91bnRhaW4tcmVmdWdlLTNELUIucG5nIiwic2xpZGVzaG93IjoiZmU1N2NkMyJ9\" href=\"https:\/\/ringstadhavna.com\/wp-content\/uploads\/2025\/04\/mountain-refuge-3D-B.png\"><figure class=\"swiper-slide-inner\"><img decoding=\"async\" class=\"swiper-slide-image\" src=\"https:\/\/ringstadhavna.com\/wp-content\/uploads\/elementor\/thumbs\/mountain-refuge-3D-B-r4zkpr5ricgkguhrk0ebksm173tmngapkdotr9joik.png\" alt=\"fjellhytte 3D B\" \/><\/figure><\/a><\/div><div class=\"swiper-slide\" role=\"group\" aria-roledescription=\"slide\" aria-label=\"7 av 7\"><a data-elementor-open-lightbox=\"yes\" data-elementor-lightbox-slideshow=\"fe57cd3\" data-elementor-lightbox-title=\"mountain refuge 3D C\" data-elementor-lightbox-description=\"mountain refuge 3D C\" data-e-action-hash=\"#elementor-action%3Aaction%3Dlightbox%26settings%3DeyJpZCI6MjUzMSwidXJsIjoiaHR0cHM6XC9cL3JpbmdzdGFkaGF2bmEuY29tXC93cC1jb250ZW50XC91cGxvYWRzXC8yMDI1XC8wNFwvbW91bnRhaW4tcmVmdWdlLTNELUMucG5nIiwic2xpZGVzaG93IjoiZmU1N2NkMyJ9\" href=\"https:\/\/ringstadhavna.com\/wp-content\/uploads\/2025\/04\/mountain-refuge-3D-C.png\"><figure class=\"swiper-slide-inner\"><img decoding=\"async\" class=\"swiper-slide-image\" src=\"https:\/\/ringstadhavna.com\/wp-content\/uploads\/elementor\/thumbs\/mountain-refuge-3D-C-r4zkpt1fw0j542f1917kps4ydvkd2ui68mzsptgw64.png\" alt=\"fjellhytte 3D C\" \/><\/figure><\/a><\/div>\t\t\t<\/div>\n\t\t\t\t\t\t\t\t\t\t\t\t<div class=\"elementor-swiper-button elementor-swiper-button-prev\" role=\"button\" tabindex=\"0\">\n\t\t\t\t\t\t<svg aria-hidden=\"true\" class=\"e-font-icon-svg e-eicon-chevron-left\" viewbox=\"0 0 1000 1000\" xmlns=\"http:\/\/www.w3.org\/2000\/svg\"><path d=\"M646 125C629 125 613 133 604 142L308 442C296 454 292 471 292 487 292 504 296 521 308 533L604 854C617 867 629 875 646 875 663 875 679 871 692 858 704 846 713 829 713 812 713 796 708 779 692 767L438 487 692 225C700 217 708 204 708 187 708 171 704 154 692 142 675 129 663 125 646 125Z\"><\/path><\/svg>\t\t\t\t\t<\/div>\n\t\t\t\t\t<div class=\"elementor-swiper-button elementor-swiper-button-next\" role=\"button\" tabindex=\"0\">\n\t\t\t\t\t\t<svg aria-hidden=\"true\" class=\"e-font-icon-svg e-eicon-chevron-right\" viewbox=\"0 0 1000 1000\" xmlns=\"http:\/\/www.w3.org\/2000\/svg\"><path d=\"M696 533C708 521 713 504 713 487 713 471 708 454 696 446L400 146C388 133 375 125 354 125 338 125 325 129 313 142 300 154 292 171 292 187 292 204 296 221 308 233L563 492 304 771C292 783 288 800 288 817 288 833 296 850 308 863 321 871 338 875 354 875 371 875 388 867 400 854L696 533Z\"><\/path><\/svg>\t\t\t\t\t<\/div>\n\t\t\t\t\n\t\t\t\t\t\t\t\t\t<div class=\"swiper-pagination\"><\/div>\n\t\t\t\t\t\t\t\t\t<\/div>\n\t\t\t\t\t\t<\/div>\n\t\t\t\t<\/div>\n\t\t\t\t\t<\/div>\n\t\t\t\t<\/div>\n\t\t<div class=\"elementor-element elementor-element-783c2fb e-flex e-con-boxed e-con e-parent\" data-id=\"783c2fb\" data-element_type=\"container\" data-e-type=\"container\" data-settings=\"{&quot;background_background&quot;:&quot;classic&quot;}\">\n\t\t\t\t\t<div class=\"e-con-inner\">\n\t\t\t\t<div class=\"elementor-element elementor-element-ea62131 elementor-invisible elementor-widget elementor-widget-text-editor\" data-id=\"ea62131\" data-element_type=\"widget\" data-e-type=\"widget\" data-settings=\"{&quot;_animation&quot;:&quot;fadeInUp&quot;}\" data-widget_type=\"text-editor.default\">\n\t\t\t\t<div class=\"elementor-widget-container\">\n\t\t\t\t\t\t\t\t\t<h2 style=\"text-align: center;\">Prosjektoversikt: <\/br>Et tilfluktsrom bygget for ekstern tilgang<\/h2>\nN\u00e5r naturen krever utforskning, er det viktig \u00e5 ha en p\u00e5litelig base. V\u00e5r <strong>Prefabrikkerte fjellhytter<\/strong> var gjennomtenkt <strong>designet og konstruert<\/strong> i samarbeid med erfarne arkitekter og industridesignere. Dette prosjektet, som er omtalt p\u00e5 prosjektsiden v\u00e5r, viser hvordan moderne design kan m\u00f8te utfordringene p\u00e5 isolerte steder.\n\n&nbsp;\t\t\t\t\t\t\t\t<\/div>\n\t\t\t\t<\/div>\n\t\t\t\t\t<\/div>\n\t\t\t\t<\/div>\n\t\t<div class=\"elementor-element elementor-element-df4771a e-flex e-con-boxed e-con e-parent\" data-id=\"df4771a\" data-element_type=\"container\" data-e-type=\"container\" data-settings=\"{&quot;background_background&quot;:&quot;classic&quot;}\">\n\t\t\t\t\t<div class=\"e-con-inner\">\n\t\t\t\t<div class=\"elementor-element elementor-element-8811d4b animated-slow elementor-widget__width-initial elementor-invisible elementor-widget elementor-widget-heading\" data-id=\"8811d4b\" data-element_type=\"widget\" data-e-type=\"widget\" data-settings=\"{&quot;_animation&quot;:&quot;slideInUp&quot;}\" data-widget_type=\"heading.default\">\n\t\t\t\t<div class=\"elementor-widget-container\">\n\t\t\t\t\t<h2 class=\"elementor-heading-title elementor-size-default\">Modul\u00e6r fjellhytte: Bygget for effektivitet<\/h2>\t\t\t\t<\/div>\n\t\t\t\t<\/div>\n\t\t\t\t<div class=\"elementor-element elementor-element-b7896a8 elementor-widget__width-initial elementor-invisible elementor-widget elementor-widget-text-editor\" data-id=\"b7896a8\" data-element_type=\"widget\" data-e-type=\"widget\" data-settings=\"{&quot;_animation&quot;:&quot;fadeInUp&quot;}\" data-widget_type=\"text-editor.default\">\n\t\t\t\t<div class=\"elementor-widget-container\">\n\t\t\t\t\t\t\t\t\t<p>En av de fremtredende funksjonene i denne <strong>modulbasert fjellhytte<\/strong> er dens prefabrikkerte natur. Hver seksjon ble n\u00f8ye produsert i et kontrollert milj\u00f8 f\u00f8r den ble fraktet med helikopter til det endelige installasjonsstedet. Denne modul\u00e6re tiln\u00e6rmingen sikret en rask og effektiv installasjon, selv i v\u00e6rharde og vanskelig tilgjengelige omr\u00e5der. Les mer om v\u00e5re innovative byggeteknikker p\u00e5 siden v\u00e5r om 3D-skanning.<\/p>\t\t\t\t\t\t\t\t<\/div>\n\t\t\t\t<\/div>\n\t\t\t\t\t<\/div>\n\t\t\t\t<\/div>\n\t\t<div class=\"elementor-element elementor-element-515f92a e-flex e-con-boxed e-con e-parent\" data-id=\"515f92a\" data-element_type=\"container\" data-e-type=\"container\" data-settings=\"{&quot;background_background&quot;:&quot;classic&quot;}\">\n\t\t\t\t\t<div class=\"e-con-inner\">\n\t\t\t\t<div class=\"elementor-element elementor-element-037a3f1 animated-slow elementor-widget__width-initial elementor-invisible elementor-widget elementor-widget-heading\" data-id=\"037a3f1\" data-element_type=\"widget\" data-e-type=\"widget\" data-settings=\"{&quot;_animation&quot;:&quot;slideInUp&quot;}\" data-widget_type=\"heading.default\">\n\t\t\t\t<div class=\"elementor-widget-container\">\n\t\t\t\t\t<h2 class=\"elementor-heading-title elementor-size-default\">Kompakt, men likevel fullt funksjonell<\/h2>\t\t\t\t<\/div>\n\t\t\t\t<\/div>\n\t\t\t\t<div class=\"elementor-element elementor-element-45fa015 elementor-widget__width-initial elementor-invisible elementor-widget elementor-widget-text-editor\" data-id=\"45fa015\" data-element_type=\"widget\" data-e-type=\"widget\" data-settings=\"{&quot;_animation&quot;:&quot;fadeInUp&quot;}\" data-widget_type=\"text-editor.default\">\n\t\t\t\t<div class=\"elementor-widget-container\">\n\t\t\t\t\t\t\t\t\t<p>Til tross for sin kompakte st\u00f8rrelse er <strong>Prefabrikkerte fjellhytter<\/strong> byr p\u00e5 et overraskende niv\u00e5 av komfort og funksjonalitet. Interi\u00f8ret inkluderer:<\/p><ul><li style=\"text-align: left;\">Soveplasser for fire personer<\/li><li style=\"text-align: left;\">Et lite, effektivt bad<\/li><li style=\"text-align: left;\">Eget lager for trevirke<\/li><li style=\"text-align: left;\">En koselig vedovn<\/li><li style=\"text-align: left;\">Et spisebord<\/li><li style=\"text-align: left;\">Et naturlig avkj\u00f8lt kj\u00f8leskap<\/li><\/ul><p>Hver kvadratmeter er n\u00f8ye utformet for \u00e5 maksimere nytteverdien samtidig som komforten opprettholdes, noe som gj\u00f8r det til et ekte fristed for friluftsentusiaster.<\/p>\t\t\t\t\t\t\t\t<\/div>\n\t\t\t\t<\/div>\n\t\t\t\t\t<\/div>\n\t\t\t\t<\/div>\n\t\t<div class=\"elementor-element elementor-element-95fd14a e-grid e-con-boxed e-con e-parent\" data-id=\"95fd14a\" data-element_type=\"container\" data-e-type=\"container\" data-settings=\"{&quot;background_background&quot;:&quot;classic&quot;}\">\n\t\t\t\t\t<div class=\"e-con-inner\">\n\t\t\t\t<div class=\"elementor-element elementor-element-8104487 animated-slow elementor-widget__width-initial elementor-invisible elementor-widget elementor-widget-heading\" data-id=\"8104487\" data-element_type=\"widget\" data-e-type=\"widget\" data-settings=\"{&quot;_animation&quot;:&quot;slideInUp&quot;}\" data-widget_type=\"heading.default\">\n\t\t\t\t<div class=\"elementor-widget-container\">\n\t\t\t\t\t<h2 class=\"elementor-heading-title elementor-size-default\">Slitesterk design for ekstreme forhold<\/h2>\t\t\t\t<\/div>\n\t\t\t\t<\/div>\n\t\t\t\t<div class=\"elementor-element elementor-element-9cef1e6 elementor-widget__width-initial elementor-invisible elementor-widget elementor-widget-text-editor\" data-id=\"9cef1e6\" data-element_type=\"widget\" data-e-type=\"widget\" data-settings=\"{&quot;_animation&quot;:&quot;fadeInUp&quot;}\" data-widget_type=\"text-editor.default\">\n\t\t\t\t<div class=\"elementor-widget-container\">\n\t\t\t\t\t\t\t\t\t<p>P\u00e5litelighet i t\u00f8ffe v\u00e6rforhold er ikke til forhandling. Det er derfor <strong>Prefabrikkerte fjellhytter<\/strong> er bygget av v\u00e6rbestandige materialer av h\u00f8y kvalitet. Det sikrer ikke bare lang levetid, men ogs\u00e5 sikkerhet og komfort i de mest krevende milj\u00f8er.<\/p><p>Gjennom et tett samarbeid mellom v\u00e5re arkitekter, industridesignere og byggeeksperter har vi skapt en slitesterk konstruksjon som t\u00e5ler hardt v\u00e6r, samtidig som den skaper en varm og innbydende atmosf\u00e6re inne.<\/p>\t\t\t\t\t\t\t\t<\/div>\n\t\t\t\t<\/div>\n\t\t\t\t\t<\/div>\n\t\t\t\t<\/div>\n\t\t<div class=\"elementor-element elementor-element-22bc161 e-flex e-con-boxed e-con e-parent\" data-id=\"22bc161\" data-element_type=\"container\" data-e-type=\"container\" data-settings=\"{&quot;background_background&quot;:&quot;classic&quot;}\">\n\t\t\t\t\t<div class=\"e-con-inner\">\n\t\t\t\t<div class=\"elementor-element elementor-element-b6dd088 elementor-invisible elementor-widget elementor-widget-text-editor\" data-id=\"b6dd088\" data-element_type=\"widget\" data-e-type=\"widget\" data-settings=\"{&quot;_animation&quot;:&quot;fadeInUp&quot;}\" data-widget_type=\"text-editor.default\">\n\t\t\t\t<div class=\"elementor-widget-container\">\n\t\t\t\t\t\t\t\t\t<h2 style=\"text-align: center;\">Et eksepsjonelt ly for friluftsentusiaster<\/h2><p>Konklusjonen er at <strong>Prefabrikkerte fjellhytter<\/strong> tilbyr en perfekt blanding av modularitet, holdbarhet og komfort. Den er designet spesielt for levering fra helikopter og \u00e5pner nye muligheter for overnatting p\u00e5 avsidesliggende, fantastiske steder.<\/p><p>Hvis du er interessert i \u00e5 l\u00e6re mer om v\u00e5re innovative prosjekter eller \u00f8nsker \u00e5 diskutere en skreddersydd l\u00f8sning for dine eksterne konstruksjonsbehov, ikke n\u00f8l med \u00e5 ta kontakt med <a href=\"https:\/\/ringstadhavna.com\/nb\/kontakt-oss\/\">kontakt oss<\/a>.<br \/>Vi brenner for \u00e5 gi liv til visjon\u00e6re prosjekter som dette. Bes\u00f8k <a href=\"https:\/\/ringstadhavna.com\/nb\/\">Ringstadhavna.com<\/a> for \u00e5 utforske hvordan vi fortsetter \u00e5 skape eksepsjonelle l\u00f8sninger for utfordrende milj\u00f8er.<\/p>\t\t\t\t\t\t\t\t<\/div>\n\t\t\t\t<\/div>\n\t\t\t\t\t<\/div>\n\t\t\t\t<\/div>\n\t\t\t\t<\/div>","protected":false},"excerpt":{"rendered":"<p>Prefabricated Mountain Shelter Design and Construction Creating solutions for remote environments requires both innovation and precision. In our recent project \u2014 the Prefabricated Mountain Shelter \u2014 we delivered a structure that combines modular design, compact functionality, and outstanding durability, perfectly suited for areas accessible only by helicopter. Project Overview: A Shelter Built for Remote Access [&hellip;]<\/p>\n","protected":false},"author":3,"featured_media":2530,"parent":766,"menu_order":0,"comment_status":"closed","ping_status":"closed","template":"elementor_header_footer","meta":{"nf_dc_page":"","inline_featured_image":false,"site-sidebar-layout":"default","site-content-layout":"page-builder","ast-site-content-layout":"full-width-container","site-content-style":"unboxed","site-sidebar-style":"unboxed","ast-global-header-display":"","ast-banner-title-visibility":"","ast-main-header-display":"","ast-hfb-above-header-display":"","ast-hfb-below-header-display":"","ast-hfb-mobile-header-display":"","site-post-title":"disabled","ast-breadcrumbs-content":"","ast-featured-img":"disabled","footer-sml-layout":"","theme-transparent-header-meta":"enabled","adv-header-id-meta":"","stick-header-meta":"","header-above-stick-meta":"","header-main-stick-meta":"","header-below-stick-meta":"","astra-migrate-meta-layouts":"set","ast-page-background-enabled":"default","ast-page-background-meta":{"desktop":{"background-color":"","background-image":"","background-repeat":"repeat","background-position":"center center","background-size":"auto","background-attachment":"scroll","background-type":"","background-media":"","overlay-type":"","overlay-color":"","overlay-opacity":"","overlay-gradient":""},"tablet":{"background-color":"","background-image":"","background-repeat":"repeat","background-position":"center center","background-size":"auto","background-attachment":"scroll","background-type":"","background-media":"","overlay-type":"","overlay-color":"","overlay-opacity":"","overlay-gradient":""},"mobile":{"background-color":"","background-image":"","background-repeat":"repeat","background-position":"center center","background-size":"auto","background-attachment":"scroll","background-type":"","background-media":"","overlay-type":"","overlay-color":"","overlay-opacity":"","overlay-gradient":""}},"ast-content-background-meta":{"desktop":{"background-color":"var(--ast-global-color-5)","background-image":"","background-repeat":"repeat","background-position":"center center","background-size":"auto","background-attachment":"scroll","background-type":"","background-media":"","overlay-type":"","overlay-color":"","overlay-opacity":"","overlay-gradient":""},"tablet":{"background-color":"var(--ast-global-color-5)","background-image":"","background-repeat":"repeat","background-position":"center center","background-size":"auto","background-attachment":"scroll","background-type":"","background-media":"","overlay-type":"","overlay-color":"","overlay-opacity":"","overlay-gradient":""},"mobile":{"background-color":"var(--ast-global-color-5)","background-image":"","background-repeat":"repeat","background-position":"center center","background-size":"auto","background-attachment":"scroll","background-type":"","background-media":"","overlay-type":"","overlay-color":"","overlay-opacity":"","overlay-gradient":""}},"footnotes":""},"class_list":["post-2528","page","type-page","status-publish","has-post-thumbnail","hentry"],"aioseo_notices":[],"_links":{"self":[{"href":"https:\/\/ringstadhavna.com\/nb\/wp-json\/wp\/v2\/pages\/2528","targetHints":{"allow":["GET"]}}],"collection":[{"href":"https:\/\/ringstadhavna.com\/nb\/wp-json\/wp\/v2\/pages"}],"about":[{"href":"https:\/\/ringstadhavna.com\/nb\/wp-json\/wp\/v2\/types\/page"}],"author":[{"embeddable":true,"href":"https:\/\/ringstadhavna.com\/nb\/wp-json\/wp\/v2\/users\/3"}],"replies":[{"embeddable":true,"href":"https:\/\/ringstadhavna.com\/nb\/wp-json\/wp\/v2\/comments?post=2528"}],"version-history":[{"count":7,"href":"https:\/\/ringstadhavna.com\/nb\/wp-json\/wp\/v2\/pages\/2528\/revisions"}],"predecessor-version":[{"id":2545,"href":"https:\/\/ringstadhavna.com\/nb\/wp-json\/wp\/v2\/pages\/2528\/revisions\/2545"}],"up":[{"embeddable":true,"href":"https:\/\/ringstadhavna.com\/nb\/wp-json\/wp\/v2\/pages\/766"}],"wp:featuredmedia":[{"embeddable":true,"href":"https:\/\/ringstadhavna.com\/nb\/wp-json\/wp\/v2\/media\/2530"}],"wp:attachment":[{"href":"https:\/\/ringstadhavna.com\/nb\/wp-json\/wp\/v2\/media?parent=2528"}],"curies":[{"name":"wp","href":"https:\/\/api.w.org\/{rel}","templated":true}]}}