{"id":2462,"date":"2025-04-17T11:36:00","date_gmt":"2025-04-17T11:36:00","guid":{"rendered":"https:\/\/ringstadhavna.com\/?page_id=2462"},"modified":"2025-04-17T13:05:24","modified_gmt":"2025-04-17T13:05:24","slug":"3d-laserskanning-for-presis-kjokkenoppussing","status":"publish","type":"page","link":"https:\/\/ringstadhavna.com\/nb\/projects\/3d-laser-scanning-for-precise-kitchen-remodeling\/","title":{"rendered":"3D-laserskanning for presis ombygging av kj\u00f8kkenet"},"content":{"rendered":"<div data-elementor-type=\"wp-post\" data-elementor-id=\"2462\" class=\"elementor elementor-2462\" data-elementor-post-type=\"page\">\n\t\t\t\t<div class=\"elementor-element elementor-element-a3d8d8b e-con-full e-flex e-con e-parent\" data-id=\"a3d8d8b\" data-element_type=\"container\" data-e-type=\"container\" data-settings=\"{&quot;background_background&quot;:&quot;classic&quot;}\">\n\t\t<div class=\"elementor-element elementor-element-f942d16 e-con-full e-flex e-con e-child\" data-id=\"f942d16\" data-element_type=\"container\" data-e-type=\"container\" data-settings=\"{&quot;background_background&quot;:&quot;gradient&quot;}\">\n\t\t\t\t<div class=\"elementor-element elementor-element-f366bfd animated-fast elementor-widget__width-initial elementor-widget-mobile__width-initial elementor-invisible elementor-widget elementor-widget-heading\" data-id=\"f366bfd\" data-element_type=\"widget\" data-e-type=\"widget\" data-settings=\"{&quot;_animation&quot;:&quot;fadeInUp&quot;}\" data-widget_type=\"heading.default\">\n\t\t\t\t<div class=\"elementor-widget-container\">\n\t\t\t\t\t<h1 class=\"elementor-heading-title elementor-size-default\">3D-laserskanning for ombygging av kj\u00f8kken: Presisjon i hver minste detalj<\/h1>\t\t\t\t<\/div>\n\t\t\t\t<\/div>\n\t\t\t\t<\/div>\n\t\t\t\t<\/div>\n\t\t<div class=\"elementor-element elementor-element-16c82b9 e-flex e-con-boxed e-con e-parent\" data-id=\"16c82b9\" data-element_type=\"container\" data-e-type=\"container\" data-settings=\"{&quot;background_background&quot;:&quot;classic&quot;}\">\n\t\t\t\t\t<div class=\"e-con-inner\">\n\t\t\t\t<div class=\"elementor-element elementor-element-22fe5f9 elementor-invisible elementor-widget elementor-widget-text-editor\" data-id=\"22fe5f9\" data-element_type=\"widget\" data-e-type=\"widget\" data-settings=\"{&quot;_animation&quot;:&quot;fadeInUp&quot;}\" data-widget_type=\"text-editor.default\">\n\t\t\t\t<div class=\"elementor-widget-container\">\n\t\t\t\t\t\t\t\t\t<p>\u00c5 renovere et kj\u00f8kken - spesielt i et eldre hjem - kan v\u00e6re en kompleks oppgave uten tilgang til p\u00e5litelige plantegninger. Det er her <strong>3D-laserskanning for ombygging av kj\u00f8kken<\/strong> blir en game-changer. I dette prosjektet har teamet v\u00e5rt i <a href=\"https:\/\/ringstadhavna.com\/nb\/\">Ringstadhavna<\/a> utnyttet skanningsteknologi med h\u00f8y presisjon for \u00e5 gi huseieren og designteamet deres et <strong>fullstendig og n\u00f8yaktig digital representasjon<\/strong> av det eksisterende kj\u00f8kkenet.<\/p>\t\t\t\t\t\t\t\t<\/div>\n\t\t\t\t<\/div>\n\t\t\t\t\t<\/div>\n\t\t\t\t<\/div>\n\t\t<div class=\"elementor-element elementor-element-84d6e06 e-flex e-con-boxed e-con e-parent\" data-id=\"84d6e06\" data-element_type=\"container\" data-e-type=\"container\" data-settings=\"{&quot;background_background&quot;:&quot;classic&quot;,&quot;animation&quot;:&quot;none&quot;}\">\n\t\t\t\t\t<div class=\"e-con-inner\">\n\t\t\t\t<div class=\"elementor-element elementor-element-3b5289e elementor-invisible elementor-widget elementor-widget-text-editor\" data-id=\"3b5289e\" data-element_type=\"widget\" data-e-type=\"widget\" data-settings=\"{&quot;_animation&quot;:&quot;fadeInUp&quot;}\" data-widget_type=\"text-editor.default\">\n\t\t\t\t<div class=\"elementor-widget-container\">\n\t\t\t\t\t\t\t\t\t<h2>Utfordringen: <\/br>Ombygging uten plantegning<\/h2>\nHuseieren \u00f8nsket \u00e5 oppdatere det aldrende kj\u00f8kkenet, men det fantes ingen p\u00e5litelige tegninger eller m\u00e5l. Tradisjonelle m\u00e5lemetoder kunne ikke sikre den n\u00f8yaktigheten som var n\u00f8dvendig for en s\u00f8ml\u00f8s kj\u00f8kkenoppussing. L\u00f8sningen v\u00e5r? Avansert <strong>3D-laserskanning<\/strong>.\t\t\t\t\t\t\t\t<\/div>\n\t\t\t\t<\/div>\n\t\t\t\t\t<\/div>\n\t\t\t\t<\/div>\n\t\t<div class=\"elementor-element elementor-element-e1d54cf e-flex e-con-boxed e-con e-parent\" data-id=\"e1d54cf\" data-element_type=\"container\" data-e-type=\"container\" data-settings=\"{&quot;background_background&quot;:&quot;classic&quot;,&quot;animation&quot;:&quot;none&quot;}\">\n\t\t\t\t\t<div class=\"e-con-inner\">\n\t\t\t\t<div class=\"elementor-element elementor-element-d60096b elementor-arrows-position-inside elementor-invisible elementor-widget elementor-widget-image-carousel\" data-id=\"d60096b\" data-element_type=\"widget\" data-e-type=\"widget\" data-settings=\"{&quot;slides_to_show&quot;:&quot;4&quot;,&quot;lazyload&quot;:&quot;yes&quot;,&quot;_animation&quot;:&quot;fadeInUp&quot;,&quot;navigation&quot;:&quot;arrows&quot;,&quot;autoplay&quot;:&quot;yes&quot;,&quot;pause_on_interaction&quot;:&quot;yes&quot;,&quot;autoplay_speed&quot;:5000,&quot;infinite&quot;:&quot;yes&quot;,&quot;speed&quot;:500,&quot;image_spacing_custom&quot;:{&quot;unit&quot;:&quot;px&quot;,&quot;size&quot;:20,&quot;sizes&quot;:[]},&quot;image_spacing_custom_tablet&quot;:{&quot;unit&quot;:&quot;px&quot;,&quot;size&quot;:&quot;&quot;,&quot;sizes&quot;:[]},&quot;image_spacing_custom_mobile&quot;:{&quot;unit&quot;:&quot;px&quot;,&quot;size&quot;:&quot;&quot;,&quot;sizes&quot;:[]}}\" data-widget_type=\"image-carousel.default\">\n\t\t\t\t<div class=\"elementor-widget-container\">\n\t\t\t\t\t\t\t<div class=\"elementor-image-carousel-wrapper swiper\" role=\"region\" aria-roledescription=\"carousel\" aria-label=\"Bildekarusell\" dir=\"ltr\">\n\t\t\t<div class=\"elementor-image-carousel swiper-wrapper swiper-image-stretch\" aria-live=\"off\">\n\t\t\t\t\t\t\t\t<div class=\"swiper-slide\" role=\"group\" aria-roledescription=\"slide\" aria-label=\"1 av 4\"><a data-elementor-open-lightbox=\"yes\" data-elementor-lightbox-slideshow=\"d60096b\" data-elementor-lightbox-title=\"3D Laser Scanning for Kitchen Remodeling (1)\" data-elementor-lightbox-description=\"3D Laser Scanning for Kitchen Remodeling\" data-e-action-hash=\"#elementor-action%3Aaction%3Dlightbox%26settings%3DeyJpZCI6MjQ2NCwidXJsIjoiaHR0cHM6XC9cL3JpbmdzdGFkaGF2bmEuY29tXC93cC1jb250ZW50XC91cGxvYWRzXC8yMDI1XC8wNFwvM0QtTGFzZXItU2Nhbm5pbmctZm9yLUtpdGNoZW4tUmVtb2RlbGluZy0xLndlYnAiLCJzbGlkZXNob3ciOiJkNjAwOTZiIn0%3D\" href=\"https:\/\/ringstadhavna.com\/wp-content\/uploads\/2025\/04\/3D-Laser-Scanning-for-Kitchen-Remodeling-1.webp\"><figure class=\"swiper-slide-inner\"><img class=\"swiper-slide-image swiper-lazy\" data-src=\"https:\/\/ringstadhavna.com\/wp-content\/uploads\/elementor\/thumbs\/3D-Laser-Scanning-for-Kitchen-Remodeling-1-r4hnc8ghv1iujoh5zozz46xh3ovsu5u2x4vpdw48gs.webp\" alt=\"3D-laserskanning for ombygging av kj\u00f8kken\" \/><div class=\"swiper-lazy-preloader\"><\/div><\/figure><\/a><\/div><div class=\"swiper-slide\" role=\"group\" aria-roledescription=\"slide\" aria-label=\"2 av 4\"><a data-elementor-open-lightbox=\"yes\" data-elementor-lightbox-slideshow=\"d60096b\" data-elementor-lightbox-title=\"3D Laser Scanning for Kitchen Remodeling (2)\" data-elementor-lightbox-description=\"3D Laser Scanning for Kitchen Remodeling\" data-e-action-hash=\"#elementor-action%3Aaction%3Dlightbox%26settings%3DeyJpZCI6MjQ2NSwidXJsIjoiaHR0cHM6XC9cL3JpbmdzdGFkaGF2bmEuY29tXC93cC1jb250ZW50XC91cGxvYWRzXC8yMDI1XC8wNFwvM0QtTGFzZXItU2Nhbm5pbmctZm9yLUtpdGNoZW4tUmVtb2RlbGluZy0yLnBuZyIsInNsaWRlc2hvdyI6ImQ2MDA5NmIifQ%3D%3D\" href=\"https:\/\/ringstadhavna.com\/wp-content\/uploads\/2025\/04\/3D-Laser-Scanning-for-Kitchen-Remodeling-2.png\"><figure class=\"swiper-slide-inner\"><img class=\"swiper-slide-image swiper-lazy\" data-src=\"https:\/\/ringstadhavna.com\/wp-content\/uploads\/elementor\/thumbs\/3D-Laser-Scanning-for-Kitchen-Remodeling-2-r4hncac68plf6wefopt896geagmj9k1jle6ocg1g4c.png\" alt=\"3D-laserskanning for ombygging av kj\u00f8kken\" \/><div class=\"swiper-lazy-preloader\"><\/div><\/figure><\/a><\/div><div class=\"swiper-slide\" role=\"group\" aria-roledescription=\"slide\" aria-label=\"3 av 4\"><a data-elementor-open-lightbox=\"yes\" data-elementor-lightbox-slideshow=\"d60096b\" data-elementor-lightbox-title=\"3D Laser Scanning for Kitchen Remodeling (3)\" data-elementor-lightbox-description=\"3D Laser Scanning for Kitchen Remodeling\" data-e-action-hash=\"#elementor-action%3Aaction%3Dlightbox%26settings%3DeyJpZCI6MjQ2NiwidXJsIjoiaHR0cHM6XC9cL3JpbmdzdGFkaGF2bmEuY29tXC93cC1jb250ZW50XC91cGxvYWRzXC8yMDI1XC8wNFwvM0QtTGFzZXItU2Nhbm5pbmctZm9yLUtpdGNoZW4tUmVtb2RlbGluZy0zLnBuZyIsInNsaWRlc2hvdyI6ImQ2MDA5NmIifQ%3D%3D\" href=\"https:\/\/ringstadhavna.com\/wp-content\/uploads\/2025\/04\/3D-Laser-Scanning-for-Kitchen-Remodeling-3.png\"><figure class=\"swiper-slide-inner\"><img class=\"swiper-slide-image swiper-lazy\" data-src=\"https:\/\/ringstadhavna.com\/wp-content\/uploads\/elementor\/thumbs\/3D-Laser-Scanning-for-Kitchen-Remodeling-3-r4hncc7umdnzu4bpdqmhe5zbh8d9oy909nhnazynrw.png\" alt=\"3D-laserskanning for ombygging av kj\u00f8kken\" \/><div class=\"swiper-lazy-preloader\"><\/div><\/figure><\/a><\/div><div class=\"swiper-slide\" role=\"group\" aria-roledescription=\"slide\" aria-label=\"4 av 4\"><a data-elementor-open-lightbox=\"yes\" data-elementor-lightbox-slideshow=\"d60096b\" data-elementor-lightbox-title=\"3D Laser Scanning for Kitchen Remodeling (1)\" data-elementor-lightbox-description=\"3D Laser Scanning for Kitchen Remodeling\" data-e-action-hash=\"#elementor-action%3Aaction%3Dlightbox%26settings%3DeyJpZCI6MjQ2MywidXJsIjoiaHR0cHM6XC9cL3JpbmdzdGFkaGF2bmEuY29tXC93cC1jb250ZW50XC91cGxvYWRzXC8yMDI1XC8wNFwvM0QtTGFzZXItU2Nhbm5pbmctZm9yLUtpdGNoZW4tUmVtb2RlbGluZy0xLnBuZyIsInNsaWRlc2hvdyI6ImQ2MDA5NmIifQ%3D%3D\" href=\"https:\/\/ringstadhavna.com\/wp-content\/uploads\/2025\/04\/3D-Laser-Scanning-for-Kitchen-Remodeling-1.png\"><figure class=\"swiper-slide-inner\"><img class=\"swiper-slide-image swiper-lazy\" data-src=\"https:\/\/ringstadhavna.com\/wp-content\/uploads\/elementor\/thumbs\/3D-Laser-Scanning-for-Kitchen-Remodeling-1-r4hnc4p53pdp98mmlndgu7vmq5ebzdf5km9rgs9t5o.png\" alt=\"3D-laserskanning for ombygging av kj\u00f8kken\" \/><div class=\"swiper-lazy-preloader\"><\/div><\/figure><\/a><\/div>\t\t\t<\/div>\n\t\t\t\t\t\t\t\t\t\t\t\t<div class=\"elementor-swiper-button elementor-swiper-button-prev\" role=\"button\" tabindex=\"0\">\n\t\t\t\t\t\t<svg aria-hidden=\"true\" class=\"e-font-icon-svg e-eicon-chevron-left\" viewbox=\"0 0 1000 1000\" xmlns=\"http:\/\/www.w3.org\/2000\/svg\"><path d=\"M646 125C629 125 613 133 604 142L308 442C296 454 292 471 292 487 292 504 296 521 308 533L604 854C617 867 629 875 646 875 663 875 679 871 692 858 704 846 713 829 713 812 713 796 708 779 692 767L438 487 692 225C700 217 708 204 708 187 708 171 704 154 692 142 675 129 663 125 646 125Z\"><\/path><\/svg>\t\t\t\t\t<\/div>\n\t\t\t\t\t<div class=\"elementor-swiper-button elementor-swiper-button-next\" role=\"button\" tabindex=\"0\">\n\t\t\t\t\t\t<svg aria-hidden=\"true\" class=\"e-font-icon-svg e-eicon-chevron-right\" viewbox=\"0 0 1000 1000\" xmlns=\"http:\/\/www.w3.org\/2000\/svg\"><path d=\"M696 533C708 521 713 504 713 487 713 471 708 454 696 446L400 146C388 133 375 125 354 125 338 125 325 129 313 142 300 154 292 171 292 187 292 204 296 221 308 233L563 492 304 771C292 783 288 800 288 817 288 833 296 850 308 863 321 871 338 875 354 875 371 875 388 867 400 854L696 533Z\"><\/path><\/svg>\t\t\t\t\t<\/div>\n\t\t\t\t\n\t\t\t\t\t\t\t\t\t<\/div>\n\t\t\t\t\t\t<\/div>\n\t\t\t\t<\/div>\n\t\t\t\t\t<\/div>\n\t\t\t\t<\/div>\n\t\t<div class=\"elementor-element elementor-element-6a26c5b e-flex e-con-boxed e-con e-parent\" data-id=\"6a26c5b\" data-element_type=\"container\" data-e-type=\"container\" data-settings=\"{&quot;background_background&quot;:&quot;classic&quot;,&quot;animation&quot;:&quot;none&quot;}\">\n\t\t\t\t\t<div class=\"e-con-inner\">\n\t\t\t\t<div class=\"elementor-element elementor-element-e04b15f elementor-invisible elementor-widget elementor-widget-text-editor\" data-id=\"e04b15f\" data-element_type=\"widget\" data-e-type=\"widget\" data-settings=\"{&quot;_animation&quot;:&quot;fadeInUp&quot;}\" data-widget_type=\"text-editor.default\">\n\t\t\t\t<div class=\"elementor-widget-container\">\n\t\t\t\t\t\t\t\t\t<h2>V\u00e5r l\u00f8sning: 3D-laserskanning og -modellering<\/h2><p>Ved hjelp av toppmoderne utstyr foretok vi en fullstendig skanning av kj\u00f8kkenomr\u00e5det, og tok bilder av alle overflater - fra vegger og gulv til vinduer, d\u00f8rer og eksisterende inventar. Resultatet ble <strong>3D-modell<\/strong> gitt en <strong>presis visuell og dimensjonal representasjon<\/strong> av kj\u00f8kkenet.<\/p><p>Med disse dataene genererte vi:<\/p><ul><li style=\"text-align: left;\"><strong>N\u00f8yaktige plantegninger<\/strong><\/li><li style=\"text-align: left;\"><strong>Detaljerte fasadetegninger<\/strong><\/li><li style=\"text-align: left;\"><strong>Digital dokumentasjon for samarbeid<\/strong><\/li><\/ul><p>Disse ressursene ble levert direkte til kj\u00f8kkendesignfirmaet, noe som effektiviserte prosessen og eliminerte gjettelekser.<\/p>\t\t\t\t\t\t\t\t<\/div>\n\t\t\t\t<\/div>\n\t\t\t\t\t<\/div>\n\t\t\t\t<\/div>\n\t\t<div class=\"elementor-element elementor-element-df4771a e-flex e-con-boxed e-con e-parent\" data-id=\"df4771a\" data-element_type=\"container\" data-e-type=\"container\" data-settings=\"{&quot;background_background&quot;:&quot;classic&quot;}\">\n\t\t\t\t\t<div class=\"e-con-inner\">\n\t\t\t\t<div class=\"elementor-element elementor-element-a75c6b3 animated-slow elementor-widget__width-initial elementor-invisible elementor-widget elementor-widget-heading\" data-id=\"a75c6b3\" data-element_type=\"widget\" data-e-type=\"widget\" data-settings=\"{&quot;_animation&quot;:&quot;slideInUp&quot;}\" data-widget_type=\"heading.default\">\n\t\t\t\t<div class=\"elementor-widget-container\">\n\t\t\t\t\t<h2 class=\"elementor-heading-title elementor-size-default\">Hvorfor bruke 3D-laserskanning til kj\u00f8kkenrenovering?<\/h2>\t\t\t\t<\/div>\n\t\t\t\t<\/div>\n\t\t\t\t<div class=\"elementor-element elementor-element-b7896a8 elementor-widget__width-initial elementor-invisible elementor-widget elementor-widget-text-editor\" data-id=\"b7896a8\" data-element_type=\"widget\" data-e-type=\"widget\" data-settings=\"{&quot;_animation&quot;:&quot;fadeInUp&quot;}\" data-widget_type=\"text-editor.default\">\n\t\t\t\t<div class=\"elementor-widget-container\">\n\t\t\t\t\t\t\t\t\t<h3 style=\"text-align: left;\">1. N\u00f8yaktige m\u00e5linger p\u00e5 kj\u00f8kkenet<\/h3><p>N\u00f8yaktige data eliminerer kostbare feil. Med skanning teller hver millimeter, og det er viktig i trange kj\u00f8kkenoppsett.<\/p>\t\t\t\t\t\t\t\t<\/div>\n\t\t\t\t<\/div>\n\t\t\t\t<div class=\"elementor-element elementor-element-a246da3 elementor-widget__width-initial elementor-invisible elementor-widget elementor-widget-text-editor\" data-id=\"a246da3\" data-element_type=\"widget\" data-e-type=\"widget\" data-settings=\"{&quot;_animation&quot;:&quot;fadeInUp&quot;}\" data-widget_type=\"text-editor.default\">\n\t\t\t\t<div class=\"elementor-widget-container\">\n\t\t\t\t\t\t\t\t\t<h3 style=\"text-align: left;\">2. Tydelig kommunikasjon mellom interessentene<\/h3><p>De detaljerte 3D-modellene gjorde det enkelt for <strong>huseiere, designere og entrepren\u00f8rer<\/strong> for \u00e5 visualisere og diskutere alle detaljer i prosjektet.<\/p>\t\t\t\t\t\t\t\t<\/div>\n\t\t\t\t<\/div>\n\t\t\t\t<div class=\"elementor-element elementor-element-e4486da elementor-widget__width-initial elementor-invisible elementor-widget elementor-widget-text-editor\" data-id=\"e4486da\" data-element_type=\"widget\" data-e-type=\"widget\" data-settings=\"{&quot;_animation&quot;:&quot;fadeInUp&quot;}\" data-widget_type=\"text-editor.default\">\n\t\t\t\t<div class=\"elementor-widget-container\">\n\t\t\t\t\t\t\t\t\t<h3 style=\"text-align: left;\">3. Reduserte kostnader og raskere gjennomf\u00f8ringstid<\/h3><p>N\u00f8yaktig planlegging bidro til \u00e5 unng\u00e5 forsinkelser, redusere materialsvinn og fremskynde renoveringen - noe som sparte b\u00e5de <strong>tid og penger<\/strong>.<\/p><p>Finn ut mer om v\u00e5r <strong><a href=\"https:\/\/ringstadhavna.com\/nb\/3d-skanning\/\">3D-skanningstjenester<\/a><\/strong> og hvordan de kan forenkle din neste renovering.<\/p>\t\t\t\t\t\t\t\t<\/div>\n\t\t\t\t<\/div>\n\t\t\t\t\t<\/div>\n\t\t\t\t<\/div>\n\t\t<div class=\"elementor-element elementor-element-db71966 e-flex e-con-boxed e-con e-parent\" data-id=\"db71966\" data-element_type=\"container\" data-e-type=\"container\" data-settings=\"{&quot;background_background&quot;:&quot;classic&quot;}\">\n\t\t\t\t\t<div class=\"e-con-inner\">\n\t\t\t\t<div class=\"elementor-element elementor-element-05365e0 animated-slow elementor-widget__width-initial elementor-invisible elementor-widget elementor-widget-heading\" data-id=\"05365e0\" data-element_type=\"widget\" data-e-type=\"widget\" data-settings=\"{&quot;_animation&quot;:&quot;slideInUp&quot;}\" data-widget_type=\"heading.default\">\n\t\t\t\t<div class=\"elementor-widget-container\">\n\t\t\t\t\t<h2 class=\"elementor-heading-title elementor-size-default\">Tilfredse kunder: Et kj\u00f8kken som passer som h\u00e5nd i hanske<\/h2>\t\t\t\t<\/div>\n\t\t\t\t<\/div>\n\t\t\t\t<div class=\"elementor-element elementor-element-067e1e1 elementor-widget__width-initial elementor-invisible elementor-widget elementor-widget-text-editor\" data-id=\"067e1e1\" data-element_type=\"widget\" data-e-type=\"widget\" data-settings=\"{&quot;_animation&quot;:&quot;fadeInUp&quot;}\" data-widget_type=\"text-editor.default\">\n\t\t\t\t<div class=\"elementor-widget-container\">\n\t\t\t\t\t\t\t\t\t<p>Takket v\u00e6re 3D-skanning passet den endelige designen perfekt til rommet, matchet huseierens forventninger og gjenspeilte oppsettet som kj\u00f8kkendesignteamet hadde sett for seg. Dette prosjektet viser hvordan <strong>moderne teknologi kan forbedre tradisjonell ombygging<\/strong> arbeidsflyter.<\/p>\t\t\t\t\t\t\t\t<\/div>\n\t\t\t\t<\/div>\n\t\t\t\t\t<\/div>\n\t\t\t\t<\/div>\n\t\t<div class=\"elementor-element elementor-element-95fd14a e-grid e-con-boxed e-con e-parent\" data-id=\"95fd14a\" data-element_type=\"container\" data-e-type=\"container\" data-settings=\"{&quot;background_background&quot;:&quot;classic&quot;}\">\n\t\t\t\t\t<div class=\"e-con-inner\">\n\t\t\t\t<div class=\"elementor-element elementor-element-8104487 animated-slow elementor-widget__width-initial elementor-invisible elementor-widget elementor-widget-heading\" data-id=\"8104487\" data-element_type=\"widget\" data-e-type=\"widget\" data-settings=\"{&quot;_animation&quot;:&quot;slideInUp&quot;}\" data-widget_type=\"heading.default\">\n\t\t\t\t<div class=\"elementor-widget-container\">\n\t\t\t\t\t<h2 class=\"elementor-heading-title elementor-size-default\">\u00d8nsker du lignende resultater? Kontakt oss i dag<\/h2>\t\t\t\t<\/div>\n\t\t\t\t<\/div>\n\t\t\t\t<div class=\"elementor-element elementor-element-9cef1e6 elementor-widget__width-initial elementor-invisible elementor-widget elementor-widget-text-editor\" data-id=\"9cef1e6\" data-element_type=\"widget\" data-e-type=\"widget\" data-settings=\"{&quot;_animation&quot;:&quot;fadeInUp&quot;}\" data-widget_type=\"text-editor.default\">\n\t\t\t\t<div class=\"elementor-widget-container\">\n\t\t\t\t\t\t\t\t\t<p>Hos Ringstadhavna er vi spesialister p\u00e5 \u00e5 levere <strong>banebrytende 3D-skanningstjenester<\/strong> som st\u00f8tter bygge-, renoverings- og designprosjekter over hele Norge og andre steder. Om du planlegger en kj\u00f8kkenoppgradering eller en mer omfattende ombygging, er vi her for \u00e5 hjelpe deg.<\/p><p><strong>Utforsk mer <a href=\"https:\/\/ringstadhavna.com\/nb\/prosjekter\/\"><span style=\"color: #ffffff;\">suksesshistorier fra prosjekter<\/span><\/a><\/strong><\/p><p><strong><a href=\"https:\/\/ringstadhavna.com\/nb\/kontakt-oss\/\"><span style=\"color: #ffffff;\">Ta kontakt med teamet v\u00e5rt<\/span><\/a><\/strong> for \u00e5 diskutere ditt neste prosjekt.<\/p>\t\t\t\t\t\t\t\t<\/div>\n\t\t\t\t<\/div>\n\t\t\t\t\t<\/div>\n\t\t\t\t<\/div>\n\t\t<div class=\"elementor-element elementor-element-22bc161 e-flex e-con-boxed e-con e-parent\" data-id=\"22bc161\" data-element_type=\"container\" data-e-type=\"container\" data-settings=\"{&quot;background_background&quot;:&quot;classic&quot;}\">\n\t\t\t\t\t<div class=\"e-con-inner\">\n\t\t\t\t<div class=\"elementor-element elementor-element-b6dd088 elementor-invisible elementor-widget elementor-widget-text-editor\" data-id=\"b6dd088\" data-element_type=\"widget\" data-e-type=\"widget\" data-settings=\"{&quot;_animation&quot;:&quot;fadeInUp&quot;}\" data-widget_type=\"text-editor.default\">\n\t\t\t\t<div class=\"elementor-widget-container\">\n\t\t\t\t\t\t\t\t\t<h2>Oppsummert:<\/h2><p>3D-laserskanning er ikke bare en trend - det er fremtiden for effektiv og feilfri kj\u00f8kkenoppussing. Enten du er huseier, designer eller entrepren\u00f8r, hjelper denne teknologien deg med \u00e5 spare tid, redusere kostnadene og f\u00e5 bedre resultater.<\/p><p>For profesjonell og p\u00e5litelig <strong>3D-laserskanning for ombygging av kj\u00f8kken<\/strong>kan du stole p\u00e5 ekspertene hos <a href=\"https:\/\/ringstadhavna.com\/nb\/\">Ringstadhavna<\/a>.<\/p>\t\t\t\t\t\t\t\t<\/div>\n\t\t\t\t<\/div>\n\t\t\t\t\t<\/div>\n\t\t\t\t<\/div>\n\t\t\t\t<\/div>","protected":false},"excerpt":{"rendered":"<p>3D Laser Scanning for Kitchen Remodeling: Precision in Every Detail Renovating a kitchen\u2014especially in an older home\u2014can be a complex task without access to reliable floor plans. That\u2019s where 3D laser scanning for kitchen remodeling becomes a game-changer. In this project, our team at Ringstadhavna successfully leveraged high-precision scanning technology to provide the homeowner and [&hellip;]<\/p>\n","protected":false},"author":3,"featured_media":2466,"parent":766,"menu_order":0,"comment_status":"closed","ping_status":"closed","template":"elementor_header_footer","meta":{"nf_dc_page":"","inline_featured_image":false,"site-sidebar-layout":"default","site-content-layout":"page-builder","ast-site-content-layout":"full-width-container","site-content-style":"unboxed","site-sidebar-style":"unboxed","ast-global-header-display":"","ast-banner-title-visibility":"","ast-main-header-display":"","ast-hfb-above-header-display":"","ast-hfb-below-header-display":"","ast-hfb-mobile-header-display":"","site-post-title":"disabled","ast-breadcrumbs-content":"","ast-featured-img":"disabled","footer-sml-layout":"","theme-transparent-header-meta":"enabled","adv-header-id-meta":"","stick-header-meta":"","header-above-stick-meta":"","header-main-stick-meta":"","header-below-stick-meta":"","astra-migrate-meta-layouts":"set","ast-page-background-enabled":"default","ast-page-background-meta":{"desktop":{"background-color":"","background-image":"","background-repeat":"repeat","background-position":"center center","background-size":"auto","background-attachment":"scroll","background-type":"","background-media":"","overlay-type":"","overlay-color":"","overlay-opacity":"","overlay-gradient":""},"tablet":{"background-color":"","background-image":"","background-repeat":"repeat","background-position":"center center","background-size":"auto","background-attachment":"scroll","background-type":"","background-media":"","overlay-type":"","overlay-color":"","overlay-opacity":"","overlay-gradient":""},"mobile":{"background-color":"","background-image":"","background-repeat":"repeat","background-position":"center center","background-size":"auto","background-attachment":"scroll","background-type":"","background-media":"","overlay-type":"","overlay-color":"","overlay-opacity":"","overlay-gradient":""}},"ast-content-background-meta":{"desktop":{"background-color":"var(--ast-global-color-5)","background-image":"","background-repeat":"repeat","background-position":"center center","background-size":"auto","background-attachment":"scroll","background-type":"","background-media":"","overlay-type":"","overlay-color":"","overlay-opacity":"","overlay-gradient":""},"tablet":{"background-color":"var(--ast-global-color-5)","background-image":"","background-repeat":"repeat","background-position":"center center","background-size":"auto","background-attachment":"scroll","background-type":"","background-media":"","overlay-type":"","overlay-color":"","overlay-opacity":"","overlay-gradient":""},"mobile":{"background-color":"var(--ast-global-color-5)","background-image":"","background-repeat":"repeat","background-position":"center center","background-size":"auto","background-attachment":"scroll","background-type":"","background-media":"","overlay-type":"","overlay-color":"","overlay-opacity":"","overlay-gradient":""}},"footnotes":""},"class_list":["post-2462","page","type-page","status-publish","has-post-thumbnail","hentry"],"aioseo_notices":[],"_links":{"self":[{"href":"https:\/\/ringstadhavna.com\/nb\/wp-json\/wp\/v2\/pages\/2462","targetHints":{"allow":["GET"]}}],"collection":[{"href":"https:\/\/ringstadhavna.com\/nb\/wp-json\/wp\/v2\/pages"}],"about":[{"href":"https:\/\/ringstadhavna.com\/nb\/wp-json\/wp\/v2\/types\/page"}],"author":[{"embeddable":true,"href":"https:\/\/ringstadhavna.com\/nb\/wp-json\/wp\/v2\/users\/3"}],"replies":[{"embeddable":true,"href":"https:\/\/ringstadhavna.com\/nb\/wp-json\/wp\/v2\/comments?post=2462"}],"version-history":[{"count":7,"href":"https:\/\/ringstadhavna.com\/nb\/wp-json\/wp\/v2\/pages\/2462\/revisions"}],"predecessor-version":[{"id":2476,"href":"https:\/\/ringstadhavna.com\/nb\/wp-json\/wp\/v2\/pages\/2462\/revisions\/2476"}],"up":[{"embeddable":true,"href":"https:\/\/ringstadhavna.com\/nb\/wp-json\/wp\/v2\/pages\/766"}],"wp:featuredmedia":[{"embeddable":true,"href":"https:\/\/ringstadhavna.com\/nb\/wp-json\/wp\/v2\/media\/2466"}],"wp:attachment":[{"href":"https:\/\/ringstadhavna.com\/nb\/wp-json\/wp\/v2\/media?parent=2462"}],"curies":[{"name":"wp","href":"https:\/\/api.w.org\/{rel}","templated":true}]}}