{"id":1517,"date":"2024-09-02T04:46:18","date_gmt":"2024-09-02T04:46:18","guid":{"rendered":"https:\/\/ringstadhavna.com\/?page_id=1517"},"modified":"2025-03-11T23:11:36","modified_gmt":"2025-03-11T23:11:36","slug":"3d-utskrift","status":"publish","type":"page","link":"https:\/\/ringstadhavna.com\/nb\/projects\/3d-printing\/","title":{"rendered":"3D-utskrift"},"content":{"rendered":"<div data-elementor-type=\"wp-post\" data-elementor-id=\"1517\" class=\"elementor elementor-1517\" data-elementor-post-type=\"page\">\n\t\t\t\t<div class=\"elementor-element elementor-element-65fa0c3 e-con-full e-flex e-con e-parent\" data-id=\"65fa0c3\" data-element_type=\"container\" data-e-type=\"container\" data-settings=\"{&quot;background_background&quot;:&quot;classic&quot;}\">\n\t\t<div class=\"elementor-element elementor-element-373b4fb e-con-full e-flex e-con e-child\" data-id=\"373b4fb\" data-element_type=\"container\" data-e-type=\"container\" data-settings=\"{&quot;background_background&quot;:&quot;gradient&quot;}\">\n\t\t\t\t<div class=\"elementor-element elementor-element-b5b41f1 animated-fast elementor-widget__width-initial elementor-widget-mobile__width-initial elementor-invisible elementor-widget elementor-widget-heading\" data-id=\"b5b41f1\" data-element_type=\"widget\" data-e-type=\"widget\" data-settings=\"{&quot;_animation&quot;:&quot;fadeInUp&quot;}\" data-widget_type=\"heading.default\">\n\t\t\t\t<div class=\"elementor-widget-container\">\n\t\t\t\t\t<h1 class=\"elementor-heading-title elementor-size-default\">3D-utskriftstjenester i Norge <\/h1>\t\t\t\t<\/div>\n\t\t\t\t<\/div>\n\t\t\t\t<\/div>\n\t\t\t\t<\/div>\n\t\t<div class=\"elementor-element elementor-element-9872e7f e-flex e-con-boxed e-con e-parent\" data-id=\"9872e7f\" data-element_type=\"container\" data-e-type=\"container\" data-settings=\"{&quot;background_background&quot;:&quot;classic&quot;}\">\n\t\t\t\t\t<div class=\"e-con-inner\">\n\t\t\t\t<div class=\"elementor-element elementor-element-15ca459 elementor-invisible elementor-widget elementor-widget-text-editor\" data-id=\"15ca459\" data-element_type=\"widget\" data-e-type=\"widget\" data-settings=\"{&quot;_animation&quot;:&quot;fadeInUp&quot;}\" data-widget_type=\"text-editor.default\">\n\t\t\t\t<div class=\"elementor-widget-container\">\n\t\t\t\t\t\t\t\t\t<p>Frigj\u00f8r potensialet til <a href=\"https:\/\/ringstadhavna.com\/nb\/\"><strong>profesjonell 3D-printing i Norge<\/strong><\/a> med <strong>Ringstadhavna Bygg Design AS<\/strong>. Vi tilbyr h\u00f8y kvalitet <strong>L\u00f8sninger for 3D-utskrift<\/strong> for \u00e5 hjelpe deg med \u00e5 lage prototyper, teste og realisere designene dine med presisjon og effektivitet.<\/p>\t\t\t\t\t\t\t\t<\/div>\n\t\t\t\t<\/div>\n\t\t\t\t\t<\/div>\n\t\t\t\t<\/div>\n\t\t<div class=\"elementor-element elementor-element-a3d69a0 e-flex e-con-boxed e-con e-parent\" data-id=\"a3d69a0\" data-element_type=\"container\" data-e-type=\"container\" data-settings=\"{&quot;background_background&quot;:&quot;classic&quot;}\">\n\t\t\t\t\t<div class=\"e-con-inner\">\n\t\t\t\t<div class=\"elementor-element elementor-element-5736768 animated-slow elementor-widget__width-initial elementor-invisible elementor-widget elementor-widget-heading\" data-id=\"5736768\" data-element_type=\"widget\" data-e-type=\"widget\" data-settings=\"{&quot;_animation&quot;:&quot;slideInUp&quot;}\" data-widget_type=\"heading.default\">\n\t\t\t\t<div class=\"elementor-widget-container\">\n\t\t\t\t\t<h2 class=\"elementor-heading-title elementor-size-default\">Hvorfor velge v\u00e5re 3D-utskriftstjenester?<\/h2>\t\t\t\t<\/div>\n\t\t\t\t<\/div>\n\t\t\t\t<div class=\"elementor-element elementor-element-bbc767a elementor-widget__width-initial elementor-invisible elementor-widget elementor-widget-text-editor\" data-id=\"bbc767a\" data-element_type=\"widget\" data-e-type=\"widget\" data-settings=\"{&quot;_animation&quot;:&quot;fadeInUp&quot;}\" data-widget_type=\"text-editor.default\">\n\t\t\t\t<div class=\"elementor-widget-container\">\n\t\t\t\t\t\t\t\t\t<ul><li><strong>Prototyping og testing av design<\/strong> - Perfeksjoner ideene dine ved \u00e5 lage n\u00f8yaktige og funksjonelle 3D-printede prototyper.<\/li><li><strong>Tilpassede verkt\u00f8y og komponenter<\/strong> - Produserer skreddersydde deler og utstyr for unike bruksomr\u00e5der.<\/li><li><strong>Erstatning for utrangerte deler<\/strong> - Reproduser gamle eller utilgjengelige komponenter med n\u00f8yaktige spesifikasjoner.<\/li><li><strong>Materialer av h\u00f8y kvalitet<\/strong> - Sikre holdbarhet og ytelse med f\u00f8rsteklasses trykkmaterialer.<\/li><\/ul>\t\t\t\t\t\t\t\t<\/div>\n\t\t\t\t<\/div>\n\t\t\t\t\t<\/div>\n\t\t\t\t<\/div>\n\t\t<div class=\"elementor-element elementor-element-e4caa9a e-flex e-con-boxed e-con e-parent\" data-id=\"e4caa9a\" data-element_type=\"container\" data-e-type=\"container\" data-settings=\"{&quot;background_background&quot;:&quot;classic&quot;}\">\n\t\t\t\t\t<div class=\"e-con-inner\">\n\t\t\t\t<div class=\"elementor-element elementor-element-d2895dc animated-slow elementor-widget__width-initial elementor-invisible elementor-widget elementor-widget-heading\" data-id=\"d2895dc\" data-element_type=\"widget\" data-e-type=\"widget\" data-settings=\"{&quot;_animation&quot;:&quot;slideInUp&quot;}\" data-widget_type=\"heading.default\">\n\t\t\t\t<div class=\"elementor-widget-container\">\n\t\t\t\t\t<h2 class=\"elementor-heading-title elementor-size-default\">Avansert 3D-modellering og terrengkartlegging<\/h2>\t\t\t\t<\/div>\n\t\t\t\t<\/div>\n\t\t\t\t<div class=\"elementor-element elementor-element-0325342 elementor-widget__width-initial elementor-invisible elementor-widget elementor-widget-text-editor\" data-id=\"0325342\" data-element_type=\"widget\" data-e-type=\"widget\" data-settings=\"{&quot;_animation&quot;:&quot;fadeInUp&quot;}\" data-widget_type=\"text-editor.default\">\n\t\t\t\t<div class=\"elementor-widget-container\">\n\t\t\t\t\t\t\t\t\t<p>Vi integrerer <strong>3D-m\u00e5linger og terrengkartlegging<\/strong> for \u00e5 skape <strong>digitale terrengmodeller (DTM)<\/strong> og <strong>digitale h\u00f8ydemodeller (DEM)<\/strong>. Denne teknologien sikrer perfekt kompatibilitet mellom designene dine og omgivelsene.<\/p>\t\t\t\t\t\t\t\t<\/div>\n\t\t\t\t<\/div>\n\t\t\t\t\t<\/div>\n\t\t\t\t<\/div>\n\t\t<div class=\"elementor-element elementor-element-5dc39d5 e-grid e-con-boxed e-con e-parent\" data-id=\"5dc39d5\" data-element_type=\"container\" data-e-type=\"container\" data-settings=\"{&quot;background_background&quot;:&quot;classic&quot;}\">\n\t\t\t\t\t<div class=\"e-con-inner\">\n\t\t\t\t<div class=\"elementor-element elementor-element-3067559 animated-slow elementor-widget__width-initial elementor-invisible elementor-widget elementor-widget-heading\" data-id=\"3067559\" data-element_type=\"widget\" data-e-type=\"widget\" data-settings=\"{&quot;_animation&quot;:&quot;slideInUp&quot;}\" data-widget_type=\"heading.default\">\n\t\t\t\t<div class=\"elementor-widget-container\">\n\t\t\t\t\t<h2 class=\"elementor-heading-title elementor-size-default\">Presisjon med original Prusa i3 MK3S+-utstyr<\/h2>\t\t\t\t<\/div>\n\t\t\t\t<\/div>\n\t\t\t\t<div class=\"elementor-element elementor-element-07113bb elementor-widget__width-initial elementor-invisible elementor-widget elementor-widget-text-editor\" data-id=\"07113bb\" data-element_type=\"widget\" data-e-type=\"widget\" data-settings=\"{&quot;_animation&quot;:&quot;fadeInUp&quot;}\" data-widget_type=\"text-editor.default\">\n\t\t\t\t<div class=\"elementor-widget-container\">\n\t\t\t\t\t\t\t\t\t<p>3D-utskriftstjenestene v\u00e5re bruker <strong>Original Prusa i3 MK3S+<\/strong>Den er kjent for sin p\u00e5litelighet, n\u00f8yaktighet og h\u00f8ye utskriftskvalitet. Denne bransjeledende skriveren s\u00f8rger for at alle detaljer i designet ditt blir perfekt gjengitt.<\/p>\t\t\t\t\t\t\t\t<\/div>\n\t\t\t\t<\/div>\n\t\t\t\t\t<\/div>\n\t\t\t\t<\/div>\n\t\t<div class=\"elementor-element elementor-element-cf09f70 e-flex e-con-boxed e-con e-parent\" data-id=\"cf09f70\" data-element_type=\"container\" data-e-type=\"container\" data-settings=\"{&quot;background_background&quot;:&quot;classic&quot;}\">\n\t\t\t\t\t<div class=\"e-con-inner\">\n\t\t\t\t<div class=\"elementor-element elementor-element-4064f4a animated-slow elementor-widget__width-initial elementor-invisible elementor-widget elementor-widget-heading\" data-id=\"4064f4a\" data-element_type=\"widget\" data-e-type=\"widget\" data-settings=\"{&quot;_animation&quot;:&quot;slideInUp&quot;}\" data-widget_type=\"heading.default\">\n\t\t\t\t<div class=\"elementor-widget-container\">\n\t\t\t\t\t<h2 class=\"elementor-heading-title elementor-size-default\">S\u00f8ml\u00f8s planlegging med 3D-skanning<\/h2>\t\t\t\t<\/div>\n\t\t\t\t<\/div>\n\t\t\t\t<div class=\"elementor-element elementor-element-e9b9f22 elementor-widget__width-initial elementor-invisible elementor-widget elementor-widget-text-editor\" data-id=\"e9b9f22\" data-element_type=\"widget\" data-e-type=\"widget\" data-settings=\"{&quot;_animation&quot;:&quot;fadeInUp&quot;}\" data-widget_type=\"text-editor.default\">\n\t\t\t\t<div class=\"elementor-widget-container\">\n\t\t\t\t\t\t\t\t\t<p>Forbedre designarbeidsflyten din med v\u00e5r <a href=\"https:\/\/ringstadhavna.com\/nb\/3d-skanning\/\"><strong>3D-skanning<\/strong><\/a> tjenester. Fang opp presise data og gj\u00f8r ideene dine til virkelighet med eksepsjonell detaljrikdom.<\/p>\t\t\t\t\t\t\t\t<\/div>\n\t\t\t\t<\/div>\n\t\t\t\t\t<\/div>\n\t\t\t\t<\/div>\n\t\t<div class=\"elementor-element elementor-element-d530ad8 e-flex e-con-boxed e-con e-parent\" data-id=\"d530ad8\" data-element_type=\"container\" data-e-type=\"container\" data-settings=\"{&quot;background_background&quot;:&quot;classic&quot;}\">\n\t\t\t\t\t<div class=\"e-con-inner\">\n\t\t\t\t<div class=\"elementor-element elementor-element-0ae46f9 elementor-invisible elementor-widget elementor-widget-text-editor\" data-id=\"0ae46f9\" data-element_type=\"widget\" data-e-type=\"widget\" data-settings=\"{&quot;_animation&quot;:&quot;fadeInUp&quot;}\" data-widget_type=\"text-editor.default\">\n\t\t\t\t<div class=\"elementor-widget-container\">\n\t\t\t\t\t\t\t\t\t<h3><strong>Utforsk prosjektene v\u00e5re<\/strong><\/h3><p>Se hvordan <strong>Ringstadhavna Bygg Design AS<\/strong> bringer innovasjon til liv p\u00e5 v\u00e5re <a href=\"https:\/\/ringstadhavna.com\/nb\/prosjekter\/\"><strong>Prosjekter<\/strong><\/a> side. Vi forvandler ideer til virkelighet - fra arkitektonisk design til spesialtilpassede deler. L\u00e6r mer om v\u00e5re <a href=\"https:\/\/ringstadhavna.com\/nb\/3d-utskrift\/\"><strong>3D-utskrift<\/strong><\/a> og hvordan vi kan st\u00f8tte prosjektene dine.<\/p>\t\t\t\t\t\t\t\t<\/div>\n\t\t\t\t<\/div>\n\t\t\t\t\t<\/div>\n\t\t\t\t<\/div>\n\t\t\t\t<\/div>","protected":false},"excerpt":{"rendered":"<p>3D Printing Services in Norway Unlock the potential of professional 3D printing in Norway with Ringstadhavna Bygg Design AS. We offer high-quality 3D printing solutions to help you prototype, test, and bring your designs to life with precision and efficiency. Why Choose Our 3D Printing Services? Design Prototyping &amp; Testing \u2013 Perfect your ideas by [&hellip;]<\/p>\n","protected":false},"author":1,"featured_media":2291,"parent":766,"menu_order":0,"comment_status":"closed","ping_status":"closed","template":"","meta":{"nf_dc_page":"","inline_featured_image":false,"site-sidebar-layout":"default","site-content-layout":"page-builder","ast-site-content-layout":"full-width-container","site-content-style":"unboxed","site-sidebar-style":"unboxed","ast-global-header-display":"","ast-banner-title-visibility":"","ast-main-header-display":"","ast-hfb-above-header-display":"","ast-hfb-below-header-display":"","ast-hfb-mobile-header-display":"","site-post-title":"disabled","ast-breadcrumbs-content":"","ast-featured-img":"disabled","footer-sml-layout":"","theme-transparent-header-meta":"enabled","adv-header-id-meta":"","stick-header-meta":"","header-above-stick-meta":"","header-main-stick-meta":"","header-below-stick-meta":"","astra-migrate-meta-layouts":"set","ast-page-background-enabled":"default","ast-page-background-meta":{"desktop":{"background-color":"","background-image":"","background-repeat":"repeat","background-position":"center center","background-size":"auto","background-attachment":"scroll","background-type":"","background-media":"","overlay-type":"","overlay-color":"","overlay-opacity":"","overlay-gradient":""},"tablet":{"background-color":"","background-image":"","background-repeat":"repeat","background-position":"center center","background-size":"auto","background-attachment":"scroll","background-type":"","background-media":"","overlay-type":"","overlay-color":"","overlay-opacity":"","overlay-gradient":""},"mobile":{"background-color":"","background-image":"","background-repeat":"repeat","background-position":"center center","background-size":"auto","background-attachment":"scroll","background-type":"","background-media":"","overlay-type":"","overlay-color":"","overlay-opacity":"","overlay-gradient":""}},"ast-content-background-meta":{"desktop":{"background-color":"var(--ast-global-color-5)","background-image":"","background-repeat":"repeat","background-position":"center center","background-size":"auto","background-attachment":"scroll","background-type":"","background-media":"","overlay-type":"","overlay-color":"","overlay-opacity":"","overlay-gradient":""},"tablet":{"background-color":"var(--ast-global-color-5)","background-image":"","background-repeat":"repeat","background-position":"center center","background-size":"auto","background-attachment":"scroll","background-type":"","background-media":"","overlay-type":"","overlay-color":"","overlay-opacity":"","overlay-gradient":""},"mobile":{"background-color":"var(--ast-global-color-5)","background-image":"","background-repeat":"repeat","background-position":"center center","background-size":"auto","background-attachment":"scroll","background-type":"","background-media":"","overlay-type":"","overlay-color":"","overlay-opacity":"","overlay-gradient":""}},"footnotes":""},"class_list":["post-1517","page","type-page","status-publish","has-post-thumbnail","hentry"],"aioseo_notices":[],"_links":{"self":[{"href":"https:\/\/ringstadhavna.com\/nb\/wp-json\/wp\/v2\/pages\/1517","targetHints":{"allow":["GET"]}}],"collection":[{"href":"https:\/\/ringstadhavna.com\/nb\/wp-json\/wp\/v2\/pages"}],"about":[{"href":"https:\/\/ringstadhavna.com\/nb\/wp-json\/wp\/v2\/types\/page"}],"author":[{"embeddable":true,"href":"https:\/\/ringstadhavna.com\/nb\/wp-json\/wp\/v2\/users\/1"}],"replies":[{"embeddable":true,"href":"https:\/\/ringstadhavna.com\/nb\/wp-json\/wp\/v2\/comments?post=1517"}],"version-history":[{"count":7,"href":"https:\/\/ringstadhavna.com\/nb\/wp-json\/wp\/v2\/pages\/1517\/revisions"}],"predecessor-version":[{"id":2294,"href":"https:\/\/ringstadhavna.com\/nb\/wp-json\/wp\/v2\/pages\/1517\/revisions\/2294"}],"up":[{"embeddable":true,"href":"https:\/\/ringstadhavna.com\/nb\/wp-json\/wp\/v2\/pages\/766"}],"wp:featuredmedia":[{"embeddable":true,"href":"https:\/\/ringstadhavna.com\/nb\/wp-json\/wp\/v2\/media\/2291"}],"wp:attachment":[{"href":"https:\/\/ringstadhavna.com\/nb\/wp-json\/wp\/v2\/media?parent=1517"}],"curies":[{"name":"wp","href":"https:\/\/api.w.org\/{rel}","templated":true}]}}