{"id":1508,"date":"2024-09-02T04:42:59","date_gmt":"2024-09-02T04:42:59","guid":{"rendered":"https:\/\/ringstadhavna.com\/?page_id=1508"},"modified":"2025-03-11T23:29:32","modified_gmt":"2025-03-11T23:29:32","slug":"profesjonell-3d-modellering","status":"publish","type":"page","link":"https:\/\/ringstadhavna.com\/nb\/projects\/professional-3d-modeling\/","title":{"rendered":"Profesjonell 3D-modellering"},"content":{"rendered":"<div data-elementor-type=\"wp-post\" data-elementor-id=\"1508\" class=\"elementor elementor-1508\" data-elementor-post-type=\"page\">\n\t\t\t\t<div class=\"elementor-element elementor-element-3b1bfe8 e-con-full e-flex e-con e-parent\" data-id=\"3b1bfe8\" data-element_type=\"container\" data-e-type=\"container\" data-settings=\"{&quot;background_background&quot;:&quot;classic&quot;}\">\n\t\t<div class=\"elementor-element elementor-element-92a983d e-con-full e-flex e-con e-child\" data-id=\"92a983d\" data-element_type=\"container\" data-e-type=\"container\" data-settings=\"{&quot;background_background&quot;:&quot;gradient&quot;}\">\n\t\t\t\t<div class=\"elementor-element elementor-element-9692efc animated-fast elementor-widget__width-initial elementor-widget-mobile__width-initial elementor-invisible elementor-widget elementor-widget-heading\" data-id=\"9692efc\" data-element_type=\"widget\" data-e-type=\"widget\" data-settings=\"{&quot;_animation&quot;:&quot;fadeInUp&quot;}\" data-widget_type=\"heading.default\">\n\t\t\t\t<div class=\"elementor-widget-container\">\n\t\t\t\t\t<h1 class=\"elementor-heading-title elementor-size-default\">Profesjonell 3D-modellering og visualisering<\/h1>\t\t\t\t<\/div>\n\t\t\t\t<\/div>\n\t\t\t\t<\/div>\n\t\t\t\t<\/div>\n\t\t<div class=\"elementor-element elementor-element-61b43a8 e-flex e-con-boxed e-con e-parent\" data-id=\"61b43a8\" data-element_type=\"container\" data-e-type=\"container\" data-settings=\"{&quot;background_background&quot;:&quot;classic&quot;}\">\n\t\t\t\t\t<div class=\"e-con-inner\">\n\t\t\t\t<div class=\"elementor-element elementor-element-001cd5f elementor-invisible elementor-widget elementor-widget-text-editor\" data-id=\"001cd5f\" data-element_type=\"widget\" data-e-type=\"widget\" data-settings=\"{&quot;_animation&quot;:&quot;fadeInUp&quot;}\" data-widget_type=\"text-editor.default\">\n\t\t\t\t<div class=\"elementor-widget-container\">\n\t\t\t\t\t\t\t\t\t<p>Erfaring <strong>hyperrealistisk 3D-modellering i Norge<\/strong> med <strong>Ringstadhavna Bygg Design AS<\/strong>. <a href=\"https:\/\/ringstadhavna.com\/nb\/tjenester\/\">Vi tilbyr<\/a> <strong>profesjonell 3D-modellering, statisk rendering, animasjon og virtuell virkelighet<\/strong>og gir liv til dine arkitektoniske visjoner med eksepsjonell detaljrikdom og presisjon.<\/p>\t\t\t\t\t\t\t\t<\/div>\n\t\t\t\t<\/div>\n\t\t\t\t\t<\/div>\n\t\t\t\t<\/div>\n\t\t<div class=\"elementor-element elementor-element-d748cb9 e-flex e-con-boxed e-con e-parent\" data-id=\"d748cb9\" data-element_type=\"container\" data-e-type=\"container\" data-settings=\"{&quot;background_background&quot;:&quot;classic&quot;}\">\n\t\t\t\t\t<div class=\"e-con-inner\">\n\t\t\t\t<div class=\"elementor-element elementor-element-1b60cfd animated-slow elementor-invisible elementor-widget elementor-widget-image\" data-id=\"1b60cfd\" data-element_type=\"widget\" data-e-type=\"widget\" data-settings=\"{&quot;_animation&quot;:&quot;fadeInUp&quot;}\" data-widget_type=\"image.default\">\n\t\t\t\t<div class=\"elementor-widget-container\">\n\t\t\t\t\t\t\t\t\t\t\t\t\t\t\t<img decoding=\"async\" src=\"https:\/\/ringstadhavna.com\/wp-content\/uploads\/2025\/02\/3D-Modeling-Visualization.webp\" title=\"3D-modellering og visualisering\" alt=\"3D-modellering og visualisering\" loading=\"lazy\" \/>\t\t\t\t\t\t\t\t\t\t\t\t\t\t\t<\/div>\n\t\t\t\t<\/div>\n\t\t\t\t\t<\/div>\n\t\t\t\t<\/div>\n\t\t<div class=\"elementor-element elementor-element-7779d63 e-flex e-con-boxed e-con e-parent\" data-id=\"7779d63\" data-element_type=\"container\" data-e-type=\"container\" data-settings=\"{&quot;background_background&quot;:&quot;classic&quot;}\">\n\t\t\t\t\t<div class=\"e-con-inner\">\n\t\t\t\t<div class=\"elementor-element elementor-element-e932c42 animated-slow elementor-widget__width-initial elementor-invisible elementor-widget elementor-widget-heading\" data-id=\"e932c42\" data-element_type=\"widget\" data-e-type=\"widget\" data-settings=\"{&quot;_animation&quot;:&quot;slideInUp&quot;}\" data-widget_type=\"heading.default\">\n\t\t\t\t<div class=\"elementor-widget-container\">\n\t\t\t\t\t<h2 class=\"elementor-heading-title elementor-size-default\">Hvorfor velge v\u00e5re 3D-modelleringstjenester?<\/h2>\t\t\t\t<\/div>\n\t\t\t\t<\/div>\n\t\t\t\t<div class=\"elementor-element elementor-element-56d37ff elementor-widget__width-initial elementor-invisible elementor-widget elementor-widget-text-editor\" data-id=\"56d37ff\" data-element_type=\"widget\" data-e-type=\"widget\" data-settings=\"{&quot;_animation&quot;:&quot;fadeInUp&quot;}\" data-widget_type=\"text-editor.default\">\n\t\t\t\t<div class=\"elementor-widget-container\">\n\t\t\t\t\t\t\t\t\t<ul><li><strong>Hyperrealistisk grafikk<\/strong> - V\u00e5re 3D-modeller av h\u00f8y kvalitet gir naturtro gjengivelser av arkitektur, interi\u00f8r og landskap.<\/li><li><strong>Statisk gjengivelse og animasjon<\/strong> - Lag fantastiske stillbilder eller dynamiske animasjoner for \u00e5 vise frem prosjektene dine.<\/li><li><strong>Opplevelser i virtuell virkelighet (VR)<\/strong> - Lev deg inn i designet ditt med interaktive VR-representasjoner.<\/li><li><strong>N\u00f8yaktig terrengkartlegging<\/strong> - Vi samler inn <strong>3D-m\u00e5linger<\/strong> for \u00e5 skape <strong>digitale terrengmodeller (DTM)<\/strong> og <strong>digitale h\u00f8ydemodeller (DEM)<\/strong>og sikrer n\u00f8yaktig integrering i landskapet.<\/li><\/ul>\t\t\t\t\t\t\t\t<\/div>\n\t\t\t\t<\/div>\n\t\t\t\t\t<\/div>\n\t\t\t\t<\/div>\n\t\t<div class=\"elementor-element elementor-element-1b652f2 e-flex e-con-boxed e-con e-parent\" data-id=\"1b652f2\" data-element_type=\"container\" data-e-type=\"container\" data-settings=\"{&quot;background_background&quot;:&quot;classic&quot;}\">\n\t\t\t\t\t<div class=\"e-con-inner\">\n\t\t\t\t<div class=\"elementor-element elementor-element-0bd7d2c animated-slow elementor-widget__width-initial elementor-invisible elementor-widget elementor-widget-heading\" data-id=\"0bd7d2c\" data-element_type=\"widget\" data-e-type=\"widget\" data-settings=\"{&quot;_animation&quot;:&quot;slideInUp&quot;}\" data-widget_type=\"heading.default\">\n\t\t\t\t<div class=\"elementor-widget-container\">\n\t\t\t\t\t<h2 class=\"elementor-heading-title elementor-size-default\">Avansert 3D-skanning og -kartlegging<\/h2>\t\t\t\t<\/div>\n\t\t\t\t<\/div>\n\t\t\t\t<div class=\"elementor-element elementor-element-3948aac elementor-widget__width-initial elementor-invisible elementor-widget elementor-widget-text-editor\" data-id=\"3948aac\" data-element_type=\"widget\" data-e-type=\"widget\" data-settings=\"{&quot;_animation&quot;:&quot;fadeInUp&quot;}\" data-widget_type=\"text-editor.default\">\n\t\t\t\t<div class=\"elementor-widget-container\">\n\t\t\t\t\t\t\t\t\t<p>Forbedre designn\u00f8yaktigheten din med v\u00e5r <a href=\"https:\/\/ringstadhavna.com\/nb\/3d-skanning\/\"><strong>3D-skanning<\/strong><\/a> tjenester. V\u00e5r banebrytende teknologi fanger opp detaljerte terrengdata for feilfrie digitale modeller.<\/p>\t\t\t\t\t\t\t\t<\/div>\n\t\t\t\t<\/div>\n\t\t\t\t\t<\/div>\n\t\t\t\t<\/div>\n\t\t<div class=\"elementor-element elementor-element-b345fb2 e-grid e-con-boxed e-con e-parent\" data-id=\"b345fb2\" data-element_type=\"container\" data-e-type=\"container\" data-settings=\"{&quot;background_background&quot;:&quot;classic&quot;}\">\n\t\t\t\t\t<div class=\"e-con-inner\">\n\t\t\t\t<div class=\"elementor-element elementor-element-1f84918 animated-slow elementor-widget__width-initial elementor-invisible elementor-widget elementor-widget-heading\" data-id=\"1f84918\" data-element_type=\"widget\" data-e-type=\"widget\" data-settings=\"{&quot;_animation&quot;:&quot;slideInUp&quot;}\" data-widget_type=\"heading.default\">\n\t\t\t\t<div class=\"elementor-widget-container\">\n\t\t\t\t\t<h2 class=\"elementor-heading-title elementor-size-default\">S\u00f8ml\u00f8s planlegging og visualisering<\/h2>\t\t\t\t<\/div>\n\t\t\t\t<\/div>\n\t\t\t\t<div class=\"elementor-element elementor-element-18d145a elementor-widget__width-initial elementor-invisible elementor-widget elementor-widget-text-editor\" data-id=\"18d145a\" data-element_type=\"widget\" data-e-type=\"widget\" data-settings=\"{&quot;_animation&quot;:&quot;fadeInUp&quot;}\" data-widget_type=\"text-editor.default\">\n\t\t\t\t<div class=\"elementor-widget-container\">\n\t\t\t\t\t\t\t\t\t<p>V\u00e5re <strong>tekniske tegnere i Norge<\/strong> produserer grundige digitale modeller som gir omfattende og realistiske prosjektvisualiseringer.<\/p>\t\t\t\t\t\t\t\t<\/div>\n\t\t\t\t<\/div>\n\t\t\t\t\t<\/div>\n\t\t\t\t<\/div>\n\t\t<div class=\"elementor-element elementor-element-2760b46 e-flex e-con-boxed e-con e-parent\" data-id=\"2760b46\" data-element_type=\"container\" data-e-type=\"container\" data-settings=\"{&quot;background_background&quot;:&quot;classic&quot;}\">\n\t\t\t\t\t<div class=\"e-con-inner\">\n\t\t\t\t<div class=\"elementor-element elementor-element-43646fe elementor-invisible elementor-widget elementor-widget-text-editor\" data-id=\"43646fe\" data-element_type=\"widget\" data-e-type=\"widget\" data-settings=\"{&quot;_animation&quot;:&quot;fadeInUp&quot;}\" data-widget_type=\"text-editor.default\">\n\t\t\t\t<div class=\"elementor-widget-container\">\n\t\t\t\t\t\t\t\t\t<h3><strong>Utforsk prosjektene v\u00e5re<\/strong><\/h3><p>Oppdag hvordan <a href=\"https:\/\/ringstadhavna.com\/nb\/\"><strong>Ringstadhavna Bygg Design AS<\/strong><\/a> forvandler ideer til virkelighet p\u00e5 v\u00e5re <a href=\"https:\/\/ringstadhavna.com\/nb\/prosjekter\/\"><strong>Prosjekter<\/strong><\/a> side. Vi leverer innovasjon og kvalitet, fra arkitektonisk design til landskapsmodellering.<\/p>\t\t\t\t\t\t\t\t<\/div>\n\t\t\t\t<\/div>\n\t\t\t\t\t<\/div>\n\t\t\t\t<\/div>\n\t\t\t\t<\/div>","protected":false},"excerpt":{"rendered":"<p>Professional 3D Modeling &amp; Visualization Experience hyperrealistic 3D modeling in Norway with Ringstadhavna Bygg Design AS. We offer professional 3D modeling, static rendering, animation, and virtual reality representations, bringing your architectural visions to life with exceptional detail and precision. Why Choose Our 3D Modeling Services? Hyperrealistic Visuals \u2013 Our high-quality 3D models provide lifelike representations [&hellip;]<\/p>\n","protected":false},"author":1,"featured_media":2277,"parent":766,"menu_order":0,"comment_status":"closed","ping_status":"closed","template":"","meta":{"nf_dc_page":"","inline_featured_image":false,"site-sidebar-layout":"default","site-content-layout":"page-builder","ast-site-content-layout":"full-width-container","site-content-style":"unboxed","site-sidebar-style":"unboxed","ast-global-header-display":"","ast-banner-title-visibility":"","ast-main-header-display":"","ast-hfb-above-header-display":"","ast-hfb-below-header-display":"","ast-hfb-mobile-header-display":"","site-post-title":"disabled","ast-breadcrumbs-content":"","ast-featured-img":"disabled","footer-sml-layout":"","theme-transparent-header-meta":"enabled","adv-header-id-meta":"","stick-header-meta":"","header-above-stick-meta":"","header-main-stick-meta":"","header-below-stick-meta":"","astra-migrate-meta-layouts":"set","ast-page-background-enabled":"default","ast-page-background-meta":{"desktop":{"background-color":"","background-image":"","background-repeat":"repeat","background-position":"center center","background-size":"auto","background-attachment":"scroll","background-type":"","background-media":"","overlay-type":"","overlay-color":"","overlay-opacity":"","overlay-gradient":""},"tablet":{"background-color":"","background-image":"","background-repeat":"repeat","background-position":"center center","background-size":"auto","background-attachment":"scroll","background-type":"","background-media":"","overlay-type":"","overlay-color":"","overlay-opacity":"","overlay-gradient":""},"mobile":{"background-color":"","background-image":"","background-repeat":"repeat","background-position":"center center","background-size":"auto","background-attachment":"scroll","background-type":"","background-media":"","overlay-type":"","overlay-color":"","overlay-opacity":"","overlay-gradient":""}},"ast-content-background-meta":{"desktop":{"background-color":"var(--ast-global-color-5)","background-image":"","background-repeat":"repeat","background-position":"center center","background-size":"auto","background-attachment":"scroll","background-type":"","background-media":"","overlay-type":"","overlay-color":"","overlay-opacity":"","overlay-gradient":""},"tablet":{"background-color":"var(--ast-global-color-5)","background-image":"","background-repeat":"repeat","background-position":"center center","background-size":"auto","background-attachment":"scroll","background-type":"","background-media":"","overlay-type":"","overlay-color":"","overlay-opacity":"","overlay-gradient":""},"mobile":{"background-color":"var(--ast-global-color-5)","background-image":"","background-repeat":"repeat","background-position":"center center","background-size":"auto","background-attachment":"scroll","background-type":"","background-media":"","overlay-type":"","overlay-color":"","overlay-opacity":"","overlay-gradient":""}},"footnotes":""},"class_list":["post-1508","page","type-page","status-publish","has-post-thumbnail","hentry"],"aioseo_notices":[],"_links":{"self":[{"href":"https:\/\/ringstadhavna.com\/nb\/wp-json\/wp\/v2\/pages\/1508","targetHints":{"allow":["GET"]}}],"collection":[{"href":"https:\/\/ringstadhavna.com\/nb\/wp-json\/wp\/v2\/pages"}],"about":[{"href":"https:\/\/ringstadhavna.com\/nb\/wp-json\/wp\/v2\/types\/page"}],"author":[{"embeddable":true,"href":"https:\/\/ringstadhavna.com\/nb\/wp-json\/wp\/v2\/users\/1"}],"replies":[{"embeddable":true,"href":"https:\/\/ringstadhavna.com\/nb\/wp-json\/wp\/v2\/comments?post=1508"}],"version-history":[{"count":16,"href":"https:\/\/ringstadhavna.com\/nb\/wp-json\/wp\/v2\/pages\/1508\/revisions"}],"predecessor-version":[{"id":2289,"href":"https:\/\/ringstadhavna.com\/nb\/wp-json\/wp\/v2\/pages\/1508\/revisions\/2289"}],"up":[{"embeddable":true,"href":"https:\/\/ringstadhavna.com\/nb\/wp-json\/wp\/v2\/pages\/766"}],"wp:featuredmedia":[{"embeddable":true,"href":"https:\/\/ringstadhavna.com\/nb\/wp-json\/wp\/v2\/media\/2277"}],"wp:attachment":[{"href":"https:\/\/ringstadhavna.com\/nb\/wp-json\/wp\/v2\/media?parent=1508"}],"curies":[{"name":"wp","href":"https:\/\/api.w.org\/{rel}","templated":true}]}}