{"id":1500,"date":"2024-09-02T04:40:44","date_gmt":"2024-09-02T04:40:44","guid":{"rendered":"https:\/\/ringstadhavna.com\/?page_id=1500"},"modified":"2025-04-11T19:01:59","modified_gmt":"2025-04-11T19:01:59","slug":"dobbel-garasje-med-leilighet","status":"publish","type":"page","link":"https:\/\/ringstadhavna.com\/nb\/projects\/double-garage-with-apartment\/","title":{"rendered":"Dobbeltgarasje med leilighet"},"content":{"rendered":"<div data-elementor-type=\"wp-post\" data-elementor-id=\"1500\" class=\"elementor elementor-1500\" data-elementor-post-type=\"page\">\n\t\t\t\t<div class=\"elementor-element elementor-element-9acae3c e-con-full e-flex e-con e-parent\" data-id=\"9acae3c\" data-element_type=\"container\" data-e-type=\"container\" data-settings=\"{&quot;background_background&quot;:&quot;classic&quot;}\">\n\t\t<div class=\"elementor-element elementor-element-0d3035b e-con-full e-flex e-con e-child\" data-id=\"0d3035b\" data-element_type=\"container\" data-e-type=\"container\" data-settings=\"{&quot;background_background&quot;:&quot;gradient&quot;}\">\n\t\t\t\t<div class=\"elementor-element elementor-element-9041d3c animated-fast elementor-widget__width-initial elementor-widget-mobile__width-initial elementor-invisible elementor-widget elementor-widget-heading\" data-id=\"9041d3c\" data-element_type=\"widget\" data-e-type=\"widget\" data-settings=\"{&quot;_animation&quot;:&quot;fadeInUp&quot;}\" data-widget_type=\"heading.default\">\n\t\t\t\t<div class=\"elementor-widget-container\">\n\t\t\t\t\t<h1 class=\"elementor-heading-title elementor-size-default\">Dobbeltgarasje med leilighet<\/br>Smart utnyttelse av plassen<\/h1>\t\t\t\t<\/div>\n\t\t\t\t<\/div>\n\t\t\t\t<\/div>\n\t\t\t\t<\/div>\n\t\t<div class=\"elementor-element elementor-element-29d2295 e-flex e-con-boxed e-con e-parent\" data-id=\"29d2295\" data-element_type=\"container\" data-e-type=\"container\" data-settings=\"{&quot;background_background&quot;:&quot;classic&quot;}\">\n\t\t\t\t\t<div class=\"e-con-inner\">\n\t\t\t\t<div class=\"elementor-element elementor-element-789cb86 elementor-invisible elementor-widget elementor-widget-text-editor\" data-id=\"789cb86\" data-element_type=\"widget\" data-e-type=\"widget\" data-settings=\"{&quot;_animation&quot;:&quot;fadeInUp&quot;}\" data-widget_type=\"text-editor.default\">\n\t\t\t\t<div class=\"elementor-widget-container\">\n\t\t\t\t\t\t\t\t\t<p>Maksimer eiendommens potensial med en <strong>dobbel garasje med leilighet i Norge<\/strong>. P\u00e5 <strong>Ringstadhavna Bygg Design AS<\/strong>designer vi <strong>tilpassede garasje-leilighetsprosjekter<\/strong> som gir b\u00e5de praktisk oppbevaring og ekstra boareal. Enten du trenger ekstra plass til gjester eller en utleiemulighet, gir v\u00e5r innovative design stil, komfort og funksjonalitet.<\/p>\t\t\t\t\t\t\t\t<\/div>\n\t\t\t\t<\/div>\n\t\t\t\t\t<\/div>\n\t\t\t\t<\/div>\n\t\t<div class=\"elementor-element elementor-element-98dcc57 e-flex e-con-boxed e-con e-parent\" data-id=\"98dcc57\" data-element_type=\"container\" data-e-type=\"container\" data-settings=\"{&quot;background_background&quot;:&quot;classic&quot;}\">\n\t\t\t\t\t<div class=\"e-con-inner\">\n\t\t\t\t<div class=\"elementor-element elementor-element-67da52f elementor-widget elementor-widget-gallery\" data-id=\"67da52f\" data-element_type=\"widget\" data-e-type=\"widget\" data-settings=\"{&quot;lazyload&quot;:&quot;yes&quot;,&quot;gallery_layout&quot;:&quot;grid&quot;,&quot;columns&quot;:4,&quot;columns_tablet&quot;:2,&quot;columns_mobile&quot;:1,&quot;gap&quot;:{&quot;unit&quot;:&quot;px&quot;,&quot;size&quot;:10,&quot;sizes&quot;:[]},&quot;gap_tablet&quot;:{&quot;unit&quot;:&quot;px&quot;,&quot;size&quot;:10,&quot;sizes&quot;:[]},&quot;gap_mobile&quot;:{&quot;unit&quot;:&quot;px&quot;,&quot;size&quot;:10,&quot;sizes&quot;:[]},&quot;link_to&quot;:&quot;file&quot;,&quot;aspect_ratio&quot;:&quot;3:2&quot;,&quot;overlay_background&quot;:&quot;yes&quot;,&quot;content_hover_animation&quot;:&quot;fade-in&quot;}\" data-widget_type=\"gallery.default\">\n\t\t\t\t<div class=\"elementor-widget-container\">\n\t\t\t\t\t\t\t<div class=\"elementor-gallery__container\">\n\t\t\t\t\t\t\t<a class=\"e-gallery-item elementor-gallery-item elementor-animated-content\" href=\"https:\/\/ringstadhavna.com\/wp-content\/uploads\/2025\/04\/Project-3-Double-garage-with-aparment-1.webp\" data-elementor-open-lightbox=\"yes\" data-elementor-lightbox-slideshow=\"67da52f\" data-elementor-lightbox-title=\"Project 3 Double garage with aparment - 1\" data-elementor-lightbox-description=\"Project 3 Double garage with aparment\" data-e-action-hash=\"#elementor-action%3Aaction%3Dlightbox%26settings%3DeyJpZCI6MjM5MSwidXJsIjoiaHR0cHM6XC9cL3JpbmdzdGFkaGF2bmEuY29tXC93cC1jb250ZW50XC91cGxvYWRzXC8yMDI1XC8wNFwvUHJvamVjdC0zLURvdWJsZS1nYXJhZ2Utd2l0aC1hcGFybWVudC0xLndlYnAiLCJzbGlkZXNob3ciOiI2N2RhNTJmIn0%3D\">\n\t\t\t\t\t<div class=\"e-gallery-image elementor-gallery-item__image\" data-thumbnail=\"https:\/\/ringstadhavna.com\/wp-content\/uploads\/2025\/04\/Project-3-Double-garage-with-aparment-1-300x187.webp\" data-width=\"300\" data-height=\"187\" aria-label=\"Prosjekt 3 Dobbeltgarasje med leilighet\" role=\"img\" ><\/div>\n\t\t\t\t\t\t\t\t\t\t\t<div class=\"elementor-gallery-item__overlay\"><\/div>\n\t\t\t\t\t\t\t\t\t\t\t\t\t\t<\/a>\n\t\t\t\t\t\t\t<a class=\"e-gallery-item elementor-gallery-item elementor-animated-content\" href=\"https:\/\/ringstadhavna.com\/wp-content\/uploads\/2025\/04\/Project-3-Double-garage-with-aparment-2.webp\" data-elementor-open-lightbox=\"yes\" data-elementor-lightbox-slideshow=\"67da52f\" data-elementor-lightbox-title=\"Project 3 Double garage with aparment - 2\" data-elementor-lightbox-description=\"Project 3 Double garage with aparment\" data-e-action-hash=\"#elementor-action%3Aaction%3Dlightbox%26settings%3DeyJpZCI6MjM5MiwidXJsIjoiaHR0cHM6XC9cL3JpbmdzdGFkaGF2bmEuY29tXC93cC1jb250ZW50XC91cGxvYWRzXC8yMDI1XC8wNFwvUHJvamVjdC0zLURvdWJsZS1nYXJhZ2Utd2l0aC1hcGFybWVudC0yLndlYnAiLCJzbGlkZXNob3ciOiI2N2RhNTJmIn0%3D\">\n\t\t\t\t\t<div class=\"e-gallery-image elementor-gallery-item__image\" data-thumbnail=\"https:\/\/ringstadhavna.com\/wp-content\/uploads\/2025\/04\/Project-3-Double-garage-with-aparment-2-300x186.webp\" data-width=\"300\" data-height=\"186\" aria-label=\"Prosjekt 3 Dobbeltgarasje med leilighet\" role=\"img\" ><\/div>\n\t\t\t\t\t\t\t\t\t\t\t<div class=\"elementor-gallery-item__overlay\"><\/div>\n\t\t\t\t\t\t\t\t\t\t\t\t\t\t<\/a>\n\t\t\t\t\t\t\t<a class=\"e-gallery-item elementor-gallery-item elementor-animated-content\" href=\"https:\/\/ringstadhavna.com\/wp-content\/uploads\/2025\/04\/Project-3-Double-garage-with-aparment-3.webp\" data-elementor-open-lightbox=\"yes\" data-elementor-lightbox-slideshow=\"67da52f\" data-elementor-lightbox-title=\"Project 3 Double garage with aparment - 3\" data-elementor-lightbox-description=\"Project 3 Double garage with aparment\" data-e-action-hash=\"#elementor-action%3Aaction%3Dlightbox%26settings%3DeyJpZCI6MjM5MywidXJsIjoiaHR0cHM6XC9cL3JpbmdzdGFkaGF2bmEuY29tXC93cC1jb250ZW50XC91cGxvYWRzXC8yMDI1XC8wNFwvUHJvamVjdC0zLURvdWJsZS1nYXJhZ2Utd2l0aC1hcGFybWVudC0zLndlYnAiLCJzbGlkZXNob3ciOiI2N2RhNTJmIn0%3D\">\n\t\t\t\t\t<div class=\"e-gallery-image elementor-gallery-item__image\" data-thumbnail=\"https:\/\/ringstadhavna.com\/wp-content\/uploads\/2025\/04\/Project-3-Double-garage-with-aparment-3-300x212.webp\" data-width=\"300\" data-height=\"212\" aria-label=\"Prosjekt 3 Dobbeltgarasje med leilighet\" role=\"img\" ><\/div>\n\t\t\t\t\t\t\t\t\t\t\t<div class=\"elementor-gallery-item__overlay\"><\/div>\n\t\t\t\t\t\t\t\t\t\t\t\t\t\t<\/a>\n\t\t\t\t\t\t\t<a class=\"e-gallery-item elementor-gallery-item elementor-animated-content\" href=\"https:\/\/ringstadhavna.com\/wp-content\/uploads\/2025\/04\/Project-3-Double-garage-with-aparment-4.webp\" data-elementor-open-lightbox=\"yes\" data-elementor-lightbox-slideshow=\"67da52f\" data-elementor-lightbox-title=\"Project 3 Double garage with aparment - 4\" data-elementor-lightbox-description=\"Project 3 Double garage with aparment\" data-e-action-hash=\"#elementor-action%3Aaction%3Dlightbox%26settings%3DeyJpZCI6MjM5NCwidXJsIjoiaHR0cHM6XC9cL3JpbmdzdGFkaGF2bmEuY29tXC93cC1jb250ZW50XC91cGxvYWRzXC8yMDI1XC8wNFwvUHJvamVjdC0zLURvdWJsZS1nYXJhZ2Utd2l0aC1hcGFybWVudC00LndlYnAiLCJzbGlkZXNob3ciOiI2N2RhNTJmIn0%3D\">\n\t\t\t\t\t<div class=\"e-gallery-image elementor-gallery-item__image\" data-thumbnail=\"https:\/\/ringstadhavna.com\/wp-content\/uploads\/2025\/04\/Project-3-Double-garage-with-aparment-4-300x212.webp\" data-width=\"300\" data-height=\"212\" aria-label=\"Prosjekt 3 Dobbeltgarasje med leilighet\" role=\"img\" ><\/div>\n\t\t\t\t\t\t\t\t\t\t\t<div class=\"elementor-gallery-item__overlay\"><\/div>\n\t\t\t\t\t\t\t\t\t\t\t\t\t\t<\/a>\n\t\t\t\t\t<\/div>\n\t\t\t\t\t<\/div>\n\t\t\t\t<\/div>\n\t\t\t\t\t<\/div>\n\t\t\t\t<\/div>\n\t\t<div class=\"elementor-element elementor-element-28001bd e-flex e-con-boxed e-con e-parent\" data-id=\"28001bd\" data-element_type=\"container\" data-e-type=\"container\" data-settings=\"{&quot;background_background&quot;:&quot;classic&quot;}\">\n\t\t\t\t\t<div class=\"e-con-inner\">\n\t\t\t\t<div class=\"elementor-element elementor-element-08b82bb animated-slow elementor-widget__width-initial elementor-invisible elementor-widget elementor-widget-heading\" data-id=\"08b82bb\" data-element_type=\"widget\" data-e-type=\"widget\" data-settings=\"{&quot;_animation&quot;:&quot;slideInUp&quot;}\" data-widget_type=\"heading.default\">\n\t\t\t\t<div class=\"elementor-widget-container\">\n\t\t\t\t\t<h2 class=\"elementor-heading-title elementor-size-default\">Hvorfor velge en dobbeltgarasje med leilighet?<\/h2>\t\t\t\t<\/div>\n\t\t\t\t<\/div>\n\t\t\t\t<div class=\"elementor-element elementor-element-f29ec15 elementor-widget__width-initial elementor-invisible elementor-widget elementor-widget-text-editor\" data-id=\"f29ec15\" data-element_type=\"widget\" data-e-type=\"widget\" data-settings=\"{&quot;_animation&quot;:&quot;fadeInUp&quot;}\" data-widget_type=\"text-editor.default\">\n\t\t\t\t<div class=\"elementor-widget-container\">\n\t\t\t\t\t\t\t\t\t<ul><li><strong>Effektiv arealbruk<\/strong> - Kombiner en romslig garasje med et komfortabelt oppholdsrom, slik at du f\u00e5r mest mulig ut av plassen du har til r\u00e5dighet.<\/li><li><strong>Ekstra leieinntekter<\/strong> - Gj\u00f8r garasjeleiligheten din til en l\u00f8nnsom investering ved \u00e5 leie den ut.<\/li><li><strong>Perfekt gjesteinnkvartering<\/strong> - Gi bes\u00f8kende et privat og koselig rom uten at det g\u00e5r p\u00e5 bekostning av hjemmets privatliv.<\/li><li><strong>Skreddersydd design<\/strong> - Prosjektene v\u00e5re er spesialdesignet for \u00e5 matche ditt hjems arkitektur og stil.<\/li><\/ul>\t\t\t\t\t\t\t\t<\/div>\n\t\t\t\t<\/div>\n\t\t\t\t\t<\/div>\n\t\t\t\t<\/div>\n\t\t<div class=\"elementor-element elementor-element-c9ed72a e-flex e-con-boxed e-con e-parent\" data-id=\"c9ed72a\" data-element_type=\"container\" data-e-type=\"container\" data-settings=\"{&quot;background_background&quot;:&quot;classic&quot;}\">\n\t\t\t\t\t<div class=\"e-con-inner\">\n\t\t\t\t<div class=\"elementor-element elementor-element-3fd46e0 animated-slow elementor-widget__width-initial elementor-invisible elementor-widget elementor-widget-heading\" data-id=\"3fd46e0\" data-element_type=\"widget\" data-e-type=\"widget\" data-settings=\"{&quot;_animation&quot;:&quot;slideInUp&quot;}\" data-widget_type=\"heading.default\">\n\t\t\t\t<div class=\"elementor-widget-container\">\n\t\t\t\t\t<h2 class=\"elementor-heading-title elementor-size-default\">Avansert 3D-kartlegging og terrengmodellering<\/h2>\t\t\t\t<\/div>\n\t\t\t\t<\/div>\n\t\t\t\t<div class=\"elementor-element elementor-element-a39e1fe elementor-widget__width-initial elementor-invisible elementor-widget elementor-widget-text-editor\" data-id=\"a39e1fe\" data-element_type=\"widget\" data-e-type=\"widget\" data-settings=\"{&quot;_animation&quot;:&quot;fadeInUp&quot;}\" data-widget_type=\"text-editor.default\">\n\t\t\t\t<div class=\"elementor-widget-container\">\n\t\t\t\t\t\t\t\t\t<p>Vi forbedrer designprosessen v\u00e5r med <strong>3D-m\u00e5linger og digital terrengmodellering<\/strong>, slik at garasjeleilighetsprosjektet ditt passer perfekt inn i landskapet. Ved \u00e5 skape <strong>digitale h\u00f8ydemodeller<\/strong>Vi tilbyr n\u00f8yaktige visualiseringer og optimalisert planlegging.<\/p>\t\t\t\t\t\t\t\t<\/div>\n\t\t\t\t<\/div>\n\t\t\t\t\t<\/div>\n\t\t\t\t<\/div>\n\t\t<div class=\"elementor-element elementor-element-ab7d916 e-grid e-con-boxed e-con e-parent\" data-id=\"ab7d916\" data-element_type=\"container\" data-e-type=\"container\" data-settings=\"{&quot;background_background&quot;:&quot;classic&quot;}\">\n\t\t\t\t\t<div class=\"e-con-inner\">\n\t\t\t\t<div class=\"elementor-element elementor-element-f0d5711 animated-slow elementor-widget__width-initial elementor-invisible elementor-widget elementor-widget-heading\" data-id=\"f0d5711\" data-element_type=\"widget\" data-e-type=\"widget\" data-settings=\"{&quot;_animation&quot;:&quot;slideInUp&quot;}\" data-widget_type=\"heading.default\">\n\t\t\t\t<div class=\"elementor-widget-container\">\n\t\t\t\t\t<h2 class=\"elementor-heading-title elementor-size-default\">S\u00f8ml\u00f8s planlegging og visualisering<\/h2>\t\t\t\t<\/div>\n\t\t\t\t<\/div>\n\t\t\t\t<div class=\"elementor-element elementor-element-7177ca5 elementor-widget__width-initial elementor-invisible elementor-widget elementor-widget-text-editor\" data-id=\"7177ca5\" data-element_type=\"widget\" data-e-type=\"widget\" data-settings=\"{&quot;_animation&quot;:&quot;fadeInUp&quot;}\" data-widget_type=\"text-editor.default\">\n\t\t\t\t<div class=\"elementor-widget-container\">\n\t\t\t\t\t\t\t\t\t<p>V\u00e5r ekspert <strong>tekniske tegnere i Norge<\/strong> lage detaljerte, visuelle planer av h\u00f8y kvalitet, slik at du kan se prosjektets endelige utseende f\u00f8r byggingen starter. Vi tilbyr ogs\u00e5 <span style=\"color: #ffffff;\"><a style=\"color: #ffffff;\" href=\"https:\/\/ringstadhavna.com\/nb\/3d-skanning\/\"><strong>3D-skanning<\/strong><\/a><\/span> tjenester for \u00e5 sikre presisjon i alle designelementer.<\/p>\t\t\t\t\t\t\t\t<\/div>\n\t\t\t\t<\/div>\n\t\t\t\t\t<\/div>\n\t\t\t\t<\/div>\n\t\t<div class=\"elementor-element elementor-element-2248773 e-flex e-con-boxed e-con e-parent\" data-id=\"2248773\" data-element_type=\"container\" data-e-type=\"container\" data-settings=\"{&quot;background_background&quot;:&quot;classic&quot;}\">\n\t\t\t\t\t<div class=\"e-con-inner\">\n\t\t\t\t<div class=\"elementor-element elementor-element-a0b94ba elementor-invisible elementor-widget elementor-widget-text-editor\" data-id=\"a0b94ba\" data-element_type=\"widget\" data-e-type=\"widget\" data-settings=\"{&quot;_animation&quot;:&quot;fadeInUp&quot;}\" data-widget_type=\"text-editor.default\">\n\t\t\t\t<div class=\"elementor-widget-container\">\n\t\t\t\t\t\t\t\t\t<h3><strong>Utforsk flere prosjekter<\/strong><\/h3><p>Se hvordan <strong>Ringstadhavna Bygg Design AS<\/strong> forvandler rom med innovative arkitektoniske l\u00f8sninger p\u00e5 v\u00e5re <a href=\"https:\/\/ringstadhavna.com\/nb\/prosjekter\/\"><strong>Prosjektsiden<\/strong><\/a>. Vi gir liv til unike visjoner - fra skreddersydde garasjer til ombygging av historiske bygninger.<\/p>\t\t\t\t\t\t\t\t<\/div>\n\t\t\t\t<\/div>\n\t\t\t\t\t<\/div>\n\t\t\t\t<\/div>\n\t\t\t\t<\/div>","protected":false},"excerpt":{"rendered":"<p>Double Garage with ApartmentSmart Space Utilization Maximize your property\u2019s potential with a double garage with an apartment in Norway. At Ringstadhavna Bygg Design AS, we design custom garage-apartment projects that provide both practical storage and additional living space. Whether you need extra room for guests or a rental opportunity, our innovative designs bring style, comfort, [&hellip;]<\/p>\n","protected":false},"author":1,"featured_media":2248,"parent":766,"menu_order":0,"comment_status":"closed","ping_status":"closed","template":"","meta":{"nf_dc_page":"","inline_featured_image":false,"site-sidebar-layout":"default","site-content-layout":"page-builder","ast-site-content-layout":"full-width-container","site-content-style":"unboxed","site-sidebar-style":"unboxed","ast-global-header-display":"","ast-banner-title-visibility":"","ast-main-header-display":"","ast-hfb-above-header-display":"","ast-hfb-below-header-display":"","ast-hfb-mobile-header-display":"","site-post-title":"disabled","ast-breadcrumbs-content":"","ast-featured-img":"disabled","footer-sml-layout":"","theme-transparent-header-meta":"enabled","adv-header-id-meta":"","stick-header-meta":"","header-above-stick-meta":"","header-main-stick-meta":"","header-below-stick-meta":"","astra-migrate-meta-layouts":"set","ast-page-background-enabled":"default","ast-page-background-meta":{"desktop":{"background-color":"","background-image":"","background-repeat":"repeat","background-position":"center center","background-size":"auto","background-attachment":"scroll","background-type":"","background-media":"","overlay-type":"","overlay-color":"","overlay-opacity":"","overlay-gradient":""},"tablet":{"background-color":"","background-image":"","background-repeat":"repeat","background-position":"center center","background-size":"auto","background-attachment":"scroll","background-type":"","background-media":"","overlay-type":"","overlay-color":"","overlay-opacity":"","overlay-gradient":""},"mobile":{"background-color":"","background-image":"","background-repeat":"repeat","background-position":"center center","background-size":"auto","background-attachment":"scroll","background-type":"","background-media":"","overlay-type":"","overlay-color":"","overlay-opacity":"","overlay-gradient":""}},"ast-content-background-meta":{"desktop":{"background-color":"var(--ast-global-color-5)","background-image":"","background-repeat":"repeat","background-position":"center center","background-size":"auto","background-attachment":"scroll","background-type":"","background-media":"","overlay-type":"","overlay-color":"","overlay-opacity":"","overlay-gradient":""},"tablet":{"background-color":"var(--ast-global-color-5)","background-image":"","background-repeat":"repeat","background-position":"center center","background-size":"auto","background-attachment":"scroll","background-type":"","background-media":"","overlay-type":"","overlay-color":"","overlay-opacity":"","overlay-gradient":""},"mobile":{"background-color":"var(--ast-global-color-5)","background-image":"","background-repeat":"repeat","background-position":"center center","background-size":"auto","background-attachment":"scroll","background-type":"","background-media":"","overlay-type":"","overlay-color":"","overlay-opacity":"","overlay-gradient":""}},"footnotes":""},"class_list":["post-1500","page","type-page","status-publish","has-post-thumbnail","hentry"],"aioseo_notices":[],"_links":{"self":[{"href":"https:\/\/ringstadhavna.com\/nb\/wp-json\/wp\/v2\/pages\/1500","targetHints":{"allow":["GET"]}}],"collection":[{"href":"https:\/\/ringstadhavna.com\/nb\/wp-json\/wp\/v2\/pages"}],"about":[{"href":"https:\/\/ringstadhavna.com\/nb\/wp-json\/wp\/v2\/types\/page"}],"author":[{"embeddable":true,"href":"https:\/\/ringstadhavna.com\/nb\/wp-json\/wp\/v2\/users\/1"}],"replies":[{"embeddable":true,"href":"https:\/\/ringstadhavna.com\/nb\/wp-json\/wp\/v2\/comments?post=1500"}],"version-history":[{"count":10,"href":"https:\/\/ringstadhavna.com\/nb\/wp-json\/wp\/v2\/pages\/1500\/revisions"}],"predecessor-version":[{"id":2397,"href":"https:\/\/ringstadhavna.com\/nb\/wp-json\/wp\/v2\/pages\/1500\/revisions\/2397"}],"up":[{"embeddable":true,"href":"https:\/\/ringstadhavna.com\/nb\/wp-json\/wp\/v2\/pages\/766"}],"wp:featuredmedia":[{"embeddable":true,"href":"https:\/\/ringstadhavna.com\/nb\/wp-json\/wp\/v2\/media\/2248"}],"wp:attachment":[{"href":"https:\/\/ringstadhavna.com\/nb\/wp-json\/wp\/v2\/media?parent=1500"}],"curies":[{"name":"wp","href":"https:\/\/api.w.org\/{rel}","templated":true}]}}