{"id":1414,"date":"2024-08-31T15:18:06","date_gmt":"2024-08-31T15:18:06","guid":{"rendered":"https:\/\/ringstadhavna.com\/?page_id=1414"},"modified":"2025-04-14T14:12:52","modified_gmt":"2025-04-14T14:12:52","slug":"landskapsdesign","status":"publish","type":"page","link":"https:\/\/ringstadhavna.com\/nb\/projects\/landscape-design\/","title":{"rendered":"Landskapsdesign"},"content":{"rendered":"<div data-elementor-type=\"wp-post\" data-elementor-id=\"1414\" class=\"elementor elementor-1414\" data-elementor-post-type=\"page\">\n\t\t\t\t<div class=\"elementor-element elementor-element-242b6c6 e-con-full e-flex e-con e-parent\" data-id=\"242b6c6\" data-element_type=\"container\" data-e-type=\"container\" data-settings=\"{&quot;background_background&quot;:&quot;classic&quot;}\">\n\t\t<div class=\"elementor-element elementor-element-53cd719 e-con-full e-flex e-con e-child\" data-id=\"53cd719\" data-element_type=\"container\" data-e-type=\"container\" data-settings=\"{&quot;background_background&quot;:&quot;gradient&quot;}\">\n\t\t\t\t<div class=\"elementor-element elementor-element-644991a animated-fast elementor-widget__width-initial elementor-widget-mobile__width-initial elementor-invisible elementor-widget elementor-widget-heading\" data-id=\"644991a\" data-element_type=\"widget\" data-e-type=\"widget\" data-settings=\"{&quot;_animation&quot;:&quot;fadeInUp&quot;}\" data-widget_type=\"heading.default\">\n\t\t\t\t<div class=\"elementor-widget-container\">\n\t\t\t\t\t<h1 class=\"elementor-heading-title elementor-size-default\">Landskapsdesign <\/br>&amp; 3D-terrengkartlegging<\/h1>\t\t\t\t<\/div>\n\t\t\t\t<\/div>\n\t\t\t\t<\/div>\n\t\t\t\t<\/div>\n\t\t<div class=\"elementor-element elementor-element-557455e e-flex e-con-boxed e-con e-parent\" data-id=\"557455e\" data-element_type=\"container\" data-e-type=\"container\" data-settings=\"{&quot;background_background&quot;:&quot;classic&quot;}\">\n\t\t\t\t\t<div class=\"e-con-inner\">\n\t\t\t\t<div class=\"elementor-element elementor-element-b417ae5 elementor-invisible elementor-widget elementor-widget-text-editor\" data-id=\"b417ae5\" data-element_type=\"widget\" data-e-type=\"widget\" data-settings=\"{&quot;_animation&quot;:&quot;fadeInUp&quot;}\" data-widget_type=\"text-editor.default\">\n\t\t\t\t<div class=\"elementor-widget-container\">\n\t\t\t\t\t\t\t\t\t<p>Oppdag presise og innovative <strong>landskapsdesign og terrengkartlegging i Norge<\/strong> med <strong>Ringstadhavna Bygg Design AS<\/strong>. Vi spesialiserer oss p\u00e5 <strong>3D-terrengmodellering og digital h\u00f8ydekartlegging<\/strong>og forvandler landskap med n\u00f8yaktighet og kreativitet.<\/p>\t\t\t\t\t\t\t\t<\/div>\n\t\t\t\t<\/div>\n\t\t\t\t\t<\/div>\n\t\t\t\t<\/div>\n\t\t<div class=\"elementor-element elementor-element-864b39e e-flex e-con-boxed e-con e-parent\" data-id=\"864b39e\" data-element_type=\"container\" data-e-type=\"container\" data-settings=\"{&quot;background_background&quot;:&quot;classic&quot;}\">\n\t\t\t\t\t<div class=\"e-con-inner\">\n\t\t\t\t<div class=\"elementor-element elementor-element-36765a3 elementor-arrows-position-inside elementor-pagination-position-outside elementor-widget elementor-widget-image-carousel\" data-id=\"36765a3\" data-element_type=\"widget\" data-e-type=\"widget\" data-settings=\"{&quot;slides_to_show&quot;:&quot;5&quot;,&quot;slides_to_scroll&quot;:&quot;1&quot;,&quot;navigation&quot;:&quot;both&quot;,&quot;autoplay&quot;:&quot;yes&quot;,&quot;pause_on_hover&quot;:&quot;yes&quot;,&quot;pause_on_interaction&quot;:&quot;yes&quot;,&quot;autoplay_speed&quot;:5000,&quot;infinite&quot;:&quot;yes&quot;,&quot;speed&quot;:500,&quot;image_spacing_custom&quot;:{&quot;unit&quot;:&quot;px&quot;,&quot;size&quot;:20,&quot;sizes&quot;:[]},&quot;image_spacing_custom_tablet&quot;:{&quot;unit&quot;:&quot;px&quot;,&quot;size&quot;:&quot;&quot;,&quot;sizes&quot;:[]},&quot;image_spacing_custom_mobile&quot;:{&quot;unit&quot;:&quot;px&quot;,&quot;size&quot;:&quot;&quot;,&quot;sizes&quot;:[]}}\" data-widget_type=\"image-carousel.default\">\n\t\t\t\t<div class=\"elementor-widget-container\">\n\t\t\t\t\t\t\t<div class=\"elementor-image-carousel-wrapper swiper\" role=\"region\" aria-roledescription=\"carousel\" aria-label=\"Bildekarusell\" dir=\"ltr\">\n\t\t\t<div class=\"elementor-image-carousel swiper-wrapper swiper-image-stretch\" aria-live=\"off\">\n\t\t\t\t\t\t\t\t<div class=\"swiper-slide\" role=\"group\" aria-roledescription=\"slide\" aria-label=\"1 av 7\"><a data-elementor-open-lightbox=\"yes\" data-elementor-lightbox-slideshow=\"36765a3\" data-elementor-lightbox-title=\"Landscape Design and 3D Terrain Mapping (1)\" data-elementor-lightbox-description=\"Landscape Design and 3D Terrain Mapping\" data-e-action-hash=\"#elementor-action%3Aaction%3Dlightbox%26settings%3DeyJpZCI6MjM5OCwidXJsIjoiaHR0cHM6XC9cL3JpbmdzdGFkaGF2bmEuY29tXC93cC1jb250ZW50XC91cGxvYWRzXC8yMDI1XC8wNFwvTGFuZHNjYXBlLURlc2lnbi1hbmQtM0QtVGVycmFpbi1NYXBwaW5nLTEucG5nIiwic2xpZGVzaG93IjoiMzY3NjVhMyJ9\" href=\"https:\/\/ringstadhavna.com\/wp-content\/uploads\/2025\/04\/Landscape-Design-and-3D-Terrain-Mapping-1.png\"><figure class=\"swiper-slide-inner\"><img decoding=\"async\" class=\"swiper-slide-image\" src=\"https:\/\/ringstadhavna.com\/wp-content\/uploads\/elementor\/thumbs\/Landscape-Design-and-3D-Terrain-Mapping-1-r4cm1l5hj119seso10jojo3bkvwb98hx98ah4f8qn0.png\" alt=\"Landskapsdesign og 3D-terrengkartlegging\" \/><\/figure><\/a><\/div><div class=\"swiper-slide\" role=\"group\" aria-roledescription=\"slide\" aria-label=\"2 av 7\"><a data-elementor-open-lightbox=\"yes\" data-elementor-lightbox-slideshow=\"36765a3\" data-elementor-lightbox-title=\"Landscape Design and 3D Terrain Mapping (1)\" data-elementor-lightbox-description=\"Landscape Design and 3D Terrain Mapping\" data-e-action-hash=\"#elementor-action%3Aaction%3Dlightbox%26settings%3DeyJpZCI6MjM5OSwidXJsIjoiaHR0cHM6XC9cL3JpbmdzdGFkaGF2bmEuY29tXC93cC1jb250ZW50XC91cGxvYWRzXC8yMDI1XC8wNFwvTGFuZHNjYXBlLURlc2lnbi1hbmQtM0QtVGVycmFpbi1NYXBwaW5nLTEud2VicCIsInNsaWRlc2hvdyI6IjM2NzY1YTMifQ%3D%3D\" href=\"https:\/\/ringstadhavna.com\/wp-content\/uploads\/2025\/04\/Landscape-Design-and-3D-Terrain-Mapping-1.webp\"><figure class=\"swiper-slide-inner\"><img decoding=\"async\" class=\"swiper-slide-image\" src=\"https:\/\/ringstadhavna.com\/wp-content\/uploads\/elementor\/thumbs\/Landscape-Design-and-3D-Terrain-Mapping-1-r4cm1nz03j54r8okkjrk95dpd1iewbt49m8xk94k4c.webp\" alt=\"Landskapsdesign og 3D-terrengkartlegging\" \/><\/figure><\/a><\/div><div class=\"swiper-slide\" role=\"group\" aria-roledescription=\"slide\" aria-label=\"3 av 7\"><a data-elementor-open-lightbox=\"yes\" data-elementor-lightbox-slideshow=\"36765a3\" data-elementor-lightbox-title=\"Landscape Design and 3D Terrain Mapping (2)\" data-elementor-lightbox-description=\"Landscape Design and 3D Terrain Mapping\" data-e-action-hash=\"#elementor-action%3Aaction%3Dlightbox%26settings%3DeyJpZCI6MjQwMCwidXJsIjoiaHR0cHM6XC9cL3JpbmdzdGFkaGF2bmEuY29tXC93cC1jb250ZW50XC91cGxvYWRzXC8yMDI1XC8wNFwvTGFuZHNjYXBlLURlc2lnbi1hbmQtM0QtVGVycmFpbi1NYXBwaW5nLTIucG5nIiwic2xpZGVzaG93IjoiMzY3NjVhMyJ9\" href=\"https:\/\/ringstadhavna.com\/wp-content\/uploads\/2025\/04\/Landscape-Design-and-3D-Terrain-Mapping-2.png\"><figure class=\"swiper-slide-inner\"><img decoding=\"async\" class=\"swiper-slide-image\" src=\"https:\/\/ringstadhavna.com\/wp-content\/uploads\/elementor\/thumbs\/Landscape-Design-and-3D-Terrain-Mapping-2-r4cm1qsio18zq2kh42zfymo3574ijf4ba07e030dlo.png\" alt=\"Landskapsdesign og 3D-terrengkartlegging\" \/><\/figure><\/a><\/div><div class=\"swiper-slide\" role=\"group\" aria-roledescription=\"slide\" aria-label=\"4 av 7\"><a data-elementor-open-lightbox=\"yes\" data-elementor-lightbox-slideshow=\"36765a3\" data-elementor-lightbox-title=\"Landscape Design and 3D Terrain Mapping (3)\" data-elementor-lightbox-description=\"Landscape Design and 3D Terrain Mapping\" data-e-action-hash=\"#elementor-action%3Aaction%3Dlightbox%26settings%3DeyJpZCI6MjQwMSwidXJsIjoiaHR0cHM6XC9cL3JpbmdzdGFkaGF2bmEuY29tXC93cC1jb250ZW50XC91cGxvYWRzXC8yMDI1XC8wNFwvTGFuZHNjYXBlLURlc2lnbi1hbmQtM0QtVGVycmFpbi1NYXBwaW5nLTMucG5nIiwic2xpZGVzaG93IjoiMzY3NjVhMyJ9\" href=\"https:\/\/ringstadhavna.com\/wp-content\/uploads\/2025\/04\/Landscape-Design-and-3D-Terrain-Mapping-3.png\"><figure class=\"swiper-slide-inner\"><img decoding=\"async\" class=\"swiper-slide-image\" src=\"https:\/\/ringstadhavna.com\/wp-content\/uploads\/elementor\/thumbs\/Landscape-Design-and-3D-Terrain-Mapping-3-r4cm1rqcuvaa1oj3yle2j4fjqkzvr481m4uvhcyzfg.png\" alt=\"Landskapsdesign og 3D-terrengkartlegging\" \/><\/figure><\/a><\/div><div class=\"swiper-slide\" role=\"group\" aria-roledescription=\"slide\" aria-label=\"5 av 7\"><a data-elementor-open-lightbox=\"yes\" data-elementor-lightbox-slideshow=\"36765a3\" data-elementor-lightbox-title=\"Landscape Design and 3D Terrain Mapping (4)\" data-elementor-lightbox-description=\"Landscape Design and 3D Terrain Mapping\" data-e-action-hash=\"#elementor-action%3Aaction%3Dlightbox%26settings%3DeyJpZCI6MjQwMiwidXJsIjoiaHR0cHM6XC9cL3JpbmdzdGFkaGF2bmEuY29tXC93cC1jb250ZW50XC91cGxvYWRzXC8yMDI1XC8wNFwvTGFuZHNjYXBlLURlc2lnbi1hbmQtM0QtVGVycmFpbi1NYXBwaW5nLTQucG5nIiwic2xpZGVzaG93IjoiMzY3NjVhMyJ9\" href=\"https:\/\/ringstadhavna.com\/wp-content\/uploads\/2025\/04\/Landscape-Design-and-3D-Terrain-Mapping-4.png\"><figure class=\"swiper-slide-inner\"><img decoding=\"async\" class=\"swiper-slide-image\" src=\"https:\/\/ringstadhavna.com\/wp-content\/uploads\/elementor\/thumbs\/Landscape-Design-and-3D-Terrain-Mapping-4-r4cm1tm18jcuowgdnm7bo3ygxcqm6ifiae5ufww730.png\" alt=\"Landskapsdesign og 3D-terrengkartlegging\" \/><\/figure><\/a><\/div><div class=\"swiper-slide\" role=\"group\" aria-roledescription=\"slide\" aria-label=\"6 av 7\"><a data-elementor-open-lightbox=\"yes\" data-elementor-lightbox-slideshow=\"36765a3\" data-elementor-lightbox-title=\"Landscape Design and 3D Terrain Mapping (5)\" data-elementor-lightbox-description=\"Landscape Design and 3D Terrain Mapping\" data-e-action-hash=\"#elementor-action%3Aaction%3Dlightbox%26settings%3DeyJpZCI6MjQwMywidXJsIjoiaHR0cHM6XC9cL3JpbmdzdGFkaGF2bmEuY29tXC93cC1jb250ZW50XC91cGxvYWRzXC8yMDI1XC8wNFwvTGFuZHNjYXBlLURlc2lnbi1hbmQtM0QtVGVycmFpbi1NYXBwaW5nLTUucG5nIiwic2xpZGVzaG93IjoiMzY3NjVhMyJ9\" href=\"https:\/\/ringstadhavna.com\/wp-content\/uploads\/2025\/04\/Landscape-Design-and-3D-Terrain-Mapping-5.png\"><figure class=\"swiper-slide-inner\"><img decoding=\"async\" class=\"swiper-slide-image\" src=\"https:\/\/ringstadhavna.com\/wp-content\/uploads\/elementor\/thumbs\/Landscape-Design-and-3D-Terrain-Mapping-5-r4cm1vhpm7ffc4dncn0kt3he44hclwmyyngtegteqk.png\" alt=\"Landskapsdesign og 3D-terrengkartlegging\" \/><\/figure><\/a><\/div><div class=\"swiper-slide\" role=\"group\" aria-roledescription=\"slide\" aria-label=\"7 av 7\"><a data-elementor-open-lightbox=\"yes\" data-elementor-lightbox-slideshow=\"36765a3\" data-elementor-lightbox-title=\"Landscape Design and 3D Terrain Mapping (6)\" data-elementor-lightbox-description=\"Landscape Design and 3D Terrain Mapping\" data-e-action-hash=\"#elementor-action%3Aaction%3Dlightbox%26settings%3DeyJpZCI6MjQwNCwidXJsIjoiaHR0cHM6XC9cL3JpbmdzdGFkaGF2bmEuY29tXC93cC1jb250ZW50XC91cGxvYWRzXC8yMDI1XC8wNFwvTGFuZHNjYXBlLURlc2lnbi1hbmQtM0QtVGVycmFpbi1NYXBwaW5nLTYucG5nIiwic2xpZGVzaG93IjoiMzY3NjVhMyJ9\" href=\"https:\/\/ringstadhavna.com\/wp-content\/uploads\/2025\/04\/Landscape-Design-and-3D-Terrain-Mapping-6.png\"><figure class=\"swiper-slide-inner\"><img decoding=\"async\" class=\"swiper-slide-image\" src=\"https:\/\/ringstadhavna.com\/wp-content\/uploads\/elementor\/thumbs\/Landscape-Design-and-3D-Terrain-Mapping-6-r4cm1xddzvhzzcax1ntty30baw831aufmwrsd0qme4.png\" alt=\"Landskapsdesign og 3D-terrengkartlegging\" \/><\/figure><\/a><\/div>\t\t\t<\/div>\n\t\t\t\t\t\t\t\t\t\t\t\t<div class=\"elementor-swiper-button elementor-swiper-button-prev\" role=\"button\" tabindex=\"0\">\n\t\t\t\t\t\t<svg aria-hidden=\"true\" class=\"e-font-icon-svg e-eicon-chevron-left\" viewbox=\"0 0 1000 1000\" xmlns=\"http:\/\/www.w3.org\/2000\/svg\"><path d=\"M646 125C629 125 613 133 604 142L308 442C296 454 292 471 292 487 292 504 296 521 308 533L604 854C617 867 629 875 646 875 663 875 679 871 692 858 704 846 713 829 713 812 713 796 708 779 692 767L438 487 692 225C700 217 708 204 708 187 708 171 704 154 692 142 675 129 663 125 646 125Z\"><\/path><\/svg>\t\t\t\t\t<\/div>\n\t\t\t\t\t<div class=\"elementor-swiper-button elementor-swiper-button-next\" role=\"button\" tabindex=\"0\">\n\t\t\t\t\t\t<svg aria-hidden=\"true\" class=\"e-font-icon-svg e-eicon-chevron-right\" viewbox=\"0 0 1000 1000\" xmlns=\"http:\/\/www.w3.org\/2000\/svg\"><path d=\"M696 533C708 521 713 504 713 487 713 471 708 454 696 446L400 146C388 133 375 125 354 125 338 125 325 129 313 142 300 154 292 171 292 187 292 204 296 221 308 233L563 492 304 771C292 783 288 800 288 817 288 833 296 850 308 863 321 871 338 875 354 875 371 875 388 867 400 854L696 533Z\"><\/path><\/svg>\t\t\t\t\t<\/div>\n\t\t\t\t\n\t\t\t\t\t\t\t\t\t<div class=\"swiper-pagination\"><\/div>\n\t\t\t\t\t\t\t\t\t<\/div>\n\t\t\t\t\t\t<\/div>\n\t\t\t\t<\/div>\n\t\t\t\t\t<\/div>\n\t\t\t\t<\/div>\n\t\t<div class=\"elementor-element elementor-element-b17a1c8 e-flex e-con-boxed e-con e-parent\" data-id=\"b17a1c8\" data-element_type=\"container\" data-e-type=\"container\" data-settings=\"{&quot;background_background&quot;:&quot;classic&quot;}\">\n\t\t\t\t\t<div class=\"e-con-inner\">\n\t\t\t\t<div class=\"elementor-element elementor-element-7ced9ec animated-slow elementor-widget__width-initial elementor-invisible elementor-widget elementor-widget-heading\" data-id=\"7ced9ec\" data-element_type=\"widget\" data-e-type=\"widget\" data-settings=\"{&quot;_animation&quot;:&quot;slideInUp&quot;}\" data-widget_type=\"heading.default\">\n\t\t\t\t<div class=\"elementor-widget-container\">\n\t\t\t\t\t<h2 class=\"elementor-heading-title elementor-size-default\">Hvorfor velge v\u00e5re landskapstjenester?<\/h2>\t\t\t\t<\/div>\n\t\t\t\t<\/div>\n\t\t\t\t<div class=\"elementor-element elementor-element-cd9265c elementor-widget__width-initial elementor-invisible elementor-widget elementor-widget-text-editor\" data-id=\"cd9265c\" data-element_type=\"widget\" data-e-type=\"widget\" data-settings=\"{&quot;_animation&quot;:&quot;fadeInUp&quot;}\" data-widget_type=\"text-editor.default\">\n\t\t\t\t<div class=\"elementor-widget-container\">\n\t\t\t\t\t\t\t\t\t<ul><li><strong>Avanserte 3D-m\u00e5linger<\/strong> - Vi samler inn detaljerte terrengdata ved hjelp av toppmoderne 3D-skanningsteknologi.<\/li><li><strong>Digitale terrengmodeller (DTM)<\/strong> - V\u00e5re digitale modeller gir en tydelig og n\u00f8yaktig gjengivelse av landskapet ditt.<\/li><li><strong>Digitale h\u00f8ydemodeller (DEM)<\/strong> - Visualiser h\u00f8ydeforandringer og topografi med presisjon.<\/li><li><strong>Optimalisert designplanlegging<\/strong> - S\u00f8rg for at bygge- eller landskapsprosjektet tilpasses perfekt til det naturlige terrenget.<\/li><\/ul>\t\t\t\t\t\t\t\t<\/div>\n\t\t\t\t<\/div>\n\t\t\t\t\t<\/div>\n\t\t\t\t<\/div>\n\t\t<div class=\"elementor-element elementor-element-e683a98 e-flex e-con-boxed e-con e-parent\" data-id=\"e683a98\" data-element_type=\"container\" data-e-type=\"container\" data-settings=\"{&quot;background_background&quot;:&quot;classic&quot;}\">\n\t\t\t\t\t<div class=\"e-con-inner\">\n\t\t\t\t<div class=\"elementor-element elementor-element-4e21ca3 animated-slow elementor-widget__width-initial elementor-invisible elementor-widget elementor-widget-heading\" data-id=\"4e21ca3\" data-element_type=\"widget\" data-e-type=\"widget\" data-settings=\"{&quot;_animation&quot;:&quot;slideInUp&quot;}\" data-widget_type=\"heading.default\">\n\t\t\t\t<div class=\"elementor-widget-container\">\n\t\t\t\t\t<h2 class=\"elementor-heading-title elementor-size-default\">Toppmoderne 3D-skanningsteknologi<\/h2>\t\t\t\t<\/div>\n\t\t\t\t<\/div>\n\t\t\t\t<div class=\"elementor-element elementor-element-1febb97 elementor-widget__width-initial elementor-invisible elementor-widget elementor-widget-text-editor\" data-id=\"1febb97\" data-element_type=\"widget\" data-e-type=\"widget\" data-settings=\"{&quot;_animation&quot;:&quot;fadeInUp&quot;}\" data-widget_type=\"text-editor.default\">\n\t\t\t\t<div class=\"elementor-widget-container\">\n\t\t\t\t\t\t\t\t\t<p>Forbedre prosjektets n\u00f8yaktighet med v\u00e5r <a href=\"https:\/\/ringstadhavna.com\/nb\/3d-skanning\/\"><strong>3D-skanning<\/strong><\/a> tjenester. Ved \u00e5 samle inn h\u00f8yoppl\u00f8selige terrengdata danner vi grunnlaget for feilfri design og utf\u00f8relse.<\/p>\t\t\t\t\t\t\t\t<\/div>\n\t\t\t\t<\/div>\n\t\t\t\t\t<\/div>\n\t\t\t\t<\/div>\n\t\t<div class=\"elementor-element elementor-element-ba33146 e-grid e-con-boxed e-con e-parent\" data-id=\"ba33146\" data-element_type=\"container\" data-e-type=\"container\" data-settings=\"{&quot;background_background&quot;:&quot;classic&quot;}\">\n\t\t\t\t\t<div class=\"e-con-inner\">\n\t\t\t\t<div class=\"elementor-element elementor-element-ab24389 animated-slow elementor-widget__width-initial elementor-invisible elementor-widget elementor-widget-heading\" data-id=\"ab24389\" data-element_type=\"widget\" data-e-type=\"widget\" data-settings=\"{&quot;_animation&quot;:&quot;slideInUp&quot;}\" data-widget_type=\"heading.default\">\n\t\t\t\t<div class=\"elementor-widget-container\">\n\t\t\t\t\t<h2 class=\"elementor-heading-title elementor-size-default\">S\u00f8ml\u00f8s integrering og visualisering<\/h2>\t\t\t\t<\/div>\n\t\t\t\t<\/div>\n\t\t\t\t<div class=\"elementor-element elementor-element-7b2f3d5 elementor-widget__width-initial elementor-invisible elementor-widget elementor-widget-text-editor\" data-id=\"7b2f3d5\" data-element_type=\"widget\" data-e-type=\"widget\" data-settings=\"{&quot;_animation&quot;:&quot;fadeInUp&quot;}\" data-widget_type=\"text-editor.default\">\n\t\t\t\t<div class=\"elementor-widget-container\">\n\t\t\t\t\t\t\t\t\t<p>V\u00e5re <strong>tekniske tegnere i Norge<\/strong> lage detaljerte digitale modeller, slik at landskapsprosjektet ditt blir n\u00f8ye planlagt og visuelt fremstilt.<\/p>\t\t\t\t\t\t\t\t<\/div>\n\t\t\t\t<\/div>\n\t\t\t\t\t<\/div>\n\t\t\t\t<\/div>\n\t\t<div class=\"elementor-element elementor-element-cd7ac92 e-flex e-con-boxed e-con e-parent\" data-id=\"cd7ac92\" data-element_type=\"container\" data-e-type=\"container\" data-settings=\"{&quot;background_background&quot;:&quot;classic&quot;}\">\n\t\t\t\t\t<div class=\"e-con-inner\">\n\t\t\t\t<div class=\"elementor-element elementor-element-3e539f3 elementor-invisible elementor-widget elementor-widget-text-editor\" data-id=\"3e539f3\" data-element_type=\"widget\" data-e-type=\"widget\" data-settings=\"{&quot;_animation&quot;:&quot;fadeInUp&quot;}\" data-widget_type=\"text-editor.default\">\n\t\t\t\t<div class=\"elementor-widget-container\">\n\t\t\t\t\t\t\t\t\t<h3><strong>Utforsk prosjektene v\u00e5re<\/strong><\/h3><p>Se hvordan <strong>Ringstadhavna Bygg Design AS<\/strong> forvandler milj\u00f8er p\u00e5 v\u00e5re <a href=\"https:\/\/ringstadhavna.com\/nb\/prosjekter\/\"><strong>Prosjekter<\/strong><\/a> side. Vi gir liv til innovative visjoner, fra landskapsmodellering til arkitektonisk design.<\/p>\t\t\t\t\t\t\t\t<\/div>\n\t\t\t\t<\/div>\n\t\t\t\t\t<\/div>\n\t\t\t\t<\/div>\n\t\t\t\t<\/div>","protected":false},"excerpt":{"rendered":"<p>Landscape Design &#038; 3D Terrain Mapping Discover precise and innovative landscape design and terrain mapping in Norway with Ringstadhavna Bygg Design AS. We specialize in 3D terrain modeling and digital elevation mapping, transforming landscapes with accuracy and creativity. Why Choose Our Landscape Services? Advanced 3D Measurements \u2013 We collect detailed terrain data using state-of-the-art 3D [&hellip;]<\/p>\n","protected":false},"author":3,"featured_media":2254,"parent":766,"menu_order":0,"comment_status":"closed","ping_status":"closed","template":"","meta":{"nf_dc_page":"","inline_featured_image":false,"site-sidebar-layout":"default","site-content-layout":"page-builder","ast-site-content-layout":"full-width-container","site-content-style":"unboxed","site-sidebar-style":"unboxed","ast-global-header-display":"","ast-banner-title-visibility":"","ast-main-header-display":"","ast-hfb-above-header-display":"","ast-hfb-below-header-display":"","ast-hfb-mobile-header-display":"","site-post-title":"disabled","ast-breadcrumbs-content":"","ast-featured-img":"disabled","footer-sml-layout":"","theme-transparent-header-meta":"enabled","adv-header-id-meta":"","stick-header-meta":"","header-above-stick-meta":"","header-main-stick-meta":"","header-below-stick-meta":"","astra-migrate-meta-layouts":"set","ast-page-background-enabled":"default","ast-page-background-meta":{"desktop":{"background-color":"","background-image":"","background-repeat":"repeat","background-position":"center center","background-size":"auto","background-attachment":"scroll","background-type":"","background-media":"","overlay-type":"","overlay-color":"","overlay-opacity":"","overlay-gradient":""},"tablet":{"background-color":"","background-image":"","background-repeat":"repeat","background-position":"center center","background-size":"auto","background-attachment":"scroll","background-type":"","background-media":"","overlay-type":"","overlay-color":"","overlay-opacity":"","overlay-gradient":""},"mobile":{"background-color":"","background-image":"","background-repeat":"repeat","background-position":"center center","background-size":"auto","background-attachment":"scroll","background-type":"","background-media":"","overlay-type":"","overlay-color":"","overlay-opacity":"","overlay-gradient":""}},"ast-content-background-meta":{"desktop":{"background-color":"var(--ast-global-color-5)","background-image":"","background-repeat":"repeat","background-position":"center center","background-size":"auto","background-attachment":"scroll","background-type":"","background-media":"","overlay-type":"","overlay-color":"","overlay-opacity":"","overlay-gradient":""},"tablet":{"background-color":"var(--ast-global-color-5)","background-image":"","background-repeat":"repeat","background-position":"center center","background-size":"auto","background-attachment":"scroll","background-type":"","background-media":"","overlay-type":"","overlay-color":"","overlay-opacity":"","overlay-gradient":""},"mobile":{"background-color":"var(--ast-global-color-5)","background-image":"","background-repeat":"repeat","background-position":"center center","background-size":"auto","background-attachment":"scroll","background-type":"","background-media":"","overlay-type":"","overlay-color":"","overlay-opacity":"","overlay-gradient":""}},"footnotes":""},"class_list":["post-1414","page","type-page","status-publish","has-post-thumbnail","hentry"],"aioseo_notices":[],"_links":{"self":[{"href":"https:\/\/ringstadhavna.com\/nb\/wp-json\/wp\/v2\/pages\/1414","targetHints":{"allow":["GET"]}}],"collection":[{"href":"https:\/\/ringstadhavna.com\/nb\/wp-json\/wp\/v2\/pages"}],"about":[{"href":"https:\/\/ringstadhavna.com\/nb\/wp-json\/wp\/v2\/types\/page"}],"author":[{"embeddable":true,"href":"https:\/\/ringstadhavna.com\/nb\/wp-json\/wp\/v2\/users\/3"}],"replies":[{"embeddable":true,"href":"https:\/\/ringstadhavna.com\/nb\/wp-json\/wp\/v2\/comments?post=1414"}],"version-history":[{"count":16,"href":"https:\/\/ringstadhavna.com\/nb\/wp-json\/wp\/v2\/pages\/1414\/revisions"}],"predecessor-version":[{"id":2408,"href":"https:\/\/ringstadhavna.com\/nb\/wp-json\/wp\/v2\/pages\/1414\/revisions\/2408"}],"up":[{"embeddable":true,"href":"https:\/\/ringstadhavna.com\/nb\/wp-json\/wp\/v2\/pages\/766"}],"wp:featuredmedia":[{"embeddable":true,"href":"https:\/\/ringstadhavna.com\/nb\/wp-json\/wp\/v2\/media\/2254"}],"wp:attachment":[{"href":"https:\/\/ringstadhavna.com\/nb\/wp-json\/wp\/v2\/media?parent=1414"}],"curies":[{"name":"wp","href":"https:\/\/api.w.org\/{rel}","templated":true}]}}