{"id":1294,"date":"2024-06-18T09:00:39","date_gmt":"2024-06-18T09:00:39","guid":{"rendered":"https:\/\/ringstadhavna.com\/?page_id=1294"},"modified":"2025-04-11T17:46:27","modified_gmt":"2025-04-11T17:46:27","slug":"garasjer","status":"publish","type":"page","link":"https:\/\/ringstadhavna.com\/nb\/projects\/garages\/","title":{"rendered":"Garasjer"},"content":{"rendered":"<div data-elementor-type=\"wp-post\" data-elementor-id=\"1294\" class=\"elementor elementor-1294\" data-elementor-post-type=\"page\">\n\t\t\t\t<div class=\"elementor-element elementor-element-a988164 e-con-full e-flex e-con e-parent\" data-id=\"a988164\" data-element_type=\"container\" data-e-type=\"container\" data-settings=\"{&quot;background_background&quot;:&quot;classic&quot;}\">\n\t\t<div class=\"elementor-element elementor-element-3c5b94c e-con-full e-flex e-con e-child\" data-id=\"3c5b94c\" data-element_type=\"container\" data-e-type=\"container\" data-settings=\"{&quot;background_background&quot;:&quot;gradient&quot;}\">\n\t\t\t\t<div class=\"elementor-element elementor-element-f14c0c8 animated-fast elementor-widget__width-initial elementor-widget-mobile__width-initial elementor-invisible elementor-widget elementor-widget-heading\" data-id=\"f14c0c8\" data-element_type=\"widget\" data-e-type=\"widget\" data-settings=\"{&quot;_animation&quot;:&quot;fadeInUp&quot;}\" data-widget_type=\"heading.default\">\n\t\t\t\t<div class=\"elementor-widget-container\">\n\t\t\t\t\t<h1 class=\"elementor-heading-title elementor-size-default\">Tilpassede garasjer <\/br>Skreddersydd design og planlegging <\/h1>\t\t\t\t<\/div>\n\t\t\t\t<\/div>\n\t\t\t\t<\/div>\n\t\t\t\t<\/div>\n\t\t<div class=\"elementor-element elementor-element-3529acb e-flex e-con-boxed e-con e-parent\" data-id=\"3529acb\" data-element_type=\"container\" data-e-type=\"container\" data-settings=\"{&quot;background_background&quot;:&quot;classic&quot;}\">\n\t\t\t\t\t<div class=\"e-con-inner\">\n\t\t\t\t<div class=\"elementor-element elementor-element-6c969a1 elementor-invisible elementor-widget elementor-widget-text-editor\" data-id=\"6c969a1\" data-element_type=\"widget\" data-e-type=\"widget\" data-settings=\"{&quot;_animation&quot;:&quot;fadeInUp&quot;}\" data-widget_type=\"text-editor.default\">\n\t\t\t\t<div class=\"elementor-widget-container\">\n\t\t\t\t\t\t\t\t\t<p>P\u00e5 jakt etter <strong>spesialtilpasset garasjedesign og -planlegging<\/strong>? <strong>Ringstadhavna Bygg Design AS<\/strong> spesialiserer seg p\u00e5 <strong>skape skreddersydde garasjeprosjekter<\/strong> <strong>i Norge<\/strong> som passer perfekt til stilen og designet i hjemmet ditt. <a href=\"https:\/\/ringstadhavna.com\/nb\/team\/\">V\u00e5rt team<\/a> sikrer at garasjeprosjektet ditt utfyller eiendommens arkitektur, samtidig som det gir funksjonell og holdbar plass.<\/p>\t\t\t\t\t\t\t\t<\/div>\n\t\t\t\t<\/div>\n\t\t\t\t\t<\/div>\n\t\t\t\t<\/div>\n\t\t<div class=\"elementor-element elementor-element-96a8d33 e-flex e-con-boxed e-con e-parent\" data-id=\"96a8d33\" data-element_type=\"container\" data-e-type=\"container\" data-settings=\"{&quot;background_background&quot;:&quot;classic&quot;}\">\n\t\t\t\t\t<div class=\"e-con-inner\">\n\t\t\t\t<div class=\"elementor-element elementor-element-9357ac9 elementor-widget elementor-widget-gallery\" data-id=\"9357ac9\" data-element_type=\"widget\" data-e-type=\"widget\" data-settings=\"{&quot;lazyload&quot;:&quot;yes&quot;,&quot;gallery_layout&quot;:&quot;grid&quot;,&quot;columns&quot;:4,&quot;columns_tablet&quot;:2,&quot;columns_mobile&quot;:1,&quot;gap&quot;:{&quot;unit&quot;:&quot;px&quot;,&quot;size&quot;:10,&quot;sizes&quot;:[]},&quot;gap_tablet&quot;:{&quot;unit&quot;:&quot;px&quot;,&quot;size&quot;:10,&quot;sizes&quot;:[]},&quot;gap_mobile&quot;:{&quot;unit&quot;:&quot;px&quot;,&quot;size&quot;:10,&quot;sizes&quot;:[]},&quot;link_to&quot;:&quot;file&quot;,&quot;aspect_ratio&quot;:&quot;3:2&quot;,&quot;overlay_background&quot;:&quot;yes&quot;,&quot;content_hover_animation&quot;:&quot;fade-in&quot;}\" data-widget_type=\"gallery.default\">\n\t\t\t\t<div class=\"elementor-widget-container\">\n\t\t\t\t\t\t\t<div class=\"elementor-gallery__container\">\n\t\t\t\t\t\t\t<a class=\"e-gallery-item elementor-gallery-item elementor-animated-content\" href=\"https:\/\/ringstadhavna.com\/wp-content\/uploads\/2025\/04\/Custom-garages-Projects-1.webp\" data-elementor-open-lightbox=\"yes\" data-elementor-lightbox-slideshow=\"9357ac9\" data-elementor-lightbox-title=\"Custom garages - Projects -1\" data-elementor-lightbox-description=\"Custom garages - Projects\" data-e-action-hash=\"#elementor-action%3Aaction%3Dlightbox%26settings%3DeyJpZCI6MjM3MywidXJsIjoiaHR0cHM6XC9cL3JpbmdzdGFkaGF2bmEuY29tXC93cC1jb250ZW50XC91cGxvYWRzXC8yMDI1XC8wNFwvQ3VzdG9tLWdhcmFnZXMtUHJvamVjdHMtMS53ZWJwIiwic2xpZGVzaG93IjoiOTM1N2FjOSJ9\">\n\t\t\t\t\t<div class=\"e-gallery-image elementor-gallery-item__image\" data-thumbnail=\"https:\/\/ringstadhavna.com\/wp-content\/uploads\/2025\/04\/Custom-garages-Projects-1-300x135.webp\" data-width=\"300\" data-height=\"135\" aria-label=\"Skreddersydde garasjer - Prosjekter\" role=\"img\" ><\/div>\n\t\t\t\t\t\t\t\t\t\t\t<div class=\"elementor-gallery-item__overlay\"><\/div>\n\t\t\t\t\t\t\t\t\t\t\t\t\t\t<\/a>\n\t\t\t\t\t\t\t<a class=\"e-gallery-item elementor-gallery-item elementor-animated-content\" href=\"https:\/\/ringstadhavna.com\/wp-content\/uploads\/2025\/04\/Custom-garages-Projects-2.webp\" data-elementor-open-lightbox=\"yes\" data-elementor-lightbox-slideshow=\"9357ac9\" data-elementor-lightbox-title=\"Custom garages - Projects -2\" data-elementor-lightbox-description=\"Custom garages - Projects\" data-e-action-hash=\"#elementor-action%3Aaction%3Dlightbox%26settings%3DeyJpZCI6MjM3NCwidXJsIjoiaHR0cHM6XC9cL3JpbmdzdGFkaGF2bmEuY29tXC93cC1jb250ZW50XC91cGxvYWRzXC8yMDI1XC8wNFwvQ3VzdG9tLWdhcmFnZXMtUHJvamVjdHMtMi53ZWJwIiwic2xpZGVzaG93IjoiOTM1N2FjOSJ9\">\n\t\t\t\t\t<div class=\"e-gallery-image elementor-gallery-item__image\" data-thumbnail=\"https:\/\/ringstadhavna.com\/wp-content\/uploads\/2025\/04\/Custom-garages-Projects-2-300x135.webp\" data-width=\"300\" data-height=\"135\" aria-label=\"Skreddersydde garasjer - Prosjekter\" role=\"img\" ><\/div>\n\t\t\t\t\t\t\t\t\t\t\t<div class=\"elementor-gallery-item__overlay\"><\/div>\n\t\t\t\t\t\t\t\t\t\t\t\t\t\t<\/a>\n\t\t\t\t\t\t\t<a class=\"e-gallery-item elementor-gallery-item elementor-animated-content\" href=\"https:\/\/ringstadhavna.com\/wp-content\/uploads\/2025\/04\/Custom-garages-Projects-3.webp\" data-elementor-open-lightbox=\"yes\" data-elementor-lightbox-slideshow=\"9357ac9\" data-elementor-lightbox-title=\"Custom garages - Projects -3\" data-elementor-lightbox-description=\"Custom garages - Projects\" data-e-action-hash=\"#elementor-action%3Aaction%3Dlightbox%26settings%3DeyJpZCI6MjM3NSwidXJsIjoiaHR0cHM6XC9cL3JpbmdzdGFkaGF2bmEuY29tXC93cC1jb250ZW50XC91cGxvYWRzXC8yMDI1XC8wNFwvQ3VzdG9tLWdhcmFnZXMtUHJvamVjdHMtMy53ZWJwIiwic2xpZGVzaG93IjoiOTM1N2FjOSJ9\">\n\t\t\t\t\t<div class=\"e-gallery-image elementor-gallery-item__image\" data-thumbnail=\"https:\/\/ringstadhavna.com\/wp-content\/uploads\/2025\/04\/Custom-garages-Projects-3-300x135.webp\" data-width=\"300\" data-height=\"135\" aria-label=\"Skreddersydde garasjer - Prosjekter\" role=\"img\" ><\/div>\n\t\t\t\t\t\t\t\t\t\t\t<div class=\"elementor-gallery-item__overlay\"><\/div>\n\t\t\t\t\t\t\t\t\t\t\t\t\t\t<\/a>\n\t\t\t\t\t\t\t<a class=\"e-gallery-item elementor-gallery-item elementor-animated-content\" href=\"https:\/\/ringstadhavna.com\/wp-content\/uploads\/2025\/04\/Custom-garages-Projects-4.webp\" data-elementor-open-lightbox=\"yes\" data-elementor-lightbox-slideshow=\"9357ac9\" data-elementor-lightbox-title=\"Custom garages - Projects -4\" data-elementor-lightbox-description=\"Custom garages - Projects\" data-e-action-hash=\"#elementor-action%3Aaction%3Dlightbox%26settings%3DeyJpZCI6MjM3NiwidXJsIjoiaHR0cHM6XC9cL3JpbmdzdGFkaGF2bmEuY29tXC93cC1jb250ZW50XC91cGxvYWRzXC8yMDI1XC8wNFwvQ3VzdG9tLWdhcmFnZXMtUHJvamVjdHMtNC53ZWJwIiwic2xpZGVzaG93IjoiOTM1N2FjOSJ9\">\n\t\t\t\t\t<div class=\"e-gallery-image elementor-gallery-item__image\" data-thumbnail=\"https:\/\/ringstadhavna.com\/wp-content\/uploads\/2025\/04\/Custom-garages-Projects-4-300x221.webp\" data-width=\"300\" data-height=\"221\" aria-label=\"Skreddersydde garasjer - Prosjekter\" role=\"img\" ><\/div>\n\t\t\t\t\t\t\t\t\t\t\t<div class=\"elementor-gallery-item__overlay\"><\/div>\n\t\t\t\t\t\t\t\t\t\t\t\t\t\t<\/a>\n\t\t\t\t\t<\/div>\n\t\t\t\t\t<\/div>\n\t\t\t\t<\/div>\n\t\t\t\t\t<\/div>\n\t\t\t\t<\/div>\n\t\t<div class=\"elementor-element elementor-element-5a87f8d e-flex e-con-boxed e-con e-parent\" data-id=\"5a87f8d\" data-element_type=\"container\" data-e-type=\"container\" data-settings=\"{&quot;background_background&quot;:&quot;classic&quot;}\">\n\t\t\t\t\t<div class=\"e-con-inner\">\n\t\t\t\t<div class=\"elementor-element elementor-element-532d724 animated-slow elementor-widget__width-initial elementor-invisible elementor-widget elementor-widget-heading\" data-id=\"532d724\" data-element_type=\"widget\" data-e-type=\"widget\" data-settings=\"{&quot;_animation&quot;:&quot;slideInUp&quot;}\" data-widget_type=\"heading.default\">\n\t\t\t\t<div class=\"elementor-widget-container\">\n\t\t\t\t\t<h2 class=\"elementor-heading-title elementor-size-default\">Hvorfor velge v\u00e5re garasjedesigntjenester?<\/h2>\t\t\t\t<\/div>\n\t\t\t\t<\/div>\n\t\t\t\t<div class=\"elementor-element elementor-element-452ea57 elementor-widget__width-initial elementor-invisible elementor-widget elementor-widget-text-editor\" data-id=\"452ea57\" data-element_type=\"widget\" data-e-type=\"widget\" data-settings=\"{&quot;_animation&quot;:&quot;fadeInUp&quot;}\" data-widget_type=\"text-editor.default\">\n\t\t\t\t<div class=\"elementor-widget-container\">\n\t\t\t\t\t\t\t\t\t<ul><li><strong>Skreddersydd til stilen i hjemmet ditt<\/strong> - Hvert garasjeprosjekt er designet for \u00e5 harmonere med husets eksisterende estetikk og design.<\/li><li><strong>Visualiser f\u00f8r bygging<\/strong> - V\u00e5r ekspert <strong>tekniske tegnere i Norge<\/strong> lage detaljerte visualiseringer, slik at du kan se prosjektets endelige utseende f\u00f8r byggingen begynner.<\/li><li><strong>Allsidige bygningsl\u00f8sninger<\/strong> - Vi designer ikke bare nye garasjer, men ogs\u00e5 <strong>skape ombyggingsprosjekter for gamle bygninger som f.eks. l\u00e5ver til unike leiligheter og butikker<\/strong>og bevarer sin opprinnelige sjarm og utvendige design.<\/li><li><strong>Utforming og planlegging av h\u00f8y kvalitet<\/strong> - V\u00e5rt engasjement for kvalitet sikrer at hvert prosjekt planlegges med presisjon og sans for detaljer.<\/li><\/ul>\t\t\t\t\t\t\t\t<\/div>\n\t\t\t\t<\/div>\n\t\t<div class=\"elementor-element elementor-element-6aa5591 e-con-full e-flex e-con e-child\" data-id=\"6aa5591\" data-element_type=\"container\" data-e-type=\"container\">\n\t\t\t\t<div class=\"elementor-element elementor-element-c89776e elementor-invisible elementor-widget elementor-widget-video\" data-id=\"c89776e\" data-element_type=\"widget\" data-e-type=\"widget\" data-settings=\"{&quot;video_type&quot;:&quot;hosted&quot;,&quot;_animation&quot;:&quot;fadeInUp&quot;,&quot;controls&quot;:&quot;yes&quot;}\" data-widget_type=\"video.default\">\n\t\t\t\t<div class=\"elementor-widget-container\">\n\t\t\t\t\t\t\t<div class=\"e-hosted-video elementor-wrapper elementor-open-inline\">\n\t\t\t\t\t<video class=\"elementor-video\" src=\"https:\/\/ringstadhavna.com\/wp-content\/uploads\/2025\/04\/Point-cloud-Garages.mp4\" controls=\"\" preload=\"metadata\" controlslist=\"nodownload\"><\/video>\n\t\t\t\t<\/div>\n\t\t\t\t\t\t<\/div>\n\t\t\t\t<\/div>\n\t\t\t\t<\/div>\n\t\t\t\t\t<\/div>\n\t\t\t\t<\/div>\n\t\t<div class=\"elementor-element elementor-element-7730602 e-flex e-con-boxed e-con e-parent\" data-id=\"7730602\" data-element_type=\"container\" data-e-type=\"container\" data-settings=\"{&quot;background_background&quot;:&quot;classic&quot;}\">\n\t\t\t\t\t<div class=\"e-con-inner\">\n\t\t\t\t<div class=\"elementor-element elementor-element-bb7fd44 animated-slow elementor-widget__width-initial elementor-invisible elementor-widget elementor-widget-heading\" data-id=\"bb7fd44\" data-element_type=\"widget\" data-e-type=\"widget\" data-settings=\"{&quot;_animation&quot;:&quot;slideInUp&quot;}\" data-widget_type=\"heading.default\">\n\t\t\t\t<div class=\"elementor-widget-container\">\n\t\t\t\t\t<h2 class=\"elementor-heading-title elementor-size-default\">Avansert 3D-skanning for presisjon<\/h2>\t\t\t\t<\/div>\n\t\t\t\t<\/div>\n\t\t\t\t<div class=\"elementor-element elementor-element-2bad5a1 elementor-widget__width-initial elementor-invisible elementor-widget elementor-widget-text-editor\" data-id=\"2bad5a1\" data-element_type=\"widget\" data-e-type=\"widget\" data-settings=\"{&quot;_animation&quot;:&quot;fadeInUp&quot;}\" data-widget_type=\"text-editor.default\">\n\t\t\t\t<div class=\"elementor-widget-container\">\n\t\t\t\t\t\t\t\t\t<p>Forbedre prosjektets n\u00f8yaktighet med v\u00e5r <a href=\"https:\/\/ringstadhavna.com\/nb\/3d-skanning\/\"><strong>3D-skanning<\/strong><\/a> tjenester. V\u00e5r toppmoderne skanningsteknologi s\u00f8rger for at hvert eneste designelement stemmer perfekt overens med visjonen din.<\/p>\t\t\t\t\t\t\t\t<\/div>\n\t\t\t\t<\/div>\n\t\t\t\t\t<\/div>\n\t\t\t\t<\/div>\n\t\t<div class=\"elementor-element elementor-element-0d31b11 e-grid e-con-boxed e-con e-parent\" data-id=\"0d31b11\" data-element_type=\"container\" data-e-type=\"container\" data-settings=\"{&quot;background_background&quot;:&quot;classic&quot;}\">\n\t\t\t\t\t<div class=\"e-con-inner\">\n\t\t\t\t<div class=\"elementor-element elementor-element-3c2e127 animated-slow elementor-widget__width-initial elementor-invisible elementor-widget elementor-widget-heading\" data-id=\"3c2e127\" data-element_type=\"widget\" data-e-type=\"widget\" data-settings=\"{&quot;_animation&quot;:&quot;slideInUp&quot;}\" data-widget_type=\"heading.default\">\n\t\t\t\t<div class=\"elementor-widget-container\">\n\t\t\t\t\t<h2 class=\"elementor-heading-title elementor-size-default\">Forvandling av gamle strukturer<\/h2>\t\t\t\t<\/div>\n\t\t\t\t<\/div>\n\t\t\t\t<div class=\"elementor-element elementor-element-2064dd4 elementor-widget__width-initial elementor-invisible elementor-widget elementor-widget-text-editor\" data-id=\"2064dd4\" data-element_type=\"widget\" data-e-type=\"widget\" data-settings=\"{&quot;_animation&quot;:&quot;fadeInUp&quot;}\" data-widget_type=\"text-editor.default\">\n\t\t\t\t<div class=\"elementor-widget-container\">\n\t\t\t\t\t\t\t\t\t<p>P\u00e5 <span style=\"color: #ffffff;\"><a style=\"color: #ffffff;\" href=\"https:\/\/ringstadhavna.com\/nb\/\"><strong>Ringstadhavna Bygg Design AS<\/strong><\/a><\/span>Vi tror p\u00e5 \u00e5 bevare historien samtidig som vi omfavner moderne funksjonalitet. Vi <strong>skape prosjekter for \u00e5 bygge om historiske l\u00e5ver til tilpassede garasjer, leiligheter eller butikker<\/strong>og samtidig opprettholde sin unike stil og redusere milj\u00f8p\u00e5virkningen.<\/p>\t\t\t\t\t\t\t\t<\/div>\n\t\t\t\t<\/div>\n\t\t\t\t\t<\/div>\n\t\t\t\t<\/div>\n\t\t<div class=\"elementor-element elementor-element-143ae9f e-flex e-con-boxed e-con e-parent\" data-id=\"143ae9f\" data-element_type=\"container\" data-e-type=\"container\" data-settings=\"{&quot;background_background&quot;:&quot;classic&quot;}\">\n\t\t\t\t\t<div class=\"e-con-inner\">\n\t\t\t\t<div class=\"elementor-element elementor-element-7e502ed elementor-invisible elementor-widget elementor-widget-text-editor\" data-id=\"7e502ed\" data-element_type=\"widget\" data-e-type=\"widget\" data-settings=\"{&quot;_animation&quot;:&quot;fadeInUp&quot;}\" data-widget_type=\"text-editor.default\">\n\t\t\t\t<div class=\"elementor-widget-container\">\n\t\t\t\t\t\t\t\t\t<h3><strong>Utforsk prosjektene v\u00e5re<\/strong><\/h3><p>Oppdag flere innovative bygningsl\u00f8sninger p\u00e5 v\u00e5r <a href=\"https:\/\/ringstadhavna.com\/nb\/3d-skanning\/\"><strong>Prosjekter<\/strong><\/a> og se hvordan vi gir liv til arkitektoniske visjoner over hele Norge. L\u00e6r hvordan vi omformer historiske strukturer til moderne mesterverk.<\/p>\t\t\t\t\t\t\t\t<\/div>\n\t\t\t\t<\/div>\n\t\t\t\t\t<\/div>\n\t\t\t\t<\/div>\n\t\t\t\t<\/div>","protected":false},"excerpt":{"rendered":"<p>Custom Garages Tailored Design &#038; Planning Looking for custom garage design and plannin? Ringstadhavna Bygg Design AS specializes in creating bespoke garage projects in Norway that perfectly adapt to the style and design of your home. Our team ensures your garage project complements your property\u2019s architecture while providing functional and durable space. Why Choose Our [&hellip;]<\/p>\n","protected":false},"author":2,"featured_media":2244,"parent":766,"menu_order":0,"comment_status":"closed","ping_status":"closed","template":"","meta":{"nf_dc_page":"","inline_featured_image":false,"site-sidebar-layout":"default","site-content-layout":"page-builder","ast-site-content-layout":"full-width-container","site-content-style":"unboxed","site-sidebar-style":"unboxed","ast-global-header-display":"","ast-banner-title-visibility":"","ast-main-header-display":"","ast-hfb-above-header-display":"","ast-hfb-below-header-display":"","ast-hfb-mobile-header-display":"","site-post-title":"disabled","ast-breadcrumbs-content":"","ast-featured-img":"disabled","footer-sml-layout":"","theme-transparent-header-meta":"enabled","adv-header-id-meta":"","stick-header-meta":"","header-above-stick-meta":"","header-main-stick-meta":"","header-below-stick-meta":"","astra-migrate-meta-layouts":"set","ast-page-background-enabled":"default","ast-page-background-meta":{"desktop":{"background-color":"","background-image":"","background-repeat":"repeat","background-position":"center center","background-size":"auto","background-attachment":"scroll","background-type":"","background-media":"","overlay-type":"","overlay-color":"","overlay-opacity":"","overlay-gradient":""},"tablet":{"background-color":"","background-image":"","background-repeat":"repeat","background-position":"center center","background-size":"auto","background-attachment":"scroll","background-type":"","background-media":"","overlay-type":"","overlay-color":"","overlay-opacity":"","overlay-gradient":""},"mobile":{"background-color":"","background-image":"","background-repeat":"repeat","background-position":"center center","background-size":"auto","background-attachment":"scroll","background-type":"","background-media":"","overlay-type":"","overlay-color":"","overlay-opacity":"","overlay-gradient":""}},"ast-content-background-meta":{"desktop":{"background-color":"var(--ast-global-color-5)","background-image":"","background-repeat":"repeat","background-position":"center center","background-size":"auto","background-attachment":"scroll","background-type":"","background-media":"","overlay-type":"","overlay-color":"","overlay-opacity":"","overlay-gradient":""},"tablet":{"background-color":"var(--ast-global-color-5)","background-image":"","background-repeat":"repeat","background-position":"center center","background-size":"auto","background-attachment":"scroll","background-type":"","background-media":"","overlay-type":"","overlay-color":"","overlay-opacity":"","overlay-gradient":""},"mobile":{"background-color":"var(--ast-global-color-5)","background-image":"","background-repeat":"repeat","background-position":"center center","background-size":"auto","background-attachment":"scroll","background-type":"","background-media":"","overlay-type":"","overlay-color":"","overlay-opacity":"","overlay-gradient":""}},"footnotes":""},"class_list":["post-1294","page","type-page","status-publish","has-post-thumbnail","hentry"],"aioseo_notices":[],"_links":{"self":[{"href":"https:\/\/ringstadhavna.com\/nb\/wp-json\/wp\/v2\/pages\/1294","targetHints":{"allow":["GET"]}}],"collection":[{"href":"https:\/\/ringstadhavna.com\/nb\/wp-json\/wp\/v2\/pages"}],"about":[{"href":"https:\/\/ringstadhavna.com\/nb\/wp-json\/wp\/v2\/types\/page"}],"author":[{"embeddable":true,"href":"https:\/\/ringstadhavna.com\/nb\/wp-json\/wp\/v2\/users\/2"}],"replies":[{"embeddable":true,"href":"https:\/\/ringstadhavna.com\/nb\/wp-json\/wp\/v2\/comments?post=1294"}],"version-history":[{"count":19,"href":"https:\/\/ringstadhavna.com\/nb\/wp-json\/wp\/v2\/pages\/1294\/revisions"}],"predecessor-version":[{"id":2390,"href":"https:\/\/ringstadhavna.com\/nb\/wp-json\/wp\/v2\/pages\/1294\/revisions\/2390"}],"up":[{"embeddable":true,"href":"https:\/\/ringstadhavna.com\/nb\/wp-json\/wp\/v2\/pages\/766"}],"wp:featuredmedia":[{"embeddable":true,"href":"https:\/\/ringstadhavna.com\/nb\/wp-json\/wp\/v2\/media\/2244"}],"wp:attachment":[{"href":"https:\/\/ringstadhavna.com\/nb\/wp-json\/wp\/v2\/media?parent=1294"}],"curies":[{"name":"wp","href":"https:\/\/api.w.org\/{rel}","templated":true}]}}