{"id":472,"date":"2018-07-03T05:58:27","date_gmt":"2018-07-03T05:58:27","guid":{"rendered":"https:\/\/ringstadhavna.com\/about-us\/"},"modified":"2025-03-11T23:50:26","modified_gmt":"2025-03-11T23:50:26","slug":"equipo","status":"publish","type":"page","link":"https:\/\/ringstadhavna.com\/es\/team\/","title":{"rendered":"Equipo"},"content":{"rendered":"<div data-elementor-type=\"wp-post\" data-elementor-id=\"472\" class=\"elementor elementor-472\" data-elementor-post-type=\"page\">\n\t\t\t\t<div class=\"elementor-element elementor-element-6c0cd58 e-con-full e-flex e-con e-parent\" data-id=\"6c0cd58\" data-element_type=\"container\" data-e-type=\"container\" data-settings=\"{&quot;background_background&quot;:&quot;classic&quot;}\">\n\t\t<div class=\"elementor-element elementor-element-0db2242 e-con-full e-flex e-con e-child\" data-id=\"0db2242\" data-element_type=\"container\" data-e-type=\"container\" data-settings=\"{&quot;background_background&quot;:&quot;gradient&quot;}\">\n\t\t\t\t<div class=\"elementor-element elementor-element-7f68bee animated-fast elementor-invisible elementor-widget elementor-widget-heading\" data-id=\"7f68bee\" data-element_type=\"widget\" data-e-type=\"widget\" data-settings=\"{&quot;_animation&quot;:&quot;fadeInUp&quot;}\" data-widget_type=\"heading.default\">\n\t\t\t\t<div class=\"elementor-widget-container\">\n\t\t\t\t\t<h1 class=\"elementor-heading-title elementor-size-default\">Equipo de Ringstadhavna Bygg Design AS<\/h1>\t\t\t\t<\/div>\n\t\t\t\t<\/div>\n\t\t\t\t<div class=\"elementor-element elementor-element-5982b6f elementor-invisible elementor-widget elementor-widget-text-editor\" data-id=\"5982b6f\" data-element_type=\"widget\" data-e-type=\"widget\" data-settings=\"{&quot;_animation&quot;:&quot;fadeInUp&quot;}\" data-widget_type=\"text-editor.default\">\n\t\t\t\t<div class=\"elementor-widget-container\">\n\t\t\t\t\t\t\t\t\t<p>Somos un equipo apasionado y cualificado, dedicado a prestar servicios punteros de escaneado 3D e impresi\u00f3n 3D.<\/p>\t\t\t\t\t\t\t\t<\/div>\n\t\t\t\t<\/div>\n\t\t\t\t<\/div>\n\t\t\t\t<\/div>\n\t\t<div class=\"elementor-element elementor-element-3f667b2 e-con-full e-flex elementor-invisible e-con e-parent\" data-id=\"3f667b2\" data-element_type=\"container\" data-e-type=\"container\" data-settings=\"{&quot;background_background&quot;:&quot;gradient&quot;,&quot;animation&quot;:&quot;fadeInUp&quot;}\">\n\t\t<div class=\"elementor-element elementor-element-522371d animated-fast e-flex e-con-boxed elementor-invisible e-con e-child\" data-id=\"522371d\" data-element_type=\"container\" data-e-type=\"container\" data-settings=\"{&quot;animation&quot;:&quot;fadeInUp&quot;}\">\n\t\t\t\t\t<div class=\"e-con-inner\">\n\t\t\t\t<div class=\"elementor-element elementor-element-f2b7606 elementor-widget elementor-widget-heading\" data-id=\"f2b7606\" data-element_type=\"widget\" data-e-type=\"widget\" data-widget_type=\"heading.default\">\n\t\t\t\t<div class=\"elementor-widget-container\">\n\t\t\t\t\t<h5 class=\"elementor-heading-title elementor-size-default\">Somos una peque\u00f1a pero din\u00e1mica empresa emergente con sede en Noruega que a\u00fana diversos conocimientos de arquitectura, construcci\u00f3n, dise\u00f1o y tecnolog\u00eda. Juntos, trabajamos para ofrecer soluciones de alta calidad que satisfagan las necesidades espec\u00edficas de nuestros clientes.<\/h5>\t\t\t\t<\/div>\n\t\t\t\t<\/div>\n\t\t\t\t\t<\/div>\n\t\t\t\t<\/div>\n\t\t\t\t<\/div>\n\t\t<div class=\"elementor-element elementor-element-1a22f3c e-con-full e-flex e-con e-parent\" data-id=\"1a22f3c\" data-element_type=\"container\" data-e-type=\"container\" data-settings=\"{&quot;background_background&quot;:&quot;classic&quot;}\">\n\t\t<div class=\"elementor-element elementor-element-dff1624 e-flex e-con-boxed e-con e-child\" data-id=\"dff1624\" data-element_type=\"container\" data-e-type=\"container\">\n\t\t\t\t\t<div class=\"e-con-inner\">\n\t\t\t\t<div class=\"elementor-element elementor-element-0b496c2 elementor-widget__width-initial animated-fast elementor-invisible elementor-widget elementor-widget-text-editor\" data-id=\"0b496c2\" data-element_type=\"widget\" data-e-type=\"widget\" data-settings=\"{&quot;_animation&quot;:&quot;fadeInUp&quot;}\" data-widget_type=\"text-editor.default\">\n\t\t\t\t<div class=\"elementor-widget-container\">\n\t\t\t\t\t\t\t\t\t<h2 style=\"text-align: center\">Nuestra experiencia:<\/h2>\n<ul>\n \t<li><strong>Escaneado 3D<\/strong>: Utilizamos <strong>Esc\u00e1neres l\u00e1ser FARO 3D<\/strong> para la captura de mediciones precisas y datos as-built, garantizando r\u00e9plicas digitales exactas de los espacios f\u00edsicos.<\/li>\n \t<li><strong>Modelado y dise\u00f1o 3D<\/strong>: Nuestro equipo es competente en la creaci\u00f3n de <strong>Modelos 3D as-built<\/strong> utilizando <strong>Autodesk Revit<\/strong>y visualizaciones fotorrealistas con <strong>Autodesk 3ds Max<\/strong>.<\/li>\n \t<li><strong>BIM y colaboraci\u00f3n en proyectos<\/strong>: Nuestra experiencia se extiende a <strong>Herramientas de colaboraci\u00f3n BIM<\/strong> como <strong>Navisworks<\/strong> y <strong>BIM 360<\/strong>que contribuyen a la coordinaci\u00f3n espacial, la gesti\u00f3n de proyectos y la racionalizaci\u00f3n de los flujos de trabajo.<\/li>\n \t<li><strong>Integraci\u00f3n de sistemas mec\u00e1nicos, el\u00e9ctricos y de fontaner\u00eda (MEP)<\/strong>: Estamos especializados en la perfecta incorporaci\u00f3n de sistemas MEP en modelos 3D, proporcionando una visi\u00f3n completa de la estructura del edificio.<\/li>\n<\/ul>\t\t\t\t\t\t\t\t<\/div>\n\t\t\t\t<\/div>\n\t\t\t\t\t<\/div>\n\t\t\t\t<\/div>\n\t\t\t\t<\/div>\n\t\t<div class=\"elementor-element elementor-element-b448b70 e-con-full e-flex e-con e-parent\" data-id=\"b448b70\" data-element_type=\"container\" data-e-type=\"container\" data-settings=\"{&quot;background_background&quot;:&quot;gradient&quot;}\">\n\t\t<div class=\"elementor-element elementor-element-2c696b2 animated-fast e-flex e-con-boxed elementor-invisible e-con e-child\" data-id=\"2c696b2\" data-element_type=\"container\" data-e-type=\"container\" data-settings=\"{&quot;animation&quot;:&quot;fadeInUp&quot;}\">\n\t\t\t\t\t<div class=\"e-con-inner\">\n\t\t\t\t<div class=\"elementor-element elementor-element-fb3249a elementor-widget__width-initial elementor-widget elementor-widget-text-editor\" data-id=\"fb3249a\" data-element_type=\"widget\" data-e-type=\"widget\" data-widget_type=\"text-editor.default\">\n\t\t\t\t<div class=\"elementor-widget-container\">\n\t\t\t\t\t\t\t\t\t<h2><strong>Conozca a los miembros de nuestro equipo:<\/strong><\/h2>\t\t\t\t\t\t\t\t<\/div>\n\t\t\t\t<\/div>\n\t\t\t\t\t<\/div>\n\t\t\t\t<\/div>\n\t\t\t\t<\/div>\n\t\t\t\t<section class=\"elementor-section elementor-top-section elementor-element elementor-element-6wgjqsk elementor-section-boxed elementor-section-height-default elementor-section-height-default\" data-id=\"6wgjqsk\" data-element_type=\"section\" data-e-type=\"section\" data-settings=\"{&quot;background_background&quot;:&quot;classic&quot;}\">\n\t\t\t\t\t\t<div class=\"elementor-container elementor-column-gap-default\">\n\t\t\t\t\t<div class=\"elementor-column elementor-col-100 elementor-top-column elementor-element elementor-element-c3b4893\" data-id=\"c3b4893\" data-element_type=\"column\" data-e-type=\"column\">\n\t\t\t<div class=\"elementor-widget-wrap elementor-element-populated\">\n\t\t\t\t\t\t<section class=\"elementor-section elementor-inner-section elementor-element elementor-element-8059a1b animated-fast elementor-section-boxed elementor-section-height-default elementor-section-height-default elementor-invisible\" data-id=\"8059a1b\" data-element_type=\"section\" data-e-type=\"section\" data-settings=\"{&quot;animation&quot;:&quot;fadeInUp&quot;}\">\n\t\t\t\t\t\t<div class=\"elementor-container elementor-column-gap-no\">\n\t\t\t\t\t<div class=\"elementor-column elementor-col-25 elementor-inner-column elementor-element elementor-element-c30ee36 column-block\" data-id=\"c30ee36\" data-element_type=\"column\" data-e-type=\"column\">\n\t\t\t<div class=\"elementor-widget-wrap elementor-element-populated\">\n\t\t\t\t\t\t<div class=\"elementor-element elementor-element-0c8c0e9 icon elementor-position-top elementor-widget elementor-widget-image-box\" data-id=\"0c8c0e9\" data-element_type=\"widget\" data-e-type=\"widget\" id=\"icon\" data-widget_type=\"image-box.default\">\n\t\t\t\t<div class=\"elementor-widget-container\">\n\t\t\t\t\t<div class=\"elementor-image-box-wrapper\"><figure class=\"elementor-image-box-img\"><img decoding=\"async\" width=\"150\" height=\"150\" src=\"https:\/\/ringstadhavna.com\/wp-content\/uploads\/2025\/02\/CEO.svg\" class=\"attachment-full size-full wp-image-2036\" alt=\"\" \/><\/figure><div class=\"elementor-image-box-content\"><h5 class=\"elementor-image-box-title\">Jon Ringstad<\/h5><p class=\"elementor-image-box-description\"><b>DIRECTOR GENERAL<\/b><\/p><\/div><\/div>\t\t\t\t<\/div>\n\t\t\t\t<\/div>\n\t\t\t\t<div class=\"elementor-element elementor-element-a4585ad column-content elementor-widget elementor-widget-text-editor\" data-id=\"a4585ad\" data-element_type=\"widget\" data-e-type=\"widget\" data-widget_type=\"text-editor.default\">\n\t\t\t\t<div class=\"elementor-widget-container\">\n\t\t\t\t\t\t\t\t\t<p>Jon aporta una gran experiencia en econom\u00eda, marketing y gesti\u00f3n de proyectos. Como Consejero Delegado, se dedica a garantizar que Ringstadhavna ofrezca resultados sobresalientes manteniendo nuestros valores de calidad e innovaci\u00f3n.<\/p>\t\t\t\t\t\t\t\t<\/div>\n\t\t\t\t<\/div>\n\t\t\t\t\t<\/div>\n\t\t<\/div>\n\t\t\t\t<div class=\"elementor-column elementor-col-25 elementor-inner-column elementor-element elementor-element-6c4362d column-block\" data-id=\"6c4362d\" data-element_type=\"column\" data-e-type=\"column\">\n\t\t\t<div class=\"elementor-widget-wrap elementor-element-populated\">\n\t\t\t\t\t\t<div class=\"elementor-element elementor-element-a1f6515 icon elementor-position-top elementor-widget elementor-widget-image-box\" data-id=\"a1f6515\" data-element_type=\"widget\" data-e-type=\"widget\" id=\"icon\" data-widget_type=\"image-box.default\">\n\t\t\t\t<div class=\"elementor-widget-container\">\n\t\t\t\t\t<div class=\"elementor-image-box-wrapper\"><figure class=\"elementor-image-box-img\"><img decoding=\"async\" width=\"150\" height=\"150\" src=\"https:\/\/ringstadhavna.com\/wp-content\/uploads\/2025\/02\/Assistant.svg\" class=\"attachment-full size-full wp-image-2035\" alt=\"\" \/><\/figure><div class=\"elementor-image-box-content\"><h5 class=\"elementor-image-box-title\">Riina Raastas-Ackroyd<\/h5><p class=\"elementor-image-box-description\"><b>Asistente ejecutiva<\/b><\/p><\/div><\/div>\t\t\t\t<\/div>\n\t\t\t\t<\/div>\n\t\t\t\t<div class=\"elementor-element elementor-element-557b1d3 column-content elementor-widget elementor-widget-text-editor\" data-id=\"557b1d3\" data-element_type=\"widget\" data-e-type=\"widget\" data-widget_type=\"text-editor.default\">\n\t\t\t\t<div class=\"elementor-widget-container\">\n\t\t\t\t\t\t\t\t\t<p>Riina tiene experiencia en atenci\u00f3n al cliente y asistencia en diversos sectores, como hosteler\u00eda y tecnolog\u00eda, complementada con una licenciatura en Gesti\u00f3n Empresarial con Econom\u00eda. Sus dotes organizativas y su experiencia garantizan el buen funcionamiento de nuestras operaciones.<\/p>\t\t\t\t\t\t\t\t<\/div>\n\t\t\t\t<\/div>\n\t\t\t\t\t<\/div>\n\t\t<\/div>\n\t\t\t\t<div class=\"elementor-column elementor-col-25 elementor-inner-column elementor-element elementor-element-2b6e32e column-block\" data-id=\"2b6e32e\" data-element_type=\"column\" data-e-type=\"column\">\n\t\t\t<div class=\"elementor-widget-wrap elementor-element-populated\">\n\t\t\t\t\t\t<div class=\"elementor-element elementor-element-e1effa6 icon elementor-position-top elementor-widget elementor-widget-image-box\" data-id=\"e1effa6\" data-element_type=\"widget\" data-e-type=\"widget\" data-widget_type=\"image-box.default\">\n\t\t\t\t<div class=\"elementor-widget-container\">\n\t\t\t\t\t<div class=\"elementor-image-box-wrapper\"><figure class=\"elementor-image-box-img\"><img decoding=\"async\" width=\"150\" height=\"150\" src=\"https:\/\/ringstadhavna.com\/wp-content\/uploads\/2025\/02\/Manager.svg\" class=\"attachment-full size-full wp-image-2037\" alt=\"\" \/><\/figure><div class=\"elementor-image-box-content\"><h5 class=\"elementor-image-box-title\">Jos\u00e9 Mar\u00eda Leiva<\/h5><p class=\"elementor-image-box-description\"><b>Delineante t\u00e9cnico<\/b><\/p><\/div><\/div>\t\t\t\t<\/div>\n\t\t\t\t<\/div>\n\t\t\t\t<div class=\"elementor-element elementor-element-609f895 column-content elementor-widget elementor-widget-text-editor\" data-id=\"609f895\" data-element_type=\"widget\" data-e-type=\"widget\" data-widget_type=\"text-editor.default\">\n\t\t\t\t<div class=\"elementor-widget-container\">\n\t\t\t\t\t\t\t\t\t<p>Con una s\u00f3lida base en gesti\u00f3n de la construcci\u00f3n y dise\u00f1o, Jose-Maria destaca en la transformaci\u00f3n de planos de proyectos en modelos 3D detallados. Es usuario certificado de Autodesk Revit, lo que garantiza unos resultados de alta calidad.<\/p>\t\t\t\t\t\t\t\t<\/div>\n\t\t\t\t<\/div>\n\t\t\t\t\t<\/div>\n\t\t<\/div>\n\t\t\t\t<div class=\"elementor-column elementor-col-25 elementor-inner-column elementor-element elementor-element-cbe0a73 column-block\" data-id=\"cbe0a73\" data-element_type=\"column\" data-e-type=\"column\">\n\t\t\t<div class=\"elementor-widget-wrap elementor-element-populated\">\n\t\t\t\t\t\t<div class=\"elementor-element elementor-element-e896128 icon elementor-position-top elementor-widget elementor-widget-image-box\" data-id=\"e896128\" data-element_type=\"widget\" data-e-type=\"widget\" data-widget_type=\"image-box.default\">\n\t\t\t\t<div class=\"elementor-widget-container\">\n\t\t\t\t\t<div class=\"elementor-image-box-wrapper\"><figure class=\"elementor-image-box-img\"><img loading=\"lazy\" decoding=\"async\" width=\"150\" height=\"150\" src=\"https:\/\/ringstadhavna.com\/wp-content\/uploads\/2025\/02\/Designer.svg\" class=\"attachment-full size-full wp-image-2087\" alt=\"\" \/><\/figure><div class=\"elementor-image-box-content\"><h5 class=\"elementor-image-box-title\">Gerardo Bulacio<\/h5><p class=\"elementor-image-box-description\"><b>Delineante t\u00e9cnico<\/b><\/p><\/div><\/div>\t\t\t\t<\/div>\n\t\t\t\t<\/div>\n\t\t\t\t<div class=\"elementor-element elementor-element-12765fa column-content elementor-widget elementor-widget-text-editor\" data-id=\"12765fa\" data-element_type=\"widget\" data-e-type=\"widget\" data-widget_type=\"text-editor.default\">\n\t\t\t\t<div class=\"elementor-widget-container\">\n\t\t\t\t\t\t\t\t\t<p>Gerardo est\u00e1 especializado en <strong>Escaneado 3D<\/strong>, <strong>ingenier\u00eda inversa<\/strong>y <strong>visualizaci\u00f3n fotorrealista<\/strong>. Con experiencia en <strong>Revit<\/strong>, <strong>3ds Max<\/strong>y <strong>Navisworks<\/strong>Crea representaciones precisas y visualmente atractivas de dise\u00f1os complejos.<\/p>\t\t\t\t\t\t\t\t<\/div>\n\t\t\t\t<\/div>\n\t\t\t\t\t<\/div>\n\t\t<\/div>\n\t\t\t\t\t<\/div>\n\t\t<\/section>\n\t\t\t\t\t<\/div>\n\t\t<\/div>\n\t\t\t\t\t<\/div>\n\t\t<\/section>\n\t\t<div class=\"elementor-element elementor-element-cc0a646 e-con-full e-flex elementor-invisible e-con e-parent\" data-id=\"cc0a646\" data-element_type=\"container\" data-e-type=\"container\" data-settings=\"{&quot;animation&quot;:&quot;fadeInUp&quot;}\">\n\t\t<div class=\"elementor-element elementor-element-54289a6 animated-fast e-flex e-con-boxed elementor-invisible e-con e-child\" data-id=\"54289a6\" data-element_type=\"container\" data-e-type=\"container\" data-settings=\"{&quot;animation&quot;:&quot;fadeInUp&quot;}\">\n\t\t\t\t\t<div class=\"e-con-inner\">\n\t\t\t\t<div class=\"elementor-element elementor-element-d943335 elementor-widget elementor-widget-heading\" data-id=\"d943335\" data-element_type=\"widget\" data-e-type=\"widget\" data-widget_type=\"heading.default\">\n\t\t\t\t<div class=\"elementor-widget-container\">\n\t\t\t\t\t<h5 class=\"elementor-heading-title elementor-size-default\">Nuestro enfoque: En Ringstadhavna, adoptamos un enfoque de colaboraci\u00f3n para cada proyecto, aprovechando nuestro variado conjunto de habilidades para ofrecer soluciones a medida. Nuestro objetivo no es solo cumplir las expectativas de nuestros clientes, sino superarlas, ofreciendo resultados excepcionales a tiempo y sin salirnos del presupuesto.<\/h5>\t\t\t\t<\/div>\n\t\t\t\t<\/div>\n\t\t\t\t\t<\/div>\n\t\t\t\t<\/div>\n\t\t\t\t<\/div>\n\t\t\t\t<\/div>","protected":false},"excerpt":{"rendered":"<p>Team at Ringstadhavna Bygg Design AS We are a passionate and skilled team, dedicated to providing cutting-edge 3D scanning and 3D printing services. As a small but dynamic startup based in Norway, we bring together diverse expertise from architecture, construction, design, and technology. Together, we work towards delivering high-quality solutions that meet the specific needs [&hellip;]<\/p>\n","protected":false},"author":1,"featured_media":1725,"parent":0,"menu_order":0,"comment_status":"closed","ping_status":"closed","template":"","meta":{"nf_dc_page":"","inline_featured_image":false,"site-sidebar-layout":"default","site-content-layout":"page-builder","ast-site-content-layout":"full-width-container","site-content-style":"unboxed","site-sidebar-style":"unboxed","ast-global-header-display":"","ast-banner-title-visibility":"","ast-main-header-display":"","ast-hfb-above-header-display":"","ast-hfb-below-header-display":"","ast-hfb-mobile-header-display":"","site-post-title":"disabled","ast-breadcrumbs-content":"","ast-featured-img":"disabled","footer-sml-layout":"","theme-transparent-header-meta":"enabled","adv-header-id-meta":"","stick-header-meta":"","header-above-stick-meta":"","header-main-stick-meta":"","header-below-stick-meta":"","astra-migrate-meta-layouts":"set","ast-page-background-enabled":"default","ast-page-background-meta":{"desktop":{"background-color":"","background-image":"","background-repeat":"repeat","background-position":"center center","background-size":"auto","background-attachment":"scroll","background-type":"","background-media":"","overlay-type":"","overlay-color":"","overlay-opacity":"","overlay-gradient":""},"tablet":{"background-color":"","background-image":"","background-repeat":"repeat","background-position":"center center","background-size":"auto","background-attachment":"scroll","background-type":"","background-media":"","overlay-type":"","overlay-color":"","overlay-opacity":"","overlay-gradient":""},"mobile":{"background-color":"","background-image":"","background-repeat":"repeat","background-position":"center center","background-size":"auto","background-attachment":"scroll","background-type":"","background-media":"","overlay-type":"","overlay-color":"","overlay-opacity":"","overlay-gradient":""}},"ast-content-background-meta":{"desktop":{"background-color":"var(--ast-global-color-5)","background-image":"","background-repeat":"repeat","background-position":"center center","background-size":"auto","background-attachment":"scroll","background-type":"","background-media":"","overlay-type":"","overlay-color":"","overlay-opacity":"","overlay-gradient":""},"tablet":{"background-color":"var(--ast-global-color-5)","background-image":"","background-repeat":"repeat","background-position":"center center","background-size":"auto","background-attachment":"scroll","background-type":"","background-media":"","overlay-type":"","overlay-color":"","overlay-opacity":"","overlay-gradient":""},"mobile":{"background-color":"var(--ast-global-color-5)","background-image":"","background-repeat":"repeat","background-position":"center center","background-size":"auto","background-attachment":"scroll","background-type":"","background-media":"","overlay-type":"","overlay-color":"","overlay-opacity":"","overlay-gradient":""}},"footnotes":""},"class_list":["post-472","page","type-page","status-publish","has-post-thumbnail","hentry"],"aioseo_notices":[],"_links":{"self":[{"href":"https:\/\/ringstadhavna.com\/es\/wp-json\/wp\/v2\/pages\/472","targetHints":{"allow":["GET"]}}],"collection":[{"href":"https:\/\/ringstadhavna.com\/es\/wp-json\/wp\/v2\/pages"}],"about":[{"href":"https:\/\/ringstadhavna.com\/es\/wp-json\/wp\/v2\/types\/page"}],"author":[{"embeddable":true,"href":"https:\/\/ringstadhavna.com\/es\/wp-json\/wp\/v2\/users\/1"}],"replies":[{"embeddable":true,"href":"https:\/\/ringstadhavna.com\/es\/wp-json\/wp\/v2\/comments?post=472"}],"version-history":[{"count":38,"href":"https:\/\/ringstadhavna.com\/es\/wp-json\/wp\/v2\/pages\/472\/revisions"}],"predecessor-version":[{"id":2090,"href":"https:\/\/ringstadhavna.com\/es\/wp-json\/wp\/v2\/pages\/472\/revisions\/2090"}],"wp:featuredmedia":[{"embeddable":true,"href":"https:\/\/ringstadhavna.com\/es\/wp-json\/wp\/v2\/media\/1725"}],"wp:attachment":[{"href":"https:\/\/ringstadhavna.com\/es\/wp-json\/wp\/v2\/media?parent=472"}],"curies":[{"name":"wp","href":"https:\/\/api.w.org\/{rel}","templated":true}]}}