{"id":2462,"date":"2025-04-17T11:36:00","date_gmt":"2025-04-17T11:36:00","guid":{"rendered":"https:\/\/ringstadhavna.com\/?page_id=2462"},"modified":"2025-04-17T13:05:24","modified_gmt":"2025-04-17T13:05:24","slug":"escaneado-laser-3d-para-una-remodelacion-precisa-de-la-cocina","status":"publish","type":"page","link":"https:\/\/ringstadhavna.com\/es\/projects\/3d-laser-scanning-for-precise-kitchen-remodeling\/","title":{"rendered":"Escaneado l\u00e1ser 3D para una remodelaci\u00f3n precisa de la cocina"},"content":{"rendered":"<div data-elementor-type=\"wp-post\" data-elementor-id=\"2462\" class=\"elementor elementor-2462\" data-elementor-post-type=\"page\">\n\t\t\t\t<div class=\"elementor-element elementor-element-a3d8d8b e-con-full e-flex e-con e-parent\" data-id=\"a3d8d8b\" data-element_type=\"container\" data-e-type=\"container\" data-settings=\"{&quot;background_background&quot;:&quot;classic&quot;}\">\n\t\t<div class=\"elementor-element elementor-element-f942d16 e-con-full e-flex e-con e-child\" data-id=\"f942d16\" data-element_type=\"container\" data-e-type=\"container\" data-settings=\"{&quot;background_background&quot;:&quot;gradient&quot;}\">\n\t\t\t\t<div class=\"elementor-element elementor-element-f366bfd animated-fast elementor-widget__width-initial elementor-widget-mobile__width-initial elementor-invisible elementor-widget elementor-widget-heading\" data-id=\"f366bfd\" data-element_type=\"widget\" data-e-type=\"widget\" data-settings=\"{&quot;_animation&quot;:&quot;fadeInUp&quot;}\" data-widget_type=\"heading.default\">\n\t\t\t\t<div class=\"elementor-widget-container\">\n\t\t\t\t\t<h1 class=\"elementor-heading-title elementor-size-default\">Escaneado l\u00e1ser 3D para remodelaci\u00f3n de cocinas: Precisi\u00f3n en cada detalle<\/h1>\t\t\t\t<\/div>\n\t\t\t\t<\/div>\n\t\t\t\t<\/div>\n\t\t\t\t<\/div>\n\t\t<div class=\"elementor-element elementor-element-16c82b9 e-flex e-con-boxed e-con e-parent\" data-id=\"16c82b9\" data-element_type=\"container\" data-e-type=\"container\" data-settings=\"{&quot;background_background&quot;:&quot;classic&quot;}\">\n\t\t\t\t\t<div class=\"e-con-inner\">\n\t\t\t\t<div class=\"elementor-element elementor-element-22fe5f9 elementor-invisible elementor-widget elementor-widget-text-editor\" data-id=\"22fe5f9\" data-element_type=\"widget\" data-e-type=\"widget\" data-settings=\"{&quot;_animation&quot;:&quot;fadeInUp&quot;}\" data-widget_type=\"text-editor.default\">\n\t\t\t\t<div class=\"elementor-widget-container\">\n\t\t\t\t\t\t\t\t\t<p>Renovar una cocina, sobre todo en una casa antigua, puede ser una tarea compleja si no se dispone de planos fiables. Por eso <strong>Escaneado l\u00e1ser 3D para remodelaci\u00f3n de cocinas<\/strong> se convierte en un cambio de juego. En este proyecto, nuestro equipo de <a href=\"https:\/\/ringstadhavna.com\/es\/\">Ringstadhavna<\/a> aprovech\u00f3 con \u00e9xito la tecnolog\u00eda de escaneado de alta precisi\u00f3n para proporcionar al propietario y a su equipo de dise\u00f1o un <strong>representaci\u00f3n digital completa y exacta<\/strong> de la cocina existente.<\/p>\t\t\t\t\t\t\t\t<\/div>\n\t\t\t\t<\/div>\n\t\t\t\t\t<\/div>\n\t\t\t\t<\/div>\n\t\t<div class=\"elementor-element elementor-element-84d6e06 e-flex e-con-boxed e-con e-parent\" data-id=\"84d6e06\" data-element_type=\"container\" data-e-type=\"container\" data-settings=\"{&quot;background_background&quot;:&quot;classic&quot;,&quot;animation&quot;:&quot;none&quot;}\">\n\t\t\t\t\t<div class=\"e-con-inner\">\n\t\t\t\t<div class=\"elementor-element elementor-element-3b5289e elementor-invisible elementor-widget elementor-widget-text-editor\" data-id=\"3b5289e\" data-element_type=\"widget\" data-e-type=\"widget\" data-settings=\"{&quot;_animation&quot;:&quot;fadeInUp&quot;}\" data-widget_type=\"text-editor.default\">\n\t\t\t\t<div class=\"elementor-widget-container\">\n\t\t\t\t\t\t\t\t\t<h2>El reto: <\/br>Remodelar sin plano<\/h2>\nEl propietario quer\u00eda renovar su cocina, pero no dispon\u00eda de planos ni medidas fiables. Los m\u00e9todos de medici\u00f3n tradicionales no pod\u00edan garantizar la precisi\u00f3n necesaria para un redise\u00f1o perfecto de la cocina. \u00bfNuestra soluci\u00f3n? Avanzado <strong>Escaneado l\u00e1ser 3D<\/strong>.\t\t\t\t\t\t\t\t<\/div>\n\t\t\t\t<\/div>\n\t\t\t\t\t<\/div>\n\t\t\t\t<\/div>\n\t\t<div class=\"elementor-element elementor-element-e1d54cf e-flex e-con-boxed e-con e-parent\" data-id=\"e1d54cf\" data-element_type=\"container\" data-e-type=\"container\" data-settings=\"{&quot;background_background&quot;:&quot;classic&quot;,&quot;animation&quot;:&quot;none&quot;}\">\n\t\t\t\t\t<div class=\"e-con-inner\">\n\t\t\t\t<div class=\"elementor-element elementor-element-d60096b elementor-arrows-position-inside elementor-invisible elementor-widget elementor-widget-image-carousel\" data-id=\"d60096b\" data-element_type=\"widget\" data-e-type=\"widget\" data-settings=\"{&quot;slides_to_show&quot;:&quot;4&quot;,&quot;lazyload&quot;:&quot;yes&quot;,&quot;_animation&quot;:&quot;fadeInUp&quot;,&quot;navigation&quot;:&quot;arrows&quot;,&quot;autoplay&quot;:&quot;yes&quot;,&quot;pause_on_interaction&quot;:&quot;yes&quot;,&quot;autoplay_speed&quot;:5000,&quot;infinite&quot;:&quot;yes&quot;,&quot;speed&quot;:500,&quot;image_spacing_custom&quot;:{&quot;unit&quot;:&quot;px&quot;,&quot;size&quot;:20,&quot;sizes&quot;:[]},&quot;image_spacing_custom_tablet&quot;:{&quot;unit&quot;:&quot;px&quot;,&quot;size&quot;:&quot;&quot;,&quot;sizes&quot;:[]},&quot;image_spacing_custom_mobile&quot;:{&quot;unit&quot;:&quot;px&quot;,&quot;size&quot;:&quot;&quot;,&quot;sizes&quot;:[]}}\" data-widget_type=\"image-carousel.default\">\n\t\t\t\t<div class=\"elementor-widget-container\">\n\t\t\t\t\t\t\t<div class=\"elementor-image-carousel-wrapper swiper\" role=\"region\" aria-roledescription=\"carousel\" aria-label=\"Carrusel de im\u00e1genes\" dir=\"ltr\">\n\t\t\t<div class=\"elementor-image-carousel swiper-wrapper swiper-image-stretch\" aria-live=\"off\">\n\t\t\t\t\t\t\t\t<div class=\"swiper-slide\" role=\"group\" aria-roledescription=\"slide\" aria-label=\"1 de 4\"><a data-elementor-open-lightbox=\"yes\" data-elementor-lightbox-slideshow=\"d60096b\" data-elementor-lightbox-title=\"3D Laser Scanning for Kitchen Remodeling (1)\" data-elementor-lightbox-description=\"3D Laser Scanning for Kitchen Remodeling\" data-e-action-hash=\"#elementor-action%3Aaction%3Dlightbox%26settings%3DeyJpZCI6MjQ2NCwidXJsIjoiaHR0cHM6XC9cL3JpbmdzdGFkaGF2bmEuY29tXC93cC1jb250ZW50XC91cGxvYWRzXC8yMDI1XC8wNFwvM0QtTGFzZXItU2Nhbm5pbmctZm9yLUtpdGNoZW4tUmVtb2RlbGluZy0xLndlYnAiLCJzbGlkZXNob3ciOiJkNjAwOTZiIn0%3D\" href=\"https:\/\/ringstadhavna.com\/wp-content\/uploads\/2025\/04\/3D-Laser-Scanning-for-Kitchen-Remodeling-1.webp\"><figure class=\"swiper-slide-inner\"><img class=\"swiper-slide-image swiper-lazy\" data-src=\"https:\/\/ringstadhavna.com\/wp-content\/uploads\/elementor\/thumbs\/3D-Laser-Scanning-for-Kitchen-Remodeling-1-r4hnc8ghv1iujoh5zozz46xh3ovsu5u2x4vpdw48gs.webp\" alt=\"Escaneado l\u00e1ser 3D para la remodelaci\u00f3n de cocinas\" \/><div class=\"swiper-lazy-preloader\"><\/div><\/figure><\/a><\/div><div class=\"swiper-slide\" role=\"group\" aria-roledescription=\"slide\" aria-label=\"2 de 4\"><a data-elementor-open-lightbox=\"yes\" data-elementor-lightbox-slideshow=\"d60096b\" data-elementor-lightbox-title=\"3D Laser Scanning for Kitchen Remodeling (2)\" data-elementor-lightbox-description=\"3D Laser Scanning for Kitchen Remodeling\" data-e-action-hash=\"#elementor-action%3Aaction%3Dlightbox%26settings%3DeyJpZCI6MjQ2NSwidXJsIjoiaHR0cHM6XC9cL3JpbmdzdGFkaGF2bmEuY29tXC93cC1jb250ZW50XC91cGxvYWRzXC8yMDI1XC8wNFwvM0QtTGFzZXItU2Nhbm5pbmctZm9yLUtpdGNoZW4tUmVtb2RlbGluZy0yLnBuZyIsInNsaWRlc2hvdyI6ImQ2MDA5NmIifQ%3D%3D\" href=\"https:\/\/ringstadhavna.com\/wp-content\/uploads\/2025\/04\/3D-Laser-Scanning-for-Kitchen-Remodeling-2.png\"><figure class=\"swiper-slide-inner\"><img class=\"swiper-slide-image swiper-lazy\" data-src=\"https:\/\/ringstadhavna.com\/wp-content\/uploads\/elementor\/thumbs\/3D-Laser-Scanning-for-Kitchen-Remodeling-2-r4hncac68plf6wefopt896geagmj9k1jle6ocg1g4c.png\" alt=\"Escaneado l\u00e1ser 3D para la remodelaci\u00f3n de cocinas\" \/><div class=\"swiper-lazy-preloader\"><\/div><\/figure><\/a><\/div><div class=\"swiper-slide\" role=\"group\" aria-roledescription=\"slide\" aria-label=\"3 de 4\"><a data-elementor-open-lightbox=\"yes\" data-elementor-lightbox-slideshow=\"d60096b\" data-elementor-lightbox-title=\"3D Laser Scanning for Kitchen Remodeling (3)\" data-elementor-lightbox-description=\"3D Laser Scanning for Kitchen Remodeling\" data-e-action-hash=\"#elementor-action%3Aaction%3Dlightbox%26settings%3DeyJpZCI6MjQ2NiwidXJsIjoiaHR0cHM6XC9cL3JpbmdzdGFkaGF2bmEuY29tXC93cC1jb250ZW50XC91cGxvYWRzXC8yMDI1XC8wNFwvM0QtTGFzZXItU2Nhbm5pbmctZm9yLUtpdGNoZW4tUmVtb2RlbGluZy0zLnBuZyIsInNsaWRlc2hvdyI6ImQ2MDA5NmIifQ%3D%3D\" href=\"https:\/\/ringstadhavna.com\/wp-content\/uploads\/2025\/04\/3D-Laser-Scanning-for-Kitchen-Remodeling-3.png\"><figure class=\"swiper-slide-inner\"><img class=\"swiper-slide-image swiper-lazy\" data-src=\"https:\/\/ringstadhavna.com\/wp-content\/uploads\/elementor\/thumbs\/3D-Laser-Scanning-for-Kitchen-Remodeling-3-r4hncc7umdnzu4bpdqmhe5zbh8d9oy909nhnazynrw.png\" alt=\"Escaneado l\u00e1ser 3D para la remodelaci\u00f3n de cocinas\" \/><div class=\"swiper-lazy-preloader\"><\/div><\/figure><\/a><\/div><div class=\"swiper-slide\" role=\"group\" aria-roledescription=\"slide\" aria-label=\"4 de 4\"><a data-elementor-open-lightbox=\"yes\" data-elementor-lightbox-slideshow=\"d60096b\" data-elementor-lightbox-title=\"3D Laser Scanning for Kitchen Remodeling (1)\" data-elementor-lightbox-description=\"3D Laser Scanning for Kitchen Remodeling\" data-e-action-hash=\"#elementor-action%3Aaction%3Dlightbox%26settings%3DeyJpZCI6MjQ2MywidXJsIjoiaHR0cHM6XC9cL3JpbmdzdGFkaGF2bmEuY29tXC93cC1jb250ZW50XC91cGxvYWRzXC8yMDI1XC8wNFwvM0QtTGFzZXItU2Nhbm5pbmctZm9yLUtpdGNoZW4tUmVtb2RlbGluZy0xLnBuZyIsInNsaWRlc2hvdyI6ImQ2MDA5NmIifQ%3D%3D\" href=\"https:\/\/ringstadhavna.com\/wp-content\/uploads\/2025\/04\/3D-Laser-Scanning-for-Kitchen-Remodeling-1.png\"><figure class=\"swiper-slide-inner\"><img class=\"swiper-slide-image swiper-lazy\" data-src=\"https:\/\/ringstadhavna.com\/wp-content\/uploads\/elementor\/thumbs\/3D-Laser-Scanning-for-Kitchen-Remodeling-1-r4hnc4p53pdp98mmlndgu7vmq5ebzdf5km9rgs9t5o.png\" alt=\"Escaneado l\u00e1ser 3D para la remodelaci\u00f3n de cocinas\" \/><div class=\"swiper-lazy-preloader\"><\/div><\/figure><\/a><\/div>\t\t\t<\/div>\n\t\t\t\t\t\t\t\t\t\t\t\t<div class=\"elementor-swiper-button elementor-swiper-button-prev\" role=\"button\" tabindex=\"0\">\n\t\t\t\t\t\t<svg aria-hidden=\"true\" class=\"e-font-icon-svg e-eicon-chevron-left\" viewbox=\"0 0 1000 1000\" xmlns=\"http:\/\/www.w3.org\/2000\/svg\"><path d=\"M646 125C629 125 613 133 604 142L308 442C296 454 292 471 292 487 292 504 296 521 308 533L604 854C617 867 629 875 646 875 663 875 679 871 692 858 704 846 713 829 713 812 713 796 708 779 692 767L438 487 692 225C700 217 708 204 708 187 708 171 704 154 692 142 675 129 663 125 646 125Z\"><\/path><\/svg>\t\t\t\t\t<\/div>\n\t\t\t\t\t<div class=\"elementor-swiper-button elementor-swiper-button-next\" role=\"button\" tabindex=\"0\">\n\t\t\t\t\t\t<svg aria-hidden=\"true\" class=\"e-font-icon-svg e-eicon-chevron-right\" viewbox=\"0 0 1000 1000\" xmlns=\"http:\/\/www.w3.org\/2000\/svg\"><path d=\"M696 533C708 521 713 504 713 487 713 471 708 454 696 446L400 146C388 133 375 125 354 125 338 125 325 129 313 142 300 154 292 171 292 187 292 204 296 221 308 233L563 492 304 771C292 783 288 800 288 817 288 833 296 850 308 863 321 871 338 875 354 875 371 875 388 867 400 854L696 533Z\"><\/path><\/svg>\t\t\t\t\t<\/div>\n\t\t\t\t\n\t\t\t\t\t\t\t\t\t<\/div>\n\t\t\t\t\t\t<\/div>\n\t\t\t\t<\/div>\n\t\t\t\t\t<\/div>\n\t\t\t\t<\/div>\n\t\t<div class=\"elementor-element elementor-element-6a26c5b e-flex e-con-boxed e-con e-parent\" data-id=\"6a26c5b\" data-element_type=\"container\" data-e-type=\"container\" data-settings=\"{&quot;background_background&quot;:&quot;classic&quot;,&quot;animation&quot;:&quot;none&quot;}\">\n\t\t\t\t\t<div class=\"e-con-inner\">\n\t\t\t\t<div class=\"elementor-element elementor-element-e04b15f elementor-invisible elementor-widget elementor-widget-text-editor\" data-id=\"e04b15f\" data-element_type=\"widget\" data-e-type=\"widget\" data-settings=\"{&quot;_animation&quot;:&quot;fadeInUp&quot;}\" data-widget_type=\"text-editor.default\">\n\t\t\t\t<div class=\"elementor-widget-container\">\n\t\t\t\t\t\t\t\t\t<h2>Nuestra soluci\u00f3n: Escaneado l\u00e1ser 3D y modelado<\/h2><p>Utilizando equipos de \u00faltima generaci\u00f3n, realizamos un escaneado completo del espacio de la cocina, capturando todas las superficies, desde paredes y suelos hasta ventanas, puertas y accesorios existentes. El resultado <strong>Modelo 3D<\/strong> proporcion\u00f3 un <strong>representaci\u00f3n visual y dimensional precisa<\/strong> de la cocina.<\/p><p>Con estos datos, generamos:<\/p><ul><li style=\"text-align: left;\"><strong>Planos precisos<\/strong><\/li><li style=\"text-align: left;\"><strong>Planos de alzado detallados<\/strong><\/li><li style=\"text-align: left;\"><strong>Documentaci\u00f3n digital para la colaboraci\u00f3n<\/strong><\/li><\/ul><p>Estos activos se entregaron directamente a la empresa de dise\u00f1o de cocinas, lo que agiliz\u00f3 su proceso y elimin\u00f3 las conjeturas.<\/p>\t\t\t\t\t\t\t\t<\/div>\n\t\t\t\t<\/div>\n\t\t\t\t\t<\/div>\n\t\t\t\t<\/div>\n\t\t<div class=\"elementor-element elementor-element-df4771a e-flex e-con-boxed e-con e-parent\" data-id=\"df4771a\" data-element_type=\"container\" data-e-type=\"container\" data-settings=\"{&quot;background_background&quot;:&quot;classic&quot;}\">\n\t\t\t\t\t<div class=\"e-con-inner\">\n\t\t\t\t<div class=\"elementor-element elementor-element-a75c6b3 animated-slow elementor-widget__width-initial elementor-invisible elementor-widget elementor-widget-heading\" data-id=\"a75c6b3\" data-element_type=\"widget\" data-e-type=\"widget\" data-settings=\"{&quot;_animation&quot;:&quot;slideInUp&quot;}\" data-widget_type=\"heading.default\">\n\t\t\t\t<div class=\"elementor-widget-container\">\n\t\t\t\t\t<h2 class=\"elementor-heading-title elementor-size-default\">\u00bfPor qu\u00e9 utilizar el escaneado l\u00e1ser 3D para renovar la cocina?<\/h2>\t\t\t\t<\/div>\n\t\t\t\t<\/div>\n\t\t\t\t<div class=\"elementor-element elementor-element-b7896a8 elementor-widget__width-initial elementor-invisible elementor-widget elementor-widget-text-editor\" data-id=\"b7896a8\" data-element_type=\"widget\" data-e-type=\"widget\" data-settings=\"{&quot;_animation&quot;:&quot;fadeInUp&quot;}\" data-widget_type=\"text-editor.default\">\n\t\t\t\t<div class=\"elementor-widget-container\">\n\t\t\t\t\t\t\t\t\t<h3 style=\"text-align: left;\">1. Medidas precisas en la cocina<\/h3><p>Los datos precisos eliminan costosos errores. Con el escaneado, cada mil\u00edmetro cuenta, y eso importa en los dise\u00f1os de cocina ajustados.<\/p>\t\t\t\t\t\t\t\t<\/div>\n\t\t\t\t<\/div>\n\t\t\t\t<div class=\"elementor-element elementor-element-a246da3 elementor-widget__width-initial elementor-invisible elementor-widget elementor-widget-text-editor\" data-id=\"a246da3\" data-element_type=\"widget\" data-e-type=\"widget\" data-settings=\"{&quot;_animation&quot;:&quot;fadeInUp&quot;}\" data-widget_type=\"text-editor.default\">\n\t\t\t\t<div class=\"elementor-widget-container\">\n\t\t\t\t\t\t\t\t\t<h3 style=\"text-align: left;\">2. Comunicaci\u00f3n clara entre las partes interesadas<\/h3><p>Los detallados modelos en 3D facilitaron <strong>propietarios, dise\u00f1adores y contratistas<\/strong> para visualizar y discutir cada detalle del proyecto.<\/p>\t\t\t\t\t\t\t\t<\/div>\n\t\t\t\t<\/div>\n\t\t\t\t<div class=\"elementor-element elementor-element-e4486da elementor-widget__width-initial elementor-invisible elementor-widget elementor-widget-text-editor\" data-id=\"e4486da\" data-element_type=\"widget\" data-e-type=\"widget\" data-settings=\"{&quot;_animation&quot;:&quot;fadeInUp&quot;}\" data-widget_type=\"text-editor.default\">\n\t\t\t\t<div class=\"elementor-widget-container\">\n\t\t\t\t\t\t\t\t\t<h3 style=\"text-align: left;\">3. Costes reducidos y plazos de entrega m\u00e1s r\u00e1pidos<\/h3><p>Una planificaci\u00f3n precisa ayud\u00f3 a evitar retrasos, reducir el desperdicio de material y acelerar los plazos de renovaci\u00f3n, lo que supuso un ahorro para ambas partes. <strong>tiempo y dinero<\/strong>.<\/p><p>M\u00e1s informaci\u00f3n <strong><a href=\"https:\/\/ringstadhavna.com\/es\/escaneado-3d\/\">Servicios de escaneado 3D<\/a><\/strong> y c\u00f3mo pueden simplificar su pr\u00f3xima renovaci\u00f3n.<\/p>\t\t\t\t\t\t\t\t<\/div>\n\t\t\t\t<\/div>\n\t\t\t\t\t<\/div>\n\t\t\t\t<\/div>\n\t\t<div class=\"elementor-element elementor-element-db71966 e-flex e-con-boxed e-con e-parent\" data-id=\"db71966\" data-element_type=\"container\" data-e-type=\"container\" data-settings=\"{&quot;background_background&quot;:&quot;classic&quot;}\">\n\t\t\t\t\t<div class=\"e-con-inner\">\n\t\t\t\t<div class=\"elementor-element elementor-element-05365e0 animated-slow elementor-widget__width-initial elementor-invisible elementor-widget elementor-widget-heading\" data-id=\"05365e0\" data-element_type=\"widget\" data-e-type=\"widget\" data-settings=\"{&quot;_animation&quot;:&quot;slideInUp&quot;}\" data-widget_type=\"heading.default\">\n\t\t\t\t<div class=\"elementor-widget-container\">\n\t\t\t\t\t<h2 class=\"elementor-heading-title elementor-size-default\">Satisfacci\u00f3n del cliente: Una cocina que encaja como un guante<\/h2>\t\t\t\t<\/div>\n\t\t\t\t<\/div>\n\t\t\t\t<div class=\"elementor-element elementor-element-067e1e1 elementor-widget__width-initial elementor-invisible elementor-widget elementor-widget-text-editor\" data-id=\"067e1e1\" data-element_type=\"widget\" data-e-type=\"widget\" data-settings=\"{&quot;_animation&quot;:&quot;fadeInUp&quot;}\" data-widget_type=\"text-editor.default\">\n\t\t\t\t<div class=\"elementor-widget-container\">\n\t\t\t\t\t\t\t\t\t<p>Gracias al escaneado 3D, el dise\u00f1o final se adapt\u00f3 perfectamente al espacio, se ajust\u00f3 a las expectativas del propietario y reflej\u00f3 la distribuci\u00f3n prevista por el equipo de dise\u00f1o de la cocina. Este proyecto pone de relieve c\u00f3mo <strong>la tecnolog\u00eda moderna puede mejorar la remodelaci\u00f3n tradicional<\/strong> flujos de trabajo.<\/p>\t\t\t\t\t\t\t\t<\/div>\n\t\t\t\t<\/div>\n\t\t\t\t\t<\/div>\n\t\t\t\t<\/div>\n\t\t<div class=\"elementor-element elementor-element-95fd14a e-grid e-con-boxed e-con e-parent\" data-id=\"95fd14a\" data-element_type=\"container\" data-e-type=\"container\" data-settings=\"{&quot;background_background&quot;:&quot;classic&quot;}\">\n\t\t\t\t\t<div class=\"e-con-inner\">\n\t\t\t\t<div class=\"elementor-element elementor-element-8104487 animated-slow elementor-widget__width-initial elementor-invisible elementor-widget elementor-widget-heading\" data-id=\"8104487\" data-element_type=\"widget\" data-e-type=\"widget\" data-settings=\"{&quot;_animation&quot;:&quot;slideInUp&quot;}\" data-widget_type=\"heading.default\">\n\t\t\t\t<div class=\"elementor-widget-container\">\n\t\t\t\t\t<h2 class=\"elementor-heading-title elementor-size-default\">\u00bfQuiere resultados similares? P\u00f3ngase en contacto con nosotros<\/h2>\t\t\t\t<\/div>\n\t\t\t\t<\/div>\n\t\t\t\t<div class=\"elementor-element elementor-element-9cef1e6 elementor-widget__width-initial elementor-invisible elementor-widget elementor-widget-text-editor\" data-id=\"9cef1e6\" data-element_type=\"widget\" data-e-type=\"widget\" data-settings=\"{&quot;_animation&quot;:&quot;fadeInUp&quot;}\" data-widget_type=\"text-editor.default\">\n\t\t\t\t<div class=\"elementor-widget-container\">\n\t\t\t\t\t\t\t\t\t<p>En Ringstadhavna, nos especializamos en la entrega de <strong>servicios punteros de escaneado 3D<\/strong> que apoyan proyectos de construcci\u00f3n, renovaci\u00f3n y dise\u00f1o en toda Noruega y m\u00e1s all\u00e1. Si est\u00e1 planificando una mejora de la cocina o una remodelaci\u00f3n m\u00e1s amplia, estamos aqu\u00ed para ayudarle.<\/p><p><strong>M\u00e1s informaci\u00f3n <a href=\"https:\/\/ringstadhavna.com\/es\/proyectos\/\"><span style=\"color: #ffffff;\">historias de \u00e9xito de proyectos<\/span><\/a><\/strong><\/p><p><strong><a href=\"https:\/\/ringstadhavna.com\/es\/contacto\/\"><span style=\"color: #ffffff;\">P\u00f3ngase en contacto con nuestro equipo<\/span><\/a><\/strong> para hablar de su pr\u00f3ximo proyecto.<\/p>\t\t\t\t\t\t\t\t<\/div>\n\t\t\t\t<\/div>\n\t\t\t\t\t<\/div>\n\t\t\t\t<\/div>\n\t\t<div class=\"elementor-element elementor-element-22bc161 e-flex e-con-boxed e-con e-parent\" data-id=\"22bc161\" data-element_type=\"container\" data-e-type=\"container\" data-settings=\"{&quot;background_background&quot;:&quot;classic&quot;}\">\n\t\t\t\t\t<div class=\"e-con-inner\">\n\t\t\t\t<div class=\"elementor-element elementor-element-b6dd088 elementor-invisible elementor-widget elementor-widget-text-editor\" data-id=\"b6dd088\" data-element_type=\"widget\" data-e-type=\"widget\" data-settings=\"{&quot;_animation&quot;:&quot;fadeInUp&quot;}\" data-widget_type=\"text-editor.default\">\n\t\t\t\t<div class=\"elementor-widget-container\">\n\t\t\t\t\t\t\t\t\t<h2>En resumen:<\/h2><p>El escaneado l\u00e1ser 3D no es s\u00f3lo una tendencia: es el futuro de la remodelaci\u00f3n de cocinas eficiente y sin errores. Tanto si es propietario, dise\u00f1ador o contratista, esta tecnolog\u00eda le ayuda a ahorrar tiempo, reducir costes y obtener mejores resultados.<\/p><p>Para profesionales de confianza <strong>Escaneado l\u00e1ser 3D para remodelaci\u00f3n de cocinas<\/strong>conf\u00ede en los expertos de <a href=\"https:\/\/ringstadhavna.com\/es\/\">Ringstadhavna<\/a>.<\/p>\t\t\t\t\t\t\t\t<\/div>\n\t\t\t\t<\/div>\n\t\t\t\t\t<\/div>\n\t\t\t\t<\/div>\n\t\t\t\t<\/div>","protected":false},"excerpt":{"rendered":"<p>3D Laser Scanning for Kitchen Remodeling: Precision in Every Detail Renovating a kitchen\u2014especially in an older home\u2014can be a complex task without access to reliable floor plans. That\u2019s where 3D laser scanning for kitchen remodeling becomes a game-changer. In this project, our team at Ringstadhavna successfully leveraged high-precision scanning technology to provide the homeowner and [&hellip;]<\/p>\n","protected":false},"author":3,"featured_media":2466,"parent":766,"menu_order":0,"comment_status":"closed","ping_status":"closed","template":"elementor_header_footer","meta":{"nf_dc_page":"","inline_featured_image":false,"site-sidebar-layout":"default","site-content-layout":"page-builder","ast-site-content-layout":"full-width-container","site-content-style":"unboxed","site-sidebar-style":"unboxed","ast-global-header-display":"","ast-banner-title-visibility":"","ast-main-header-display":"","ast-hfb-above-header-display":"","ast-hfb-below-header-display":"","ast-hfb-mobile-header-display":"","site-post-title":"disabled","ast-breadcrumbs-content":"","ast-featured-img":"disabled","footer-sml-layout":"","theme-transparent-header-meta":"enabled","adv-header-id-meta":"","stick-header-meta":"","header-above-stick-meta":"","header-main-stick-meta":"","header-below-stick-meta":"","astra-migrate-meta-layouts":"set","ast-page-background-enabled":"default","ast-page-background-meta":{"desktop":{"background-color":"","background-image":"","background-repeat":"repeat","background-position":"center center","background-size":"auto","background-attachment":"scroll","background-type":"","background-media":"","overlay-type":"","overlay-color":"","overlay-opacity":"","overlay-gradient":""},"tablet":{"background-color":"","background-image":"","background-repeat":"repeat","background-position":"center center","background-size":"auto","background-attachment":"scroll","background-type":"","background-media":"","overlay-type":"","overlay-color":"","overlay-opacity":"","overlay-gradient":""},"mobile":{"background-color":"","background-image":"","background-repeat":"repeat","background-position":"center center","background-size":"auto","background-attachment":"scroll","background-type":"","background-media":"","overlay-type":"","overlay-color":"","overlay-opacity":"","overlay-gradient":""}},"ast-content-background-meta":{"desktop":{"background-color":"var(--ast-global-color-5)","background-image":"","background-repeat":"repeat","background-position":"center center","background-size":"auto","background-attachment":"scroll","background-type":"","background-media":"","overlay-type":"","overlay-color":"","overlay-opacity":"","overlay-gradient":""},"tablet":{"background-color":"var(--ast-global-color-5)","background-image":"","background-repeat":"repeat","background-position":"center center","background-size":"auto","background-attachment":"scroll","background-type":"","background-media":"","overlay-type":"","overlay-color":"","overlay-opacity":"","overlay-gradient":""},"mobile":{"background-color":"var(--ast-global-color-5)","background-image":"","background-repeat":"repeat","background-position":"center center","background-size":"auto","background-attachment":"scroll","background-type":"","background-media":"","overlay-type":"","overlay-color":"","overlay-opacity":"","overlay-gradient":""}},"footnotes":""},"class_list":["post-2462","page","type-page","status-publish","has-post-thumbnail","hentry"],"aioseo_notices":[],"_links":{"self":[{"href":"https:\/\/ringstadhavna.com\/es\/wp-json\/wp\/v2\/pages\/2462","targetHints":{"allow":["GET"]}}],"collection":[{"href":"https:\/\/ringstadhavna.com\/es\/wp-json\/wp\/v2\/pages"}],"about":[{"href":"https:\/\/ringstadhavna.com\/es\/wp-json\/wp\/v2\/types\/page"}],"author":[{"embeddable":true,"href":"https:\/\/ringstadhavna.com\/es\/wp-json\/wp\/v2\/users\/3"}],"replies":[{"embeddable":true,"href":"https:\/\/ringstadhavna.com\/es\/wp-json\/wp\/v2\/comments?post=2462"}],"version-history":[{"count":7,"href":"https:\/\/ringstadhavna.com\/es\/wp-json\/wp\/v2\/pages\/2462\/revisions"}],"predecessor-version":[{"id":2476,"href":"https:\/\/ringstadhavna.com\/es\/wp-json\/wp\/v2\/pages\/2462\/revisions\/2476"}],"up":[{"embeddable":true,"href":"https:\/\/ringstadhavna.com\/es\/wp-json\/wp\/v2\/pages\/766"}],"wp:featuredmedia":[{"embeddable":true,"href":"https:\/\/ringstadhavna.com\/es\/wp-json\/wp\/v2\/media\/2466"}],"wp:attachment":[{"href":"https:\/\/ringstadhavna.com\/es\/wp-json\/wp\/v2\/media?parent=2462"}],"curies":[{"name":"wp","href":"https:\/\/api.w.org\/{rel}","templated":true}]}}