{"id":1517,"date":"2024-09-02T04:46:18","date_gmt":"2024-09-02T04:46:18","guid":{"rendered":"https:\/\/ringstadhavna.com\/?page_id=1517"},"modified":"2025-03-11T23:11:36","modified_gmt":"2025-03-11T23:11:36","slug":"impresion-3d","status":"publish","type":"page","link":"https:\/\/ringstadhavna.com\/es\/projects\/3d-printing\/","title":{"rendered":"Impresi\u00f3n 3D"},"content":{"rendered":"<div data-elementor-type=\"wp-post\" data-elementor-id=\"1517\" class=\"elementor elementor-1517\" data-elementor-post-type=\"page\">\n\t\t\t\t<div class=\"elementor-element elementor-element-65fa0c3 e-con-full e-flex e-con e-parent\" data-id=\"65fa0c3\" data-element_type=\"container\" data-e-type=\"container\" data-settings=\"{&quot;background_background&quot;:&quot;classic&quot;}\">\n\t\t<div class=\"elementor-element elementor-element-373b4fb e-con-full e-flex e-con e-child\" data-id=\"373b4fb\" data-element_type=\"container\" data-e-type=\"container\" data-settings=\"{&quot;background_background&quot;:&quot;gradient&quot;}\">\n\t\t\t\t<div class=\"elementor-element elementor-element-b5b41f1 animated-fast elementor-widget__width-initial elementor-widget-mobile__width-initial elementor-invisible elementor-widget elementor-widget-heading\" data-id=\"b5b41f1\" data-element_type=\"widget\" data-e-type=\"widget\" data-settings=\"{&quot;_animation&quot;:&quot;fadeInUp&quot;}\" data-widget_type=\"heading.default\">\n\t\t\t\t<div class=\"elementor-widget-container\">\n\t\t\t\t\t<h1 class=\"elementor-heading-title elementor-size-default\">Servicios de impresi\u00f3n 3D en Noruega <\/h1>\t\t\t\t<\/div>\n\t\t\t\t<\/div>\n\t\t\t\t<\/div>\n\t\t\t\t<\/div>\n\t\t<div class=\"elementor-element elementor-element-9872e7f e-flex e-con-boxed e-con e-parent\" data-id=\"9872e7f\" data-element_type=\"container\" data-e-type=\"container\" data-settings=\"{&quot;background_background&quot;:&quot;classic&quot;}\">\n\t\t\t\t\t<div class=\"e-con-inner\">\n\t\t\t\t<div class=\"elementor-element elementor-element-15ca459 elementor-invisible elementor-widget elementor-widget-text-editor\" data-id=\"15ca459\" data-element_type=\"widget\" data-e-type=\"widget\" data-settings=\"{&quot;_animation&quot;:&quot;fadeInUp&quot;}\" data-widget_type=\"text-editor.default\">\n\t\t\t\t<div class=\"elementor-widget-container\">\n\t\t\t\t\t\t\t\t\t<p>Liberar el potencial de <a href=\"https:\/\/ringstadhavna.com\/es\/\"><strong>impresi\u00f3n 3D profesional en Noruega<\/strong><\/a> con <strong>Ringstadhavna Bygg Design AS<\/strong>. Ofrecemos alta calidad <strong>Soluciones de impresi\u00f3n 3D<\/strong> para ayudarle a crear prototipos, probar y dar vida a sus dise\u00f1os con precisi\u00f3n y eficacia.<\/p>\t\t\t\t\t\t\t\t<\/div>\n\t\t\t\t<\/div>\n\t\t\t\t\t<\/div>\n\t\t\t\t<\/div>\n\t\t<div class=\"elementor-element elementor-element-a3d69a0 e-flex e-con-boxed e-con e-parent\" data-id=\"a3d69a0\" data-element_type=\"container\" data-e-type=\"container\" data-settings=\"{&quot;background_background&quot;:&quot;classic&quot;}\">\n\t\t\t\t\t<div class=\"e-con-inner\">\n\t\t\t\t<div class=\"elementor-element elementor-element-5736768 animated-slow elementor-widget__width-initial elementor-invisible elementor-widget elementor-widget-heading\" data-id=\"5736768\" data-element_type=\"widget\" data-e-type=\"widget\" data-settings=\"{&quot;_animation&quot;:&quot;slideInUp&quot;}\" data-widget_type=\"heading.default\">\n\t\t\t\t<div class=\"elementor-widget-container\">\n\t\t\t\t\t<h2 class=\"elementor-heading-title elementor-size-default\">\u00bfPor qu\u00e9 elegir nuestros servicios de impresi\u00f3n 3D?<\/h2>\t\t\t\t<\/div>\n\t\t\t\t<\/div>\n\t\t\t\t<div class=\"elementor-element elementor-element-bbc767a elementor-widget__width-initial elementor-invisible elementor-widget elementor-widget-text-editor\" data-id=\"bbc767a\" data-element_type=\"widget\" data-e-type=\"widget\" data-settings=\"{&quot;_animation&quot;:&quot;fadeInUp&quot;}\" data-widget_type=\"text-editor.default\">\n\t\t\t\t<div class=\"elementor-widget-container\">\n\t\t\t\t\t\t\t\t\t<ul><li><strong>Prototipos y pruebas de dise\u00f1o<\/strong> - Perfeccione sus ideas creando prototipos impresos en 3D precisos y funcionales.<\/li><li><strong>Herramientas y componentes personalizados<\/strong> - Fabricar piezas y equipos a medida para aplicaciones \u00fanicas.<\/li><li><strong>Sustituci\u00f3n de piezas descatalogadas<\/strong> - Reproduzca componentes antiguos o no disponibles con especificaciones exactas.<\/li><li><strong>Materiales de alta calidad<\/strong> - Garantice la durabilidad y el rendimiento con materiales de impresi\u00f3n de primera calidad.<\/li><\/ul>\t\t\t\t\t\t\t\t<\/div>\n\t\t\t\t<\/div>\n\t\t\t\t\t<\/div>\n\t\t\t\t<\/div>\n\t\t<div class=\"elementor-element elementor-element-e4caa9a e-flex e-con-boxed e-con e-parent\" data-id=\"e4caa9a\" data-element_type=\"container\" data-e-type=\"container\" data-settings=\"{&quot;background_background&quot;:&quot;classic&quot;}\">\n\t\t\t\t\t<div class=\"e-con-inner\">\n\t\t\t\t<div class=\"elementor-element elementor-element-d2895dc animated-slow elementor-widget__width-initial elementor-invisible elementor-widget elementor-widget-heading\" data-id=\"d2895dc\" data-element_type=\"widget\" data-e-type=\"widget\" data-settings=\"{&quot;_animation&quot;:&quot;slideInUp&quot;}\" data-widget_type=\"heading.default\">\n\t\t\t\t<div class=\"elementor-widget-container\">\n\t\t\t\t\t<h2 class=\"elementor-heading-title elementor-size-default\">Modelado 3D avanzado y cartograf\u00eda del terreno<\/h2>\t\t\t\t<\/div>\n\t\t\t\t<\/div>\n\t\t\t\t<div class=\"elementor-element elementor-element-0325342 elementor-widget__width-initial elementor-invisible elementor-widget elementor-widget-text-editor\" data-id=\"0325342\" data-element_type=\"widget\" data-e-type=\"widget\" data-settings=\"{&quot;_animation&quot;:&quot;fadeInUp&quot;}\" data-widget_type=\"text-editor.default\">\n\t\t\t\t<div class=\"elementor-widget-container\">\n\t\t\t\t\t\t\t\t\t<p>Integramos <strong>Mediciones 3D y cartograf\u00eda del terreno<\/strong> para crear <strong>modelos digitales del terreno (MDT)<\/strong> y <strong>modelos digitales de elevaci\u00f3n (MDE)<\/strong>. Esta tecnolog\u00eda garantiza una compatibilidad perfecta entre sus dise\u00f1os y sus entornos.<\/p>\t\t\t\t\t\t\t\t<\/div>\n\t\t\t\t<\/div>\n\t\t\t\t\t<\/div>\n\t\t\t\t<\/div>\n\t\t<div class=\"elementor-element elementor-element-5dc39d5 e-grid e-con-boxed e-con e-parent\" data-id=\"5dc39d5\" data-element_type=\"container\" data-e-type=\"container\" data-settings=\"{&quot;background_background&quot;:&quot;classic&quot;}\">\n\t\t\t\t\t<div class=\"e-con-inner\">\n\t\t\t\t<div class=\"elementor-element elementor-element-3067559 animated-slow elementor-widget__width-initial elementor-invisible elementor-widget elementor-widget-heading\" data-id=\"3067559\" data-element_type=\"widget\" data-e-type=\"widget\" data-settings=\"{&quot;_animation&quot;:&quot;slideInUp&quot;}\" data-widget_type=\"heading.default\">\n\t\t\t\t<div class=\"elementor-widget-container\">\n\t\t\t\t\t<h2 class=\"elementor-heading-title elementor-size-default\">Precisi\u00f3n con el equipo Prusa i3 MK3S+ original<\/h2>\t\t\t\t<\/div>\n\t\t\t\t<\/div>\n\t\t\t\t<div class=\"elementor-element elementor-element-07113bb elementor-widget__width-initial elementor-invisible elementor-widget elementor-widget-text-editor\" data-id=\"07113bb\" data-element_type=\"widget\" data-e-type=\"widget\" data-settings=\"{&quot;_animation&quot;:&quot;fadeInUp&quot;}\" data-widget_type=\"text-editor.default\">\n\t\t\t\t<div class=\"elementor-widget-container\">\n\t\t\t\t\t\t\t\t\t<p>Nuestros servicios de impresi\u00f3n 3D utilizan el <strong>Prusa i3 MK3S+ original<\/strong>es famosa por su fiabilidad, precisi\u00f3n y alta calidad de impresi\u00f3n. Esta impresora l\u00edder del sector garantiza la captura perfecta de cada detalle de su dise\u00f1o.<\/p>\t\t\t\t\t\t\t\t<\/div>\n\t\t\t\t<\/div>\n\t\t\t\t\t<\/div>\n\t\t\t\t<\/div>\n\t\t<div class=\"elementor-element elementor-element-cf09f70 e-flex e-con-boxed e-con e-parent\" data-id=\"cf09f70\" data-element_type=\"container\" data-e-type=\"container\" data-settings=\"{&quot;background_background&quot;:&quot;classic&quot;}\">\n\t\t\t\t\t<div class=\"e-con-inner\">\n\t\t\t\t<div class=\"elementor-element elementor-element-4064f4a animated-slow elementor-widget__width-initial elementor-invisible elementor-widget elementor-widget-heading\" data-id=\"4064f4a\" data-element_type=\"widget\" data-e-type=\"widget\" data-settings=\"{&quot;_animation&quot;:&quot;slideInUp&quot;}\" data-widget_type=\"heading.default\">\n\t\t\t\t<div class=\"elementor-widget-container\">\n\t\t\t\t\t<h2 class=\"elementor-heading-title elementor-size-default\">Planificaci\u00f3n perfecta con escaneado 3D<\/h2>\t\t\t\t<\/div>\n\t\t\t\t<\/div>\n\t\t\t\t<div class=\"elementor-element elementor-element-e9b9f22 elementor-widget__width-initial elementor-invisible elementor-widget elementor-widget-text-editor\" data-id=\"e9b9f22\" data-element_type=\"widget\" data-e-type=\"widget\" data-settings=\"{&quot;_animation&quot;:&quot;fadeInUp&quot;}\" data-widget_type=\"text-editor.default\">\n\t\t\t\t<div class=\"elementor-widget-container\">\n\t\t\t\t\t\t\t\t\t<p>Mejore su flujo de trabajo de dise\u00f1o con nuestro <a href=\"https:\/\/ringstadhavna.com\/es\/escaneado-3d\/\"><strong>Escaneado 3D<\/strong><\/a> servicios. Capture datos precisos y haga realidad sus ideas con un detalle excepcional.<\/p>\t\t\t\t\t\t\t\t<\/div>\n\t\t\t\t<\/div>\n\t\t\t\t\t<\/div>\n\t\t\t\t<\/div>\n\t\t<div class=\"elementor-element elementor-element-d530ad8 e-flex e-con-boxed e-con e-parent\" data-id=\"d530ad8\" data-element_type=\"container\" data-e-type=\"container\" data-settings=\"{&quot;background_background&quot;:&quot;classic&quot;}\">\n\t\t\t\t\t<div class=\"e-con-inner\">\n\t\t\t\t<div class=\"elementor-element elementor-element-0ae46f9 elementor-invisible elementor-widget elementor-widget-text-editor\" data-id=\"0ae46f9\" data-element_type=\"widget\" data-e-type=\"widget\" data-settings=\"{&quot;_animation&quot;:&quot;fadeInUp&quot;}\" data-widget_type=\"text-editor.default\">\n\t\t\t\t<div class=\"elementor-widget-container\">\n\t\t\t\t\t\t\t\t\t<h3><strong>Explore nuestros proyectos<\/strong><\/h3><p>Vea c\u00f3mo <strong>Ringstadhavna Bygg Design AS<\/strong> da vida a la innovaci\u00f3n en nuestro <a href=\"https:\/\/ringstadhavna.com\/es\/proyectos\/\"><strong>Proyectos<\/strong><\/a> p\u00e1gina. Desde dise\u00f1os arquitect\u00f3nicos hasta piezas personalizadas, transformamos las ideas en realidad. M\u00e1s informaci\u00f3n <a href=\"https:\/\/ringstadhavna.com\/es\/impresion-3d\/\"><strong>Impresi\u00f3n 3D<\/strong><\/a> y c\u00f3mo podemos ayudarle en sus proyectos.<\/p>\t\t\t\t\t\t\t\t<\/div>\n\t\t\t\t<\/div>\n\t\t\t\t\t<\/div>\n\t\t\t\t<\/div>\n\t\t\t\t<\/div>","protected":false},"excerpt":{"rendered":"<p>3D Printing Services in Norway Unlock the potential of professional 3D printing in Norway with Ringstadhavna Bygg Design AS. We offer high-quality 3D printing solutions to help you prototype, test, and bring your designs to life with precision and efficiency. Why Choose Our 3D Printing Services? Design Prototyping &amp; Testing \u2013 Perfect your ideas by [&hellip;]<\/p>\n","protected":false},"author":1,"featured_media":2291,"parent":766,"menu_order":0,"comment_status":"closed","ping_status":"closed","template":"","meta":{"nf_dc_page":"","inline_featured_image":false,"site-sidebar-layout":"default","site-content-layout":"page-builder","ast-site-content-layout":"full-width-container","site-content-style":"unboxed","site-sidebar-style":"unboxed","ast-global-header-display":"","ast-banner-title-visibility":"","ast-main-header-display":"","ast-hfb-above-header-display":"","ast-hfb-below-header-display":"","ast-hfb-mobile-header-display":"","site-post-title":"disabled","ast-breadcrumbs-content":"","ast-featured-img":"disabled","footer-sml-layout":"","theme-transparent-header-meta":"enabled","adv-header-id-meta":"","stick-header-meta":"","header-above-stick-meta":"","header-main-stick-meta":"","header-below-stick-meta":"","astra-migrate-meta-layouts":"set","ast-page-background-enabled":"default","ast-page-background-meta":{"desktop":{"background-color":"","background-image":"","background-repeat":"repeat","background-position":"center center","background-size":"auto","background-attachment":"scroll","background-type":"","background-media":"","overlay-type":"","overlay-color":"","overlay-opacity":"","overlay-gradient":""},"tablet":{"background-color":"","background-image":"","background-repeat":"repeat","background-position":"center center","background-size":"auto","background-attachment":"scroll","background-type":"","background-media":"","overlay-type":"","overlay-color":"","overlay-opacity":"","overlay-gradient":""},"mobile":{"background-color":"","background-image":"","background-repeat":"repeat","background-position":"center center","background-size":"auto","background-attachment":"scroll","background-type":"","background-media":"","overlay-type":"","overlay-color":"","overlay-opacity":"","overlay-gradient":""}},"ast-content-background-meta":{"desktop":{"background-color":"var(--ast-global-color-5)","background-image":"","background-repeat":"repeat","background-position":"center center","background-size":"auto","background-attachment":"scroll","background-type":"","background-media":"","overlay-type":"","overlay-color":"","overlay-opacity":"","overlay-gradient":""},"tablet":{"background-color":"var(--ast-global-color-5)","background-image":"","background-repeat":"repeat","background-position":"center center","background-size":"auto","background-attachment":"scroll","background-type":"","background-media":"","overlay-type":"","overlay-color":"","overlay-opacity":"","overlay-gradient":""},"mobile":{"background-color":"var(--ast-global-color-5)","background-image":"","background-repeat":"repeat","background-position":"center center","background-size":"auto","background-attachment":"scroll","background-type":"","background-media":"","overlay-type":"","overlay-color":"","overlay-opacity":"","overlay-gradient":""}},"footnotes":""},"class_list":["post-1517","page","type-page","status-publish","has-post-thumbnail","hentry"],"aioseo_notices":[],"_links":{"self":[{"href":"https:\/\/ringstadhavna.com\/es\/wp-json\/wp\/v2\/pages\/1517","targetHints":{"allow":["GET"]}}],"collection":[{"href":"https:\/\/ringstadhavna.com\/es\/wp-json\/wp\/v2\/pages"}],"about":[{"href":"https:\/\/ringstadhavna.com\/es\/wp-json\/wp\/v2\/types\/page"}],"author":[{"embeddable":true,"href":"https:\/\/ringstadhavna.com\/es\/wp-json\/wp\/v2\/users\/1"}],"replies":[{"embeddable":true,"href":"https:\/\/ringstadhavna.com\/es\/wp-json\/wp\/v2\/comments?post=1517"}],"version-history":[{"count":7,"href":"https:\/\/ringstadhavna.com\/es\/wp-json\/wp\/v2\/pages\/1517\/revisions"}],"predecessor-version":[{"id":2294,"href":"https:\/\/ringstadhavna.com\/es\/wp-json\/wp\/v2\/pages\/1517\/revisions\/2294"}],"up":[{"embeddable":true,"href":"https:\/\/ringstadhavna.com\/es\/wp-json\/wp\/v2\/pages\/766"}],"wp:featuredmedia":[{"embeddable":true,"href":"https:\/\/ringstadhavna.com\/es\/wp-json\/wp\/v2\/media\/2291"}],"wp:attachment":[{"href":"https:\/\/ringstadhavna.com\/es\/wp-json\/wp\/v2\/media?parent=1517"}],"curies":[{"name":"wp","href":"https:\/\/api.w.org\/{rel}","templated":true}]}}