{"id":1294,"date":"2024-06-18T09:00:39","date_gmt":"2024-06-18T09:00:39","guid":{"rendered":"https:\/\/ringstadhavna.com\/?page_id=1294"},"modified":"2025-04-11T17:46:27","modified_gmt":"2025-04-11T17:46:27","slug":"garajes","status":"publish","type":"page","link":"https:\/\/ringstadhavna.com\/es\/projects\/garages\/","title":{"rendered":"Garajes"},"content":{"rendered":"<div data-elementor-type=\"wp-post\" data-elementor-id=\"1294\" class=\"elementor elementor-1294\" data-elementor-post-type=\"page\">\n\t\t\t\t<div class=\"elementor-element elementor-element-a988164 e-con-full e-flex e-con e-parent\" data-id=\"a988164\" data-element_type=\"container\" data-e-type=\"container\" data-settings=\"{&quot;background_background&quot;:&quot;classic&quot;}\">\n\t\t<div class=\"elementor-element elementor-element-3c5b94c e-con-full e-flex e-con e-child\" data-id=\"3c5b94c\" data-element_type=\"container\" data-e-type=\"container\" data-settings=\"{&quot;background_background&quot;:&quot;gradient&quot;}\">\n\t\t\t\t<div class=\"elementor-element elementor-element-f14c0c8 animated-fast elementor-widget__width-initial elementor-widget-mobile__width-initial elementor-invisible elementor-widget elementor-widget-heading\" data-id=\"f14c0c8\" data-element_type=\"widget\" data-e-type=\"widget\" data-settings=\"{&quot;_animation&quot;:&quot;fadeInUp&quot;}\" data-widget_type=\"heading.default\">\n\t\t\t\t<div class=\"elementor-widget-container\">\n\t\t\t\t\t<h1 class=\"elementor-heading-title elementor-size-default\">Garajes a medida <\/br>Dise\u00f1o y planificaci\u00f3n a medida <\/h1>\t\t\t\t<\/div>\n\t\t\t\t<\/div>\n\t\t\t\t<\/div>\n\t\t\t\t<\/div>\n\t\t<div class=\"elementor-element elementor-element-3529acb e-flex e-con-boxed e-con e-parent\" data-id=\"3529acb\" data-element_type=\"container\" data-e-type=\"container\" data-settings=\"{&quot;background_background&quot;:&quot;classic&quot;}\">\n\t\t\t\t\t<div class=\"e-con-inner\">\n\t\t\t\t<div class=\"elementor-element elementor-element-6c969a1 elementor-invisible elementor-widget elementor-widget-text-editor\" data-id=\"6c969a1\" data-element_type=\"widget\" data-e-type=\"widget\" data-settings=\"{&quot;_animation&quot;:&quot;fadeInUp&quot;}\" data-widget_type=\"text-editor.default\">\n\t\t\t\t<div class=\"elementor-widget-container\">\n\t\t\t\t\t\t\t\t\t<p>En busca de <strong>dise\u00f1o y planificaci\u00f3n de garajes a medida<\/strong>? <strong>Ringstadhavna Bygg Design AS<\/strong> se especializa en <strong>crear proyectos de garaje a medida<\/strong> <strong>en Noruega<\/strong> que se adaptan perfectamente al estilo y dise\u00f1o de su hogar. <a href=\"https:\/\/ringstadhavna.com\/es\/equipo\/\">Nuestro equipo<\/a> garantiza que su proyecto de garaje complemente la arquitectura de su propiedad al tiempo que proporciona un espacio funcional y duradero.<\/p>\t\t\t\t\t\t\t\t<\/div>\n\t\t\t\t<\/div>\n\t\t\t\t\t<\/div>\n\t\t\t\t<\/div>\n\t\t<div class=\"elementor-element elementor-element-96a8d33 e-flex e-con-boxed e-con e-parent\" data-id=\"96a8d33\" data-element_type=\"container\" data-e-type=\"container\" data-settings=\"{&quot;background_background&quot;:&quot;classic&quot;}\">\n\t\t\t\t\t<div class=\"e-con-inner\">\n\t\t\t\t<div class=\"elementor-element elementor-element-9357ac9 elementor-widget elementor-widget-gallery\" data-id=\"9357ac9\" data-element_type=\"widget\" data-e-type=\"widget\" data-settings=\"{&quot;lazyload&quot;:&quot;yes&quot;,&quot;gallery_layout&quot;:&quot;grid&quot;,&quot;columns&quot;:4,&quot;columns_tablet&quot;:2,&quot;columns_mobile&quot;:1,&quot;gap&quot;:{&quot;unit&quot;:&quot;px&quot;,&quot;size&quot;:10,&quot;sizes&quot;:[]},&quot;gap_tablet&quot;:{&quot;unit&quot;:&quot;px&quot;,&quot;size&quot;:10,&quot;sizes&quot;:[]},&quot;gap_mobile&quot;:{&quot;unit&quot;:&quot;px&quot;,&quot;size&quot;:10,&quot;sizes&quot;:[]},&quot;link_to&quot;:&quot;file&quot;,&quot;aspect_ratio&quot;:&quot;3:2&quot;,&quot;overlay_background&quot;:&quot;yes&quot;,&quot;content_hover_animation&quot;:&quot;fade-in&quot;}\" data-widget_type=\"gallery.default\">\n\t\t\t\t<div class=\"elementor-widget-container\">\n\t\t\t\t\t\t\t<div class=\"elementor-gallery__container\">\n\t\t\t\t\t\t\t<a class=\"e-gallery-item elementor-gallery-item elementor-animated-content\" href=\"https:\/\/ringstadhavna.com\/wp-content\/uploads\/2025\/04\/Custom-garages-Projects-1.webp\" data-elementor-open-lightbox=\"yes\" data-elementor-lightbox-slideshow=\"9357ac9\" data-elementor-lightbox-title=\"Custom garages - Projects -1\" data-elementor-lightbox-description=\"Custom garages - Projects\" data-e-action-hash=\"#elementor-action%3Aaction%3Dlightbox%26settings%3DeyJpZCI6MjM3MywidXJsIjoiaHR0cHM6XC9cL3JpbmdzdGFkaGF2bmEuY29tXC93cC1jb250ZW50XC91cGxvYWRzXC8yMDI1XC8wNFwvQ3VzdG9tLWdhcmFnZXMtUHJvamVjdHMtMS53ZWJwIiwic2xpZGVzaG93IjoiOTM1N2FjOSJ9\">\n\t\t\t\t\t<div class=\"e-gallery-image elementor-gallery-item__image\" data-thumbnail=\"https:\/\/ringstadhavna.com\/wp-content\/uploads\/2025\/04\/Custom-garages-Projects-1-300x135.webp\" data-width=\"300\" data-height=\"135\" aria-label=\"Garajes a medida - Proyectos\" role=\"img\" ><\/div>\n\t\t\t\t\t\t\t\t\t\t\t<div class=\"elementor-gallery-item__overlay\"><\/div>\n\t\t\t\t\t\t\t\t\t\t\t\t\t\t<\/a>\n\t\t\t\t\t\t\t<a class=\"e-gallery-item elementor-gallery-item elementor-animated-content\" href=\"https:\/\/ringstadhavna.com\/wp-content\/uploads\/2025\/04\/Custom-garages-Projects-2.webp\" data-elementor-open-lightbox=\"yes\" data-elementor-lightbox-slideshow=\"9357ac9\" data-elementor-lightbox-title=\"Custom garages - Projects -2\" data-elementor-lightbox-description=\"Custom garages - Projects\" data-e-action-hash=\"#elementor-action%3Aaction%3Dlightbox%26settings%3DeyJpZCI6MjM3NCwidXJsIjoiaHR0cHM6XC9cL3JpbmdzdGFkaGF2bmEuY29tXC93cC1jb250ZW50XC91cGxvYWRzXC8yMDI1XC8wNFwvQ3VzdG9tLWdhcmFnZXMtUHJvamVjdHMtMi53ZWJwIiwic2xpZGVzaG93IjoiOTM1N2FjOSJ9\">\n\t\t\t\t\t<div class=\"e-gallery-image elementor-gallery-item__image\" data-thumbnail=\"https:\/\/ringstadhavna.com\/wp-content\/uploads\/2025\/04\/Custom-garages-Projects-2-300x135.webp\" data-width=\"300\" data-height=\"135\" aria-label=\"Garajes a medida - Proyectos\" role=\"img\" ><\/div>\n\t\t\t\t\t\t\t\t\t\t\t<div class=\"elementor-gallery-item__overlay\"><\/div>\n\t\t\t\t\t\t\t\t\t\t\t\t\t\t<\/a>\n\t\t\t\t\t\t\t<a class=\"e-gallery-item elementor-gallery-item elementor-animated-content\" href=\"https:\/\/ringstadhavna.com\/wp-content\/uploads\/2025\/04\/Custom-garages-Projects-3.webp\" data-elementor-open-lightbox=\"yes\" data-elementor-lightbox-slideshow=\"9357ac9\" data-elementor-lightbox-title=\"Custom garages - Projects -3\" data-elementor-lightbox-description=\"Custom garages - Projects\" data-e-action-hash=\"#elementor-action%3Aaction%3Dlightbox%26settings%3DeyJpZCI6MjM3NSwidXJsIjoiaHR0cHM6XC9cL3JpbmdzdGFkaGF2bmEuY29tXC93cC1jb250ZW50XC91cGxvYWRzXC8yMDI1XC8wNFwvQ3VzdG9tLWdhcmFnZXMtUHJvamVjdHMtMy53ZWJwIiwic2xpZGVzaG93IjoiOTM1N2FjOSJ9\">\n\t\t\t\t\t<div class=\"e-gallery-image elementor-gallery-item__image\" data-thumbnail=\"https:\/\/ringstadhavna.com\/wp-content\/uploads\/2025\/04\/Custom-garages-Projects-3-300x135.webp\" data-width=\"300\" data-height=\"135\" aria-label=\"Garajes a medida - Proyectos\" role=\"img\" ><\/div>\n\t\t\t\t\t\t\t\t\t\t\t<div class=\"elementor-gallery-item__overlay\"><\/div>\n\t\t\t\t\t\t\t\t\t\t\t\t\t\t<\/a>\n\t\t\t\t\t\t\t<a class=\"e-gallery-item elementor-gallery-item elementor-animated-content\" href=\"https:\/\/ringstadhavna.com\/wp-content\/uploads\/2025\/04\/Custom-garages-Projects-4.webp\" data-elementor-open-lightbox=\"yes\" data-elementor-lightbox-slideshow=\"9357ac9\" data-elementor-lightbox-title=\"Custom garages - Projects -4\" data-elementor-lightbox-description=\"Custom garages - Projects\" data-e-action-hash=\"#elementor-action%3Aaction%3Dlightbox%26settings%3DeyJpZCI6MjM3NiwidXJsIjoiaHR0cHM6XC9cL3JpbmdzdGFkaGF2bmEuY29tXC93cC1jb250ZW50XC91cGxvYWRzXC8yMDI1XC8wNFwvQ3VzdG9tLWdhcmFnZXMtUHJvamVjdHMtNC53ZWJwIiwic2xpZGVzaG93IjoiOTM1N2FjOSJ9\">\n\t\t\t\t\t<div class=\"e-gallery-image elementor-gallery-item__image\" data-thumbnail=\"https:\/\/ringstadhavna.com\/wp-content\/uploads\/2025\/04\/Custom-garages-Projects-4-300x221.webp\" data-width=\"300\" data-height=\"221\" aria-label=\"Garajes a medida - Proyectos\" role=\"img\" ><\/div>\n\t\t\t\t\t\t\t\t\t\t\t<div class=\"elementor-gallery-item__overlay\"><\/div>\n\t\t\t\t\t\t\t\t\t\t\t\t\t\t<\/a>\n\t\t\t\t\t<\/div>\n\t\t\t\t\t<\/div>\n\t\t\t\t<\/div>\n\t\t\t\t\t<\/div>\n\t\t\t\t<\/div>\n\t\t<div class=\"elementor-element elementor-element-5a87f8d e-flex e-con-boxed e-con e-parent\" data-id=\"5a87f8d\" data-element_type=\"container\" data-e-type=\"container\" data-settings=\"{&quot;background_background&quot;:&quot;classic&quot;}\">\n\t\t\t\t\t<div class=\"e-con-inner\">\n\t\t\t\t<div class=\"elementor-element elementor-element-532d724 animated-slow elementor-widget__width-initial elementor-invisible elementor-widget elementor-widget-heading\" data-id=\"532d724\" data-element_type=\"widget\" data-e-type=\"widget\" data-settings=\"{&quot;_animation&quot;:&quot;slideInUp&quot;}\" data-widget_type=\"heading.default\">\n\t\t\t\t<div class=\"elementor-widget-container\">\n\t\t\t\t\t<h2 class=\"elementor-heading-title elementor-size-default\">\u00bfPor qu\u00e9 elegir nuestros servicios de dise\u00f1o de garajes?<\/h2>\t\t\t\t<\/div>\n\t\t\t\t<\/div>\n\t\t\t\t<div class=\"elementor-element elementor-element-452ea57 elementor-widget__width-initial elementor-invisible elementor-widget elementor-widget-text-editor\" data-id=\"452ea57\" data-element_type=\"widget\" data-e-type=\"widget\" data-settings=\"{&quot;_animation&quot;:&quot;fadeInUp&quot;}\" data-widget_type=\"text-editor.default\">\n\t\t\t\t<div class=\"elementor-widget-container\">\n\t\t\t\t\t\t\t\t\t<ul><li><strong>A la medida del estilo de su hogar<\/strong> - Cada proyecto de garaje se dise\u00f1a para armonizar con la est\u00e9tica y el dise\u00f1o existentes en su vivienda.<\/li><li><strong>Visualizar antes de construir<\/strong> - Nuestro experto <strong>delineantes t\u00e9cnicos en Noruega<\/strong> crear visualizaciones detalladas que le permitan ver el aspecto final del proyecto antes de que empiece la construcci\u00f3n.<\/li><li><strong>Soluciones de construcci\u00f3n vers\u00e1tiles<\/strong> - No s\u00f3lo dise\u00f1amos garajes nuevos, sino tambi\u00e9n <strong>crear proyectos de reconversi\u00f3n de edificios antiguos, como graneros, en apartamentos y tiendas singulares<\/strong>conservando su encanto original y su dise\u00f1o exterior.<\/li><li><strong>Redacci\u00f3n y planificaci\u00f3n de alta calidad<\/strong> - Nuestro compromiso con la calidad garantiza que cada proyecto se planifique con precisi\u00f3n y atenci\u00f3n al detalle.<\/li><\/ul>\t\t\t\t\t\t\t\t<\/div>\n\t\t\t\t<\/div>\n\t\t<div class=\"elementor-element elementor-element-6aa5591 e-con-full e-flex e-con e-child\" data-id=\"6aa5591\" data-element_type=\"container\" data-e-type=\"container\">\n\t\t\t\t<div class=\"elementor-element elementor-element-c89776e elementor-invisible elementor-widget elementor-widget-video\" data-id=\"c89776e\" data-element_type=\"widget\" data-e-type=\"widget\" data-settings=\"{&quot;video_type&quot;:&quot;hosted&quot;,&quot;_animation&quot;:&quot;fadeInUp&quot;,&quot;controls&quot;:&quot;yes&quot;}\" data-widget_type=\"video.default\">\n\t\t\t\t<div class=\"elementor-widget-container\">\n\t\t\t\t\t\t\t<div class=\"e-hosted-video elementor-wrapper elementor-open-inline\">\n\t\t\t\t\t<video class=\"elementor-video\" src=\"https:\/\/ringstadhavna.com\/wp-content\/uploads\/2025\/04\/Point-cloud-Garages.mp4\" controls=\"\" preload=\"metadata\" controlslist=\"nodownload\"><\/video>\n\t\t\t\t<\/div>\n\t\t\t\t\t\t<\/div>\n\t\t\t\t<\/div>\n\t\t\t\t<\/div>\n\t\t\t\t\t<\/div>\n\t\t\t\t<\/div>\n\t\t<div class=\"elementor-element elementor-element-7730602 e-flex e-con-boxed e-con e-parent\" data-id=\"7730602\" data-element_type=\"container\" data-e-type=\"container\" data-settings=\"{&quot;background_background&quot;:&quot;classic&quot;}\">\n\t\t\t\t\t<div class=\"e-con-inner\">\n\t\t\t\t<div class=\"elementor-element elementor-element-bb7fd44 animated-slow elementor-widget__width-initial elementor-invisible elementor-widget elementor-widget-heading\" data-id=\"bb7fd44\" data-element_type=\"widget\" data-e-type=\"widget\" data-settings=\"{&quot;_animation&quot;:&quot;slideInUp&quot;}\" data-widget_type=\"heading.default\">\n\t\t\t\t<div class=\"elementor-widget-container\">\n\t\t\t\t\t<h2 class=\"elementor-heading-title elementor-size-default\">Escaneado 3D avanzado para mayor precisi\u00f3n<\/h2>\t\t\t\t<\/div>\n\t\t\t\t<\/div>\n\t\t\t\t<div class=\"elementor-element elementor-element-2bad5a1 elementor-widget__width-initial elementor-invisible elementor-widget elementor-widget-text-editor\" data-id=\"2bad5a1\" data-element_type=\"widget\" data-e-type=\"widget\" data-settings=\"{&quot;_animation&quot;:&quot;fadeInUp&quot;}\" data-widget_type=\"text-editor.default\">\n\t\t\t\t<div class=\"elementor-widget-container\">\n\t\t\t\t\t\t\t\t\t<p>Aumente la precisi\u00f3n de su proyecto con nuestro <a href=\"https:\/\/ringstadhavna.com\/es\/escaneado-3d\/\"><strong>Escaneado 3D<\/strong><\/a> servicios. Nuestra avanzada tecnolog\u00eda de escaneado garantiza que cada elemento del dise\u00f1o se ajuste perfectamente a su visi\u00f3n.<\/p>\t\t\t\t\t\t\t\t<\/div>\n\t\t\t\t<\/div>\n\t\t\t\t\t<\/div>\n\t\t\t\t<\/div>\n\t\t<div class=\"elementor-element elementor-element-0d31b11 e-grid e-con-boxed e-con e-parent\" data-id=\"0d31b11\" data-element_type=\"container\" data-e-type=\"container\" data-settings=\"{&quot;background_background&quot;:&quot;classic&quot;}\">\n\t\t\t\t\t<div class=\"e-con-inner\">\n\t\t\t\t<div class=\"elementor-element elementor-element-3c2e127 animated-slow elementor-widget__width-initial elementor-invisible elementor-widget elementor-widget-heading\" data-id=\"3c2e127\" data-element_type=\"widget\" data-e-type=\"widget\" data-settings=\"{&quot;_animation&quot;:&quot;slideInUp&quot;}\" data-widget_type=\"heading.default\">\n\t\t\t\t<div class=\"elementor-widget-container\">\n\t\t\t\t\t<h2 class=\"elementor-heading-title elementor-size-default\">Transformar viejas estructuras<\/h2>\t\t\t\t<\/div>\n\t\t\t\t<\/div>\n\t\t\t\t<div class=\"elementor-element elementor-element-2064dd4 elementor-widget__width-initial elementor-invisible elementor-widget elementor-widget-text-editor\" data-id=\"2064dd4\" data-element_type=\"widget\" data-e-type=\"widget\" data-settings=\"{&quot;_animation&quot;:&quot;fadeInUp&quot;}\" data-widget_type=\"text-editor.default\">\n\t\t\t\t<div class=\"elementor-widget-container\">\n\t\t\t\t\t\t\t\t\t<p>En <span style=\"color: #ffffff;\"><a style=\"color: #ffffff;\" href=\"https:\/\/ringstadhavna.com\/es\/\"><strong>Ringstadhavna Bygg Design AS<\/strong><\/a><\/span>Creemos en la preservaci\u00f3n de la historia sin renunciar a la funcionalidad moderna. En <strong>crear proyectos para convertir graneros hist\u00f3ricos en garajes, apartamentos o tiendas a medida<\/strong>manteniendo su estilo \u00fanico y reduciendo el impacto medioambiental.<\/p>\t\t\t\t\t\t\t\t<\/div>\n\t\t\t\t<\/div>\n\t\t\t\t\t<\/div>\n\t\t\t\t<\/div>\n\t\t<div class=\"elementor-element elementor-element-143ae9f e-flex e-con-boxed e-con e-parent\" data-id=\"143ae9f\" data-element_type=\"container\" data-e-type=\"container\" data-settings=\"{&quot;background_background&quot;:&quot;classic&quot;}\">\n\t\t\t\t\t<div class=\"e-con-inner\">\n\t\t\t\t<div class=\"elementor-element elementor-element-7e502ed elementor-invisible elementor-widget elementor-widget-text-editor\" data-id=\"7e502ed\" data-element_type=\"widget\" data-e-type=\"widget\" data-settings=\"{&quot;_animation&quot;:&quot;fadeInUp&quot;}\" data-widget_type=\"text-editor.default\">\n\t\t\t\t<div class=\"elementor-widget-container\">\n\t\t\t\t\t\t\t\t\t<h3><strong>Explore nuestros proyectos<\/strong><\/h3><p>Descubra m\u00e1s soluciones innovadoras para la construcci\u00f3n en nuestra <a href=\"https:\/\/ringstadhavna.com\/es\/escaneado-3d\/\"><strong>Proyectos<\/strong><\/a> y vea c\u00f3mo damos vida a visiones arquitect\u00f3nicas en toda Noruega. Descubre c\u00f3mo transformamos estructuras hist\u00f3ricas en obras maestras modernas.<\/p>\t\t\t\t\t\t\t\t<\/div>\n\t\t\t\t<\/div>\n\t\t\t\t\t<\/div>\n\t\t\t\t<\/div>\n\t\t\t\t<\/div>","protected":false},"excerpt":{"rendered":"<p>Custom Garages Tailored Design &#038; Planning Looking for custom garage design and plannin? Ringstadhavna Bygg Design AS specializes in creating bespoke garage projects in Norway that perfectly adapt to the style and design of your home. Our team ensures your garage project complements your property\u2019s architecture while providing functional and durable space. Why Choose Our [&hellip;]<\/p>\n","protected":false},"author":2,"featured_media":2244,"parent":766,"menu_order":0,"comment_status":"closed","ping_status":"closed","template":"","meta":{"nf_dc_page":"","inline_featured_image":false,"site-sidebar-layout":"default","site-content-layout":"page-builder","ast-site-content-layout":"full-width-container","site-content-style":"unboxed","site-sidebar-style":"unboxed","ast-global-header-display":"","ast-banner-title-visibility":"","ast-main-header-display":"","ast-hfb-above-header-display":"","ast-hfb-below-header-display":"","ast-hfb-mobile-header-display":"","site-post-title":"disabled","ast-breadcrumbs-content":"","ast-featured-img":"disabled","footer-sml-layout":"","theme-transparent-header-meta":"enabled","adv-header-id-meta":"","stick-header-meta":"","header-above-stick-meta":"","header-main-stick-meta":"","header-below-stick-meta":"","astra-migrate-meta-layouts":"set","ast-page-background-enabled":"default","ast-page-background-meta":{"desktop":{"background-color":"","background-image":"","background-repeat":"repeat","background-position":"center center","background-size":"auto","background-attachment":"scroll","background-type":"","background-media":"","overlay-type":"","overlay-color":"","overlay-opacity":"","overlay-gradient":""},"tablet":{"background-color":"","background-image":"","background-repeat":"repeat","background-position":"center center","background-size":"auto","background-attachment":"scroll","background-type":"","background-media":"","overlay-type":"","overlay-color":"","overlay-opacity":"","overlay-gradient":""},"mobile":{"background-color":"","background-image":"","background-repeat":"repeat","background-position":"center center","background-size":"auto","background-attachment":"scroll","background-type":"","background-media":"","overlay-type":"","overlay-color":"","overlay-opacity":"","overlay-gradient":""}},"ast-content-background-meta":{"desktop":{"background-color":"var(--ast-global-color-5)","background-image":"","background-repeat":"repeat","background-position":"center center","background-size":"auto","background-attachment":"scroll","background-type":"","background-media":"","overlay-type":"","overlay-color":"","overlay-opacity":"","overlay-gradient":""},"tablet":{"background-color":"var(--ast-global-color-5)","background-image":"","background-repeat":"repeat","background-position":"center center","background-size":"auto","background-attachment":"scroll","background-type":"","background-media":"","overlay-type":"","overlay-color":"","overlay-opacity":"","overlay-gradient":""},"mobile":{"background-color":"var(--ast-global-color-5)","background-image":"","background-repeat":"repeat","background-position":"center center","background-size":"auto","background-attachment":"scroll","background-type":"","background-media":"","overlay-type":"","overlay-color":"","overlay-opacity":"","overlay-gradient":""}},"footnotes":""},"class_list":["post-1294","page","type-page","status-publish","has-post-thumbnail","hentry"],"aioseo_notices":[],"_links":{"self":[{"href":"https:\/\/ringstadhavna.com\/es\/wp-json\/wp\/v2\/pages\/1294","targetHints":{"allow":["GET"]}}],"collection":[{"href":"https:\/\/ringstadhavna.com\/es\/wp-json\/wp\/v2\/pages"}],"about":[{"href":"https:\/\/ringstadhavna.com\/es\/wp-json\/wp\/v2\/types\/page"}],"author":[{"embeddable":true,"href":"https:\/\/ringstadhavna.com\/es\/wp-json\/wp\/v2\/users\/2"}],"replies":[{"embeddable":true,"href":"https:\/\/ringstadhavna.com\/es\/wp-json\/wp\/v2\/comments?post=1294"}],"version-history":[{"count":19,"href":"https:\/\/ringstadhavna.com\/es\/wp-json\/wp\/v2\/pages\/1294\/revisions"}],"predecessor-version":[{"id":2390,"href":"https:\/\/ringstadhavna.com\/es\/wp-json\/wp\/v2\/pages\/1294\/revisions\/2390"}],"up":[{"embeddable":true,"href":"https:\/\/ringstadhavna.com\/es\/wp-json\/wp\/v2\/pages\/766"}],"wp:featuredmedia":[{"embeddable":true,"href":"https:\/\/ringstadhavna.com\/es\/wp-json\/wp\/v2\/media\/2244"}],"wp:attachment":[{"href":"https:\/\/ringstadhavna.com\/es\/wp-json\/wp\/v2\/media?parent=1294"}],"curies":[{"name":"wp","href":"https:\/\/api.w.org\/{rel}","templated":true}]}}